{"id":48341,"date":"2017-09-30T18:23:23","date_gmt":"2017-09-30T16:23:23","guid":{"rendered":"http:\/\/www.mirsa.es.mialias.net\/gloster-muebles-de-exterior\/"},"modified":"2024-05-17T13:24:32","modified_gmt":"2024-05-17T13:24:32","slug":"gloster-muebles-de-exterior","status":"publish","type":"page","link":"https:\/\/www.mirsa.es\/ca\/gloster-muebles-de-exterior\/","title":{"rendered":"Gloster mobles d&#8217;exterior"},"content":{"rendered":"<div class=\"wpb-content-wrapper\"><p>[vc_row css=&#8221;.vc_custom_1583596731269{margin-left: -50px !important;}&#8221;][vc_column][vc_column_text]<a href=\"javascript:history.go(-1)\" onmouseover=\"self.status=document.referrer;return true\" style=\"color: black;\">Enrere<\/a>[\/vc_column_text][\/vc_column][\/vc_row][vc_row][vc_column][vc_column_text]<\/p>\n<h5><img decoding=\"async\" class=\"wp-image-1077 size-large aligncenter\" title=\"Gloster mobles d'exterior\" src=\"\/wp-content\/uploads\/2020\/06\/gloster_muebles_exterior_portada.jpg\" alt=\"Gloster mobles d'exterior\" width=\"100%\" height=\"400\" \/><\/h5>\n<p style=\"font-size: 16px; text-align: left;\"><strong>Gloster \u00e9s una prestigiosa firma de mobiliari d\u2019exterior que es caracteritza pel disseny elegant i intemporal de totes les seves col\u00b7leccions.<\/strong><\/p>\n<p style=\"font-size: 16px; text-align: left;\">La marca alemanya destaca per la seva experi\u00e8ncia en el tractament de la fusta de teca, oferint un extens cat\u00e0leg de productes.<\/p>\n<p style=\"font-size: 16px; text-align: left;\">Gloster combina les t\u00e8cniques m\u00e9s avan\u00e7ades amb procediments artesanals en la producci\u00f3 de tots els seus productes, que es defineixen per la seva resist\u00e8ncia i qualitat. La teca \u00e9s una tipologia de fusta que garanteix al m\u00e0xim la resist\u00e8ncia de les peces davant les inclem\u00e8ncies meteorol\u00f2giques, allargant aix\u00ed la vida \u00fatil del producte.<\/p>\n<p style=\"font-size: 16px; text-align: left;\">A MIRSA interiorisme &#038; mobiliari som distribu\u00efdors oficials de mobles Gloster. Per a m\u00e9s informaci\u00f3 visiti la nostra exposici\u00f3 o contacti amb nosaltres.<\/p>\n<p>[\/vc_column_text][\/vc_column][\/vc_row]<\/p>\n<\/div>","protected":false},"excerpt":{"rendered":"<p>[vc_row css=&#8221;.vc_custom_1583596731269{margin-left: -50px !important;}&#8221;][vc_column][vc_column_text]Enrere[\/vc_column_text][\/vc_column][\/vc_row][vc_row][vc_column][vc_column_text] Gloster \u00e9s una prestigiosa firma de mobiliari d\u2019exterior que es caracteritza pel disseny elegant i intemporal de totes les seves col\u00b7leccions. La marca alemanya destaca per la seva experi\u00e8ncia en el tractament de la fusta de teca, oferint un extens cat\u00e0leg de productes. Gloster combina les t\u00e8cniques m\u00e9s avan\u00e7ades amb procediments [&hellip;]<\/p>\n","protected":false},"author":1,"featured_media":0,"parent":0,"menu_order":0,"comment_status":"closed","ping_status":"closed","template":"","meta":{"footnotes":""},"class_list":["post-48341","page","type-page","status-publish","hentry"],"aioseo_notices":[],"_links":{"self":[{"href":"https:\/\/www.mirsa.es\/ca\/wp-json\/wp\/v2\/pages\/48341","targetHints":{"allow":["GET"]}}],"collection":[{"href":"https:\/\/www.mirsa.es\/ca\/wp-json\/wp\/v2\/pages"}],"about":[{"href":"https:\/\/www.mirsa.es\/ca\/wp-json\/wp\/v2\/types\/page"}],"author":[{"embeddable":true,"href":"https:\/\/www.mirsa.es\/ca\/wp-json\/wp\/v2\/users\/1"}],"replies":[{"embeddable":true,"href":"https:\/\/www.mirsa.es\/ca\/wp-json\/wp\/v2\/comments?post=48341"}],"version-history":[{"count":0,"href":"https:\/\/www.mirsa.es\/ca\/wp-json\/wp\/v2\/pages\/48341\/revisions"}],"wp:attachment":[{"href":"https:\/\/www.mirsa.es\/ca\/wp-json\/wp\/v2\/media?parent=48341"}],"curies":[{"name":"wp","href":"https:\/\/api.w.org\/{rel}","templated":true}]}}