{"id":48331,"date":"2018-06-08T12:41:54","date_gmt":"2018-06-08T10:41:54","guid":{"rendered":"http:\/\/www.mirsa.es.mialias.net\/glas-italia-muebles\/"},"modified":"2024-05-17T13:20:37","modified_gmt":"2024-05-17T13:20:37","slug":"glas-italia-muebles","status":"publish","type":"page","link":"https:\/\/www.mirsa.es\/ca\/glas-italia-muebles\/","title":{"rendered":"Glas Italia Mobles"},"content":{"rendered":"<div class=\"wpb-content-wrapper\"><p>[vc_row css=&#8221;.vc_custom_1583596731269{margin-left: -50px !important;}&#8221;][vc_column][vc_column_text]<a style=\"color:black;\" href=\"javascript:history.go(-1)\" onmouseover=\"self.status=document.referrer;return true\">Enrere<\/a>[\/vc_column_text][\/vc_column][\/vc_row][vc_row][vc_column][vc_column_text]<\/p>\n<h5><img decoding=\"async\" class=\"wp-image-1077 size-large aligncenter\" title=\"Glas Italia Mobles\" src=\"\/wp-content\/uploads\/2020\/06\/glas_italia_mobiliario.jpg\" alt=\"Glas Italia Mobles\" width=\"100%\" height=\"400\" \/><\/h5>\n<p style=\"font-size: 16px; text-align: left;\"><strong>Glas Italia \u00e9s una prestigiosa firma dedicada a la fabricaci\u00f3 de mobiliari d\u2019alta gamma que destaca per la seva \u00e0mplia experi\u00e8ncia en el sector.<\/strong><\/p>\n<p style=\"font-size: 16px; text-align: left;\">Nascuda a principis dels anys 70, la marca es caracteritza pel disseny de peces \u00faniques i exclusives, que incorporen vidre tallat d\u2019alta qualitat com a principal senya d\u2019identitat.<\/p>\n<p style=\"font-size: 16px; text-align: left;\">Prestigiosos dissenyadors i arquitectes com Piero Lissoni, Ron Gilad, Jean-Marie Massaud o Jasper Morrison han treballat per a la firma. El refinament i l\u2019originalitat de les seves peces han fet de Glas Italia tota una refer\u00e8ncia mundial al m\u00f3n del disseny.<\/p>\n<p>[\/vc_column_text][\/vc_column][\/vc_row][vc_section][vc_row full_width=&#8221;stretch_row_content_no_spaces&#8221;][vc_column][vc_column_text]<iframe id=\"embedded-ads-iframe-website\" width=\"100%\" height=\"600\" data-originsrc=\"https:\/\/mirsa.daloom.com\/es\/productos\/mobiliario\/brand_glas-italia\"><\/iframe><script defer src=\"https:\/\/mirsa.daloom.com\/js\/parent-embedded-script.min.js\"><\/script>[\/vc_column_text][\/vc_column][\/vc_row][\/vc_section]<\/p>\n<\/div>","protected":false},"excerpt":{"rendered":"<p>[vc_row css=&#8221;.vc_custom_1583596731269{margin-left: -50px !important;}&#8221;][vc_column][vc_column_text]Enrere[\/vc_column_text][\/vc_column][\/vc_row][vc_row][vc_column][vc_column_text] Glas Italia \u00e9s una prestigiosa firma dedicada a la fabricaci\u00f3 de mobiliari d\u2019alta gamma que destaca per la seva \u00e0mplia experi\u00e8ncia en el sector. Nascuda a principis dels anys 70, la marca es caracteritza pel disseny de peces \u00faniques i exclusives, que incorporen vidre tallat d\u2019alta qualitat com a principal senya [&hellip;]<\/p>\n","protected":false},"author":1,"featured_media":0,"parent":0,"menu_order":0,"comment_status":"closed","ping_status":"closed","template":"","meta":{"footnotes":""},"class_list":["post-48331","page","type-page","status-publish","hentry"],"aioseo_notices":[],"_links":{"self":[{"href":"https:\/\/www.mirsa.es\/ca\/wp-json\/wp\/v2\/pages\/48331","targetHints":{"allow":["GET"]}}],"collection":[{"href":"https:\/\/www.mirsa.es\/ca\/wp-json\/wp\/v2\/pages"}],"about":[{"href":"https:\/\/www.mirsa.es\/ca\/wp-json\/wp\/v2\/types\/page"}],"author":[{"embeddable":true,"href":"https:\/\/www.mirsa.es\/ca\/wp-json\/wp\/v2\/users\/1"}],"replies":[{"embeddable":true,"href":"https:\/\/www.mirsa.es\/ca\/wp-json\/wp\/v2\/comments?post=48331"}],"version-history":[{"count":0,"href":"https:\/\/www.mirsa.es\/ca\/wp-json\/wp\/v2\/pages\/48331\/revisions"}],"wp:attachment":[{"href":"https:\/\/www.mirsa.es\/ca\/wp-json\/wp\/v2\/media?parent=48331"}],"curies":[{"name":"wp","href":"https:\/\/api.w.org\/{rel}","templated":true}]}}