{"id":48327,"date":"2018-10-27T12:48:17","date_gmt":"2018-10-27T10:48:17","guid":{"rendered":"http:\/\/www.mirsa.es.mialias.net\/gio-ponti-colecciones\/"},"modified":"2024-05-31T17:03:05","modified_gmt":"2024-05-31T17:03:05","slug":"gio-ponti-colecciones","status":"publish","type":"page","link":"https:\/\/www.mirsa.es\/ca\/gio-ponti-colecciones\/","title":{"rendered":"Gio Ponti Col\u00b7leccions"},"content":{"rendered":"<div class=\"wpb-content-wrapper\"><p>[vc_section][vc_row full_width=&#8221;stretch_row_content&#8221;][vc_column][vc_column_text]<a style=\"color:black;\" href=\"javascript:history.go(-1)\" onmouseover=\"self.status=document.referrer;return true\">Atr\u00e1s<\/a>[\/vc_column_text][\/vc_column][\/vc_row][vc_row full_width=&#8221;stretch_row_content&#8221; css=&#8221;.vc_custom_1589961005492{margin-top: -15px !important;}&#8221;][vc_column width=&#8221;1\/3&#8243;]<div  class=\"wpb_content_element   clearfix\"><style type=\"text\/css\">#ut_am_6a092365d2c06 { opacity: 1; }#ut_am_wrap_6a092365d2c07 { text-align: left; }@media (min-width: 768px) and (max-width: 1024px) { #ut_am_wrap_6a092365d2c07 { text-align: left !important; } }@media (max-width: 767px) { #ut_am_wrap_6a092365d2c07 { text-align: center !important; } }<\/style><div id=\"ut_am_wrap_6a092365d2c07\" class=\"ut-image-gallery-image \"><div id=\"ut_reveal_6a092365d2c08\"  data-appear-top-offset=\"auto\" class=\"ut-animated-image-item ut-image-gallery-item ut-animation-done \"><a class=\"ut-deactivated-link\" href=\"#\"><div class=\"ut-animated-image-zoom\">\r\n        <div class=\"ut-element-glitch-wrap\">\r\n\r\n            \r\n        <style type=\"text\/css\">\r\n\r\n                        \r\n        @media (min-width: 1025px) {\r\n\r\n        #ut-element-glitch-6a092365d2c36202496261-30247 .ut-glitch-single-element {\r\n                                            \r\n                }\r\n        }\r\n\r\n        @media (min-width: 768px) and (max-width: 1024px) {\r\n\r\n        #ut-element-glitch-6a092365d2c36202496261-30247 .ut-glitch-single-element {\r\n                                                \r\n                    }\r\n        }\r\n\r\n        @media (max-width: 767px) {\r\n\r\n        #ut-element-glitch-6a092365d2c36202496261-30247 .ut-glitch-single-element {\r\n                                                \r\n                    }\r\n        }\r\n\r\n        \r\n        <\/style>\r\n\r\n        \r\n            <div id=\"ut-element-glitch-6a092365d2c36202496261-30247\" class=\" ut-element-glitch ut-glitch-none ut-element-glitch-permanent\">\r\n                <div class=\"ut-glitch-single-element ut-lozad skip-lazy\" data-background-image=\"https:\/\/www.mirsa.es\/wp-content\/uploads\/2020\/05\/gio_ponti.jpg\"><\/div>\r\n                <div class=\"ut-glitch-single-element ut-lozad skip-lazy\" data-background-image=\"https:\/\/www.mirsa.es\/wp-content\/uploads\/2020\/05\/gio_ponti.jpg\"><\/div>\r\n                <div class=\"ut-glitch-single-element ut-lozad skip-lazy\" data-background-image=\"https:\/\/www.mirsa.es\/wp-content\/uploads\/2020\/05\/gio_ponti.jpg\"><\/div>\r\n                <div class=\"ut-glitch-single-element ut-lozad skip-lazy\" data-background-image=\"https:\/\/www.mirsa.es\/wp-content\/uploads\/2020\/05\/gio_ponti.jpg\"><\/div>\r\n                <div class=\"ut-glitch-single-element ut-lozad skip-lazy\" data-background-image=\"https:\/\/www.mirsa.es\/wp-content\/uploads\/2020\/05\/gio_ponti.jpg\"><\/div>\r\n            <\/div>\r\n\r\n        <\/div>\r\n\r\n        <img loading=\"lazy\" decoding=\"async\" class=\"ut-lazy skip-lazy ut-animated-image \"  id=\"ut_am_6a092365d2c06\" src=\"data:image\/svg+xml;charset=utf-8,%3Csvg xmlns%3D'http%3A%2F%2Fwww.w3.org%2F2000%2Fsvg' viewBox%3D'0 0 600 600'%2F%3E\" data-src=\"https:\/\/www.mirsa.es\/wp-content\/uploads\/2020\/05\/gio_ponti.jpg\" width=\"600\" height=\"600\" alt=\"\"\/><\/div><\/a><\/div><\/div><\/div>[\/vc_column][vc_column width=&#8221;2\/3&#8243;][vc_column_text]Gio Ponti va ser un prestigi\u00f3s dissenyador itali\u00e0 nascut a Mil\u00e0 al 1891 considerat un dels dissenyadors italians m\u00e9s importants del segle XX.<\/p>\n<p>Llicenciat en arquitectura a la prestigiosa Universitat de Mil\u00e0 l&#8217;any 1921, pocs anys despr\u00e9s s&#8217;associa amb Emilio Lancia i Mino Fiocchi per a desenvolupar els seus primers projectes.<\/p>\n<p>La creaci\u00f3 de la revista Domus al 1928, que va dirigir fins la data de la seva mort, marca un punt d&#8217;inflexi\u00f3 a la seva carrera.<\/p>\n<p>La seva influ\u00e8ncia en el m\u00f3n del disseny creix de manera espectacular durant els primers anys de vida de la revista i Gio Ponti es converteix en una refer\u00e8ncia per a arquitectes i interioristes d&#8217;arreu del m\u00f3n.<\/p>\n<p>Ponti va contribuir amb els seus projectes a modernitzar per complet el concepte de &#8220;disseny itali\u00e0&#8221;, aportant noves idees i valor a les col\u00b7leccions.<\/p>\n<p>L&#8217;arquitecte itali\u00e0 va ser un dels principals impulsors dels premis Compasso D&#8217;Oro i ADI (Associaci\u00f3 de Disseny Industrial), considerats actualment com els m\u00e9s importants al m\u00f3n del disseny.<\/p>\n<p>El gratacel de la firma Pirelli, el Palazzo Montecatini o la reconeguda cadira Superleggera per a Cassina s\u00f3n algunes de les obres m\u00e9s famoses.<\/p>\n<p>A MIRSA interiorisme &amp; mobiliari disposem d&#8217;una selecci\u00f3 de les millors col\u00b7leccions de Gio Ponti. Per a m\u00e9s informaci\u00f3, visiti el nostre Showroom o contacti amb nosaltres.<\/p>\n<p>[\/vc_column_text][\/vc_column][\/vc_row][vc_row full_width=&#8221;stretch_row_content_no_spaces&#8221; css=&#8221;.vc_custom_1589960397272{margin-top: -20px !important;}&#8221;][vc_column][vc_separator color=&#8221;custom&#8221; accent_color=&#8221;#c7c2ba&#8221;][\/vc_column][\/vc_row][vc_row full_width=&#8221;stretch_row_content&#8221; css=&#8221;.vc_custom_1589964968246{margin-top: -20px !important;}&#8221;][vc_column][vc_column_text]<iframe id=\"embedded-ads-iframe-website\" width=\"100%\" height=\"600\" data-originsrc=\"https:\/\/mirsa.daloom.com\/es\/productos\/disenadore_gio-ponti\"><\/iframe><br \/>\n<script defer src=\"https:\/\/mirsa.daloom.com\/js\/parent-embedded-script.min.js\"><\/script>[\/vc_column_text][\/vc_column][\/vc_row][\/vc_section]<\/p>\n<\/div>","protected":false},"excerpt":{"rendered":"<p>[vc_section][vc_row full_width=&#8221;stretch_row_content&#8221;][vc_column][vc_column_text]Atr\u00e1s[\/vc_column_text][\/vc_column][\/vc_row][vc_row full_width=&#8221;stretch_row_content&#8221; css=&#8221;.vc_custom_1589961005492{margin-top: -15px !important;}&#8221;][vc_column width=&#8221;1\/3&#8243;][\/vc_column][vc_column width=&#8221;2\/3&#8243;][vc_column_text]Gio Ponti va ser un prestigi\u00f3s dissenyador itali\u00e0 nascut a Mil\u00e0 al 1891 considerat un dels dissenyadors italians m\u00e9s importants del segle XX. Llicenciat en arquitectura a la prestigiosa Universitat de Mil\u00e0 l&#8217;any 1921, pocs anys despr\u00e9s s&#8217;associa amb Emilio Lancia i Mino Fiocchi per a desenvolupar els [&hellip;]<\/p>\n","protected":false},"author":1,"featured_media":0,"parent":0,"menu_order":0,"comment_status":"closed","ping_status":"closed","template":"","meta":{"footnotes":""},"class_list":["post-48327","page","type-page","status-publish","hentry"],"aioseo_notices":[],"_links":{"self":[{"href":"https:\/\/www.mirsa.es\/ca\/wp-json\/wp\/v2\/pages\/48327","targetHints":{"allow":["GET"]}}],"collection":[{"href":"https:\/\/www.mirsa.es\/ca\/wp-json\/wp\/v2\/pages"}],"about":[{"href":"https:\/\/www.mirsa.es\/ca\/wp-json\/wp\/v2\/types\/page"}],"author":[{"embeddable":true,"href":"https:\/\/www.mirsa.es\/ca\/wp-json\/wp\/v2\/users\/1"}],"replies":[{"embeddable":true,"href":"https:\/\/www.mirsa.es\/ca\/wp-json\/wp\/v2\/comments?post=48327"}],"version-history":[{"count":0,"href":"https:\/\/www.mirsa.es\/ca\/wp-json\/wp\/v2\/pages\/48327\/revisions"}],"wp:attachment":[{"href":"https:\/\/www.mirsa.es\/ca\/wp-json\/wp\/v2\/media?parent=48327"}],"curies":[{"name":"wp","href":"https:\/\/api.w.org\/{rel}","templated":true}]}}