{"id":48315,"date":"2018-03-01T10:45:19","date_gmt":"2018-03-01T09:45:19","guid":{"rendered":"http:\/\/www.mirsa.es.mialias.net\/gervasoni-muebles\/"},"modified":"2024-05-17T13:10:25","modified_gmt":"2024-05-17T13:10:25","slug":"gervasoni-muebles","status":"publish","type":"page","link":"https:\/\/www.mirsa.es\/ca\/gervasoni-muebles\/","title":{"rendered":"Gervasoni mobles"},"content":{"rendered":"<div class=\"wpb-content-wrapper\"><p>[vc_row css=&#8221;.vc_custom_1583596731269{margin-left: -50px !important;}&#8221;][vc_column][vc_column_text]<a style=\"color:black;\" href=\"javascript:history.go(-1)\" onmouseover=\"self.status=document.referrer;return true\">Enrere<\/a>[\/vc_column_text][\/vc_column][\/vc_row][vc_row][vc_column][vc_column_text]<\/p>\n<h5><img decoding=\"async\" class=\"wp-image-1077 size-large aligncenter\" title=\"Gervasoni Muebles\" src=\"\/wp-content\/uploads\/2020\/06\/gervasoni_muebles.jpg\" alt=\"Gervasoni Muebles\" width=\"100%\" height=\"400\" \/><\/h5>\n<p style=\"font-size: 16px; text-align: left;\"><strong>Gervasoni \u00e9s una prestigiosa firma italiana de mobiliari de disseny que compta amb m\u00e9s de 130 anys d\u2019hist\u00f2ria.<\/strong><\/p>\n<p style=\"font-size: 16px; text-align: left;\">Durant la seva extensa traject\u00f2ria, la firma ha experimentat multitud de canvis en la l\u00ednia est\u00e8tica de les seves col\u00b7leccions.<\/p>\n<p style=\"font-size: 16px; text-align: left;\">La firma ha comptat amb la col\u00b7laboraci\u00f3 d\u2019alguns dissenyadors de talla mundial per a la realitzaci\u00f3 d\u2019alguns dels seus projectes, com Marco Piva, Michael Sodeau o Jasper Startup.<\/p>\n<p style=\"font-size: 16px; text-align: left;\">A MIRSA interiorisme &#038; mobiliari som distribu\u00efdors oficials de productes Gervasoni. Per a m\u00e9s informaci\u00f3, visiti el nostre Showroom o contacti amb nosaltres.<\/p>\n<p>[\/vc_column_text][\/vc_column][\/vc_row][vc_section][vc_row full_width=&#8221;stretch_row_content_no_spaces&#8221;][vc_column][vc_column_text]<iframe id=\"embedded-ads-iframe-website\" width=\"100%\" height=\"600\" data-originsrc=\"https:\/\/mirsa.daloom.com\/es\/productos\/mobiliario\/brand_gervasoni\"><\/iframe><br \/>\n<script defer src=\"https:\/\/mirsa.daloom.com\/js\/parent-embedded-script.min.js\"><\/script>[\/vc_column_text][\/vc_column][\/vc_row][\/vc_section]<\/p>\n<\/div>","protected":false},"excerpt":{"rendered":"<p>[vc_row css=&#8221;.vc_custom_1583596731269{margin-left: -50px !important;}&#8221;][vc_column][vc_column_text]Enrere[\/vc_column_text][\/vc_column][\/vc_row][vc_row][vc_column][vc_column_text] Gervasoni \u00e9s una prestigiosa firma italiana de mobiliari de disseny que compta amb m\u00e9s de 130 anys d\u2019hist\u00f2ria. Durant la seva extensa traject\u00f2ria, la firma ha experimentat multitud de canvis en la l\u00ednia est\u00e8tica de les seves col\u00b7leccions. La firma ha comptat amb la col\u00b7laboraci\u00f3 d\u2019alguns dissenyadors de talla mundial per [&hellip;]<\/p>\n","protected":false},"author":1,"featured_media":0,"parent":0,"menu_order":0,"comment_status":"closed","ping_status":"closed","template":"","meta":{"footnotes":""},"class_list":["post-48315","page","type-page","status-publish","hentry"],"aioseo_notices":[],"_links":{"self":[{"href":"https:\/\/www.mirsa.es\/ca\/wp-json\/wp\/v2\/pages\/48315","targetHints":{"allow":["GET"]}}],"collection":[{"href":"https:\/\/www.mirsa.es\/ca\/wp-json\/wp\/v2\/pages"}],"about":[{"href":"https:\/\/www.mirsa.es\/ca\/wp-json\/wp\/v2\/types\/page"}],"author":[{"embeddable":true,"href":"https:\/\/www.mirsa.es\/ca\/wp-json\/wp\/v2\/users\/1"}],"replies":[{"embeddable":true,"href":"https:\/\/www.mirsa.es\/ca\/wp-json\/wp\/v2\/comments?post=48315"}],"version-history":[{"count":0,"href":"https:\/\/www.mirsa.es\/ca\/wp-json\/wp\/v2\/pages\/48315\/revisions"}],"wp:attachment":[{"href":"https:\/\/www.mirsa.es\/ca\/wp-json\/wp\/v2\/media?parent=48315"}],"curies":[{"name":"wp","href":"https:\/\/api.w.org\/{rel}","templated":true}]}}