{"id":48286,"date":"2018-06-07T19:06:41","date_gmt":"2018-06-07T17:06:41","guid":{"rendered":"http:\/\/www.mirsa.es.mialias.net\/gan-rugs-alfombras\/"},"modified":"2024-05-17T11:07:25","modified_gmt":"2024-05-17T11:07:25","slug":"gan-rugs-alfombras","status":"publish","type":"page","link":"https:\/\/www.mirsa.es\/ca\/gan-rugs-alfombras\/","title":{"rendered":"GAN Rugs Catifes"},"content":{"rendered":"<div class=\"wpb-content-wrapper\"><p>[vc_row css=&#8221;.vc_custom_1583596731269{margin-left: -50px !important;}&#8221;][vc_column][vc_column_text]<a style=\"color:black;\" href=\"javascript:history.go(-1)\" onmouseover=\"self.status=document.referrer;return true\">Enrere<\/a>[\/vc_column_text][\/vc_column][\/vc_row][vc_row][vc_column][vc_column_text]<\/p>\n<h5><img decoding=\"async\" class=\"wp-image-1077 size-large aligncenter\" title=\"GAN Rugs Alfombras\" src=\"\/wp-content\/uploads\/2020\/06\/Gan.jpg\" alt=\"GAN Rugs Alfombras\" width=\"100%\" height=\"400\" \/><\/h5>\n<p style=\"font-size: 16px; text-align: left;\"><strong>GAN Rugs \u00e9s reconeguda firma dedicada a la fabricaci\u00f3 de catifes de disseny d\u2019alta gamma. Fundada a finals dels anys 80. \u00c9s la marca original de la qual va sorgir Gandia Blasco, enfocada a la fabricaci\u00f3 de mobles d\u2019exterior.<\/strong><\/p>\n<p style=\"font-size: 16px; text-align: left;\">Artesania i disseny defineixen a la perfecci\u00f3 l\u2019ess\u00e8ncia de GAN Rugs, un concepte de producte que marca la diferencia gr\u00e0cies als seus processos de producci\u00f3 artesanals.<\/p>\n<p style=\"font-size: 16px; text-align: left;\">Les catifes de la marca es conceben com quelcom m\u00e9s que un simple complement de decoraci\u00f3, sin\u00f3 que representen un conjunt de formes i volums que redefineixen l\u2019habitatge.<\/p>\n<p style=\"font-size: 16px; text-align: left;\">A MIRSA interiorisme &#038; mobiliari disposem d\u2019una extensa col\u00b7lecci\u00f3 de productes GAN Rugs. Per a m\u00e9s informaci\u00f3, visiti el nostre Showroom o contacti amb nosaltres.<\/p>\n<p>[\/vc_column_text][\/vc_column][\/vc_row][vc_section][vc_row full_width=&#8221;stretch_row_content_no_spaces&#8221;][vc_column][vc_column_text]<iframe id=\"embedded-ads-iframe-website\" width=\"100%\" height=\"600\" data-originsrc=\"https:\/\/mirsa.daloom.com\/es\/productos\/alfombras\/brand_gan\"><\/iframe><br \/>\n<script defer src=\"https:\/\/mirsa.daloom.com\/js\/parent-embedded-script.min.js\"><\/script>[\/vc_column_text][\/vc_column][\/vc_row][\/vc_section]<\/p>\n<\/div>","protected":false},"excerpt":{"rendered":"<p>[vc_row css=&#8221;.vc_custom_1583596731269{margin-left: -50px !important;}&#8221;][vc_column][vc_column_text]Enrere[\/vc_column_text][\/vc_column][\/vc_row][vc_row][vc_column][vc_column_text] GAN Rugs \u00e9s reconeguda firma dedicada a la fabricaci\u00f3 de catifes de disseny d\u2019alta gamma. Fundada a finals dels anys 80. \u00c9s la marca original de la qual va sorgir Gandia Blasco, enfocada a la fabricaci\u00f3 de mobles d\u2019exterior. Artesania i disseny defineixen a la perfecci\u00f3 l\u2019ess\u00e8ncia de GAN Rugs, un [&hellip;]<\/p>\n","protected":false},"author":1,"featured_media":0,"parent":0,"menu_order":0,"comment_status":"closed","ping_status":"closed","template":"","meta":{"footnotes":""},"class_list":["post-48286","page","type-page","status-publish","hentry"],"aioseo_notices":[],"_links":{"self":[{"href":"https:\/\/www.mirsa.es\/ca\/wp-json\/wp\/v2\/pages\/48286","targetHints":{"allow":["GET"]}}],"collection":[{"href":"https:\/\/www.mirsa.es\/ca\/wp-json\/wp\/v2\/pages"}],"about":[{"href":"https:\/\/www.mirsa.es\/ca\/wp-json\/wp\/v2\/types\/page"}],"author":[{"embeddable":true,"href":"https:\/\/www.mirsa.es\/ca\/wp-json\/wp\/v2\/users\/1"}],"replies":[{"embeddable":true,"href":"https:\/\/www.mirsa.es\/ca\/wp-json\/wp\/v2\/comments?post=48286"}],"version-history":[{"count":0,"href":"https:\/\/www.mirsa.es\/ca\/wp-json\/wp\/v2\/pages\/48286\/revisions"}],"wp:attachment":[{"href":"https:\/\/www.mirsa.es\/ca\/wp-json\/wp\/v2\/media?parent=48286"}],"curies":[{"name":"wp","href":"https:\/\/api.w.org\/{rel}","templated":true}]}}