{"id":48279,"date":"2018-10-26T19:39:56","date_gmt":"2018-10-26T17:39:56","guid":{"rendered":"http:\/\/www.mirsa.es.mialias.net\/gaetano-pesce-colecciones\/"},"modified":"2024-05-31T16:55:51","modified_gmt":"2024-05-31T16:55:51","slug":"gaetano-pesce-colecciones","status":"publish","type":"page","link":"https:\/\/www.mirsa.es\/ca\/gaetano-pesce-colecciones\/","title":{"rendered":"Gaetano Pesce Col\u00b7leccions"},"content":{"rendered":"<div class=\"wpb-content-wrapper\"><p>[vc_section][vc_row full_width=&#8221;stretch_row_content&#8221;][vc_column][vc_column_text]<a style=\"color:black;\" href=\"javascript:history.go(-1)\" onmouseover=\"self.status=document.referrer;return true\">Atr\u00e1s<\/a>[\/vc_column_text][\/vc_column][\/vc_row][vc_row full_width=&#8221;stretch_row_content&#8221; css=&#8221;.vc_custom_1589961005492{margin-top: -15px !important;}&#8221;][vc_column width=&#8221;1\/3&#8243;]<div  class=\"wpb_content_element   clearfix\"><style type=\"text\/css\">#ut_am_6a092386c1c8a { opacity: 1; }#ut_am_wrap_6a092386c1c8b { text-align: left; }@media (min-width: 768px) and (max-width: 1024px) { #ut_am_wrap_6a092386c1c8b { text-align: left !important; } }@media (max-width: 767px) { #ut_am_wrap_6a092386c1c8b { text-align: center !important; } }<\/style><div id=\"ut_am_wrap_6a092386c1c8b\" class=\"ut-image-gallery-image \"><div id=\"ut_reveal_6a092386c1c8c\"  data-appear-top-offset=\"auto\" class=\"ut-animated-image-item ut-image-gallery-item ut-animation-done \"><a class=\"ut-deactivated-link\" href=\"#\"><div class=\"ut-animated-image-zoom\">\r\n        <div class=\"ut-element-glitch-wrap\">\r\n\r\n            \r\n        <style type=\"text\/css\">\r\n\r\n                        \r\n        @media (min-width: 1025px) {\r\n\r\n        #ut-element-glitch-6a092386c1cae608649939-30250 .ut-glitch-single-element {\r\n                                            \r\n                }\r\n        }\r\n\r\n        @media (min-width: 768px) and (max-width: 1024px) {\r\n\r\n        #ut-element-glitch-6a092386c1cae608649939-30250 .ut-glitch-single-element {\r\n                                                \r\n                    }\r\n        }\r\n\r\n        @media (max-width: 767px) {\r\n\r\n        #ut-element-glitch-6a092386c1cae608649939-30250 .ut-glitch-single-element {\r\n                                                \r\n                    }\r\n        }\r\n\r\n        \r\n        <\/style>\r\n\r\n        \r\n            <div id=\"ut-element-glitch-6a092386c1cae608649939-30250\" class=\" ut-element-glitch ut-glitch-none ut-element-glitch-permanent\">\r\n                <div class=\"ut-glitch-single-element ut-lozad skip-lazy\" data-background-image=\"https:\/\/www.mirsa.es\/wp-content\/uploads\/2020\/05\/gaetano_pesce.jpg\"><\/div>\r\n                <div class=\"ut-glitch-single-element ut-lozad skip-lazy\" data-background-image=\"https:\/\/www.mirsa.es\/wp-content\/uploads\/2020\/05\/gaetano_pesce.jpg\"><\/div>\r\n                <div class=\"ut-glitch-single-element ut-lozad skip-lazy\" data-background-image=\"https:\/\/www.mirsa.es\/wp-content\/uploads\/2020\/05\/gaetano_pesce.jpg\"><\/div>\r\n                <div class=\"ut-glitch-single-element ut-lozad skip-lazy\" data-background-image=\"https:\/\/www.mirsa.es\/wp-content\/uploads\/2020\/05\/gaetano_pesce.jpg\"><\/div>\r\n                <div class=\"ut-glitch-single-element ut-lozad skip-lazy\" data-background-image=\"https:\/\/www.mirsa.es\/wp-content\/uploads\/2020\/05\/gaetano_pesce.jpg\"><\/div>\r\n            <\/div>\r\n\r\n        <\/div>\r\n\r\n        <img loading=\"lazy\" decoding=\"async\" class=\"ut-lazy skip-lazy ut-animated-image \"  id=\"ut_am_6a092386c1c8a\" src=\"data:image\/svg+xml;charset=utf-8,%3Csvg xmlns%3D'http%3A%2F%2Fwww.w3.org%2F2000%2Fsvg' viewBox%3D'0 0 600 600'%2F%3E\" data-src=\"https:\/\/www.mirsa.es\/wp-content\/uploads\/2020\/05\/gaetano_pesce.jpg\" width=\"600\" height=\"600\" alt=\"\"\/><\/div><\/a><\/div><\/div><\/div>[\/vc_column][vc_column width=&#8221;2\/3&#8243;][vc_column_text]Gaetano Pesce \u00e9s un reconegut arquitecte i dissenyador itali\u00e0 nascut a la ciutat costanera de La Spezia. Al 1958 es va graduar en arquitectura a la prestigiosa universitat IUAV de Ven\u00e8cia.<\/p>\n<p>Al 1959 decideix fundar el seu propi estudi de disseny conjuntament amb Milena Vettore, que va con\u00e8ixer a l\u2019Institut de Disseny Industrial de Ven\u00e8cia.<\/p>\n<p>Pocs anys despr\u00e9s d\u2019obrir el seu despatx d\u2019arquitectura, Gaetano comen\u00e7a a consolidar-se com un dels dissenyadors m\u00e9s importants del seu pa\u00eds, gr\u00e0cies als seus projectes creatius i innovadors.<\/p>\n<p>L\u2019estil del dissenyador es caracteritza per la seva investigaci\u00f3 constant en el camp de l\u2019art cin\u00e8tic i l\u2019experimentaci\u00f3 amb nous materials i formes.<\/p>\n<p>Pesce ha col\u00b7laborat amb algunes de les firmes de mobiliari m\u00e9s prestigioses, com Cassina, B&amp;B Italia o Vitra. Algunes de les seves col\u00b7leccions m\u00e9s reconegudes mundialment s\u00f3n la l\u00e0mpada Moloch (1971) o la ic\u00f2nica butaca s\u00e8rie Up de B&amp;B Italia. Les seves obres han estat exposades en els museus de disseny m\u00e9s importants del m\u00f3n.<\/p>\n<p>A MIRSA interiorisme &amp; mobiliari disposem d\u2019una selecci\u00f3 de les millors col\u00b7leccions patentades per Gaetano Pesce. Per a m\u00e9s informaci\u00f3 visiti el nostre Showroom o contacti amb nosaltres.<br \/>\n[\/vc_column_text][\/vc_column][\/vc_row][vc_row full_width=&#8221;stretch_row_content_no_spaces&#8221; css=&#8221;.vc_custom_1589960397272{margin-top: -20px !important;}&#8221;][vc_column][vc_separator color=&#8221;custom&#8221; accent_color=&#8221;#c7c2ba&#8221;][\/vc_column][\/vc_row][vc_row full_width=&#8221;stretch_row_content&#8221; css=&#8221;.vc_custom_1589964968246{margin-top: -20px !important;}&#8221;][vc_column][vc_column_text]<iframe id=\"embedded-ads-iframe-website\" width=\"100%\" height=\"600\" data-originsrc=\"https:\/\/mirsa.daloom.com\/es\/productos\/disenadore_gaetano-pesce\"><\/iframe><br \/>\n<script defer src=\"https:\/\/mirsa.daloom.com\/js\/parent-embedded-script.min.js\"><\/script>[\/vc_column_text][\/vc_column][\/vc_row][\/vc_section]<\/p>\n<\/div>","protected":false},"excerpt":{"rendered":"<p>[vc_section][vc_row full_width=&#8221;stretch_row_content&#8221;][vc_column][vc_column_text]Atr\u00e1s[\/vc_column_text][\/vc_column][\/vc_row][vc_row full_width=&#8221;stretch_row_content&#8221; css=&#8221;.vc_custom_1589961005492{margin-top: -15px !important;}&#8221;][vc_column width=&#8221;1\/3&#8243;][\/vc_column][vc_column width=&#8221;2\/3&#8243;][vc_column_text]Gaetano Pesce \u00e9s un reconegut arquitecte i dissenyador itali\u00e0 nascut a la ciutat costanera de La Spezia. Al 1958 es va graduar en arquitectura a la prestigiosa universitat IUAV de Ven\u00e8cia. Al 1959 decideix fundar el seu propi estudi de disseny conjuntament amb Milena Vettore, que va con\u00e8ixer [&hellip;]<\/p>\n","protected":false},"author":1,"featured_media":0,"parent":0,"menu_order":0,"comment_status":"closed","ping_status":"closed","template":"","meta":{"footnotes":""},"class_list":["post-48279","page","type-page","status-publish","hentry"],"aioseo_notices":[],"_links":{"self":[{"href":"https:\/\/www.mirsa.es\/ca\/wp-json\/wp\/v2\/pages\/48279","targetHints":{"allow":["GET"]}}],"collection":[{"href":"https:\/\/www.mirsa.es\/ca\/wp-json\/wp\/v2\/pages"}],"about":[{"href":"https:\/\/www.mirsa.es\/ca\/wp-json\/wp\/v2\/types\/page"}],"author":[{"embeddable":true,"href":"https:\/\/www.mirsa.es\/ca\/wp-json\/wp\/v2\/users\/1"}],"replies":[{"embeddable":true,"href":"https:\/\/www.mirsa.es\/ca\/wp-json\/wp\/v2\/comments?post=48279"}],"version-history":[{"count":0,"href":"https:\/\/www.mirsa.es\/ca\/wp-json\/wp\/v2\/pages\/48279\/revisions"}],"wp:attachment":[{"href":"https:\/\/www.mirsa.es\/ca\/wp-json\/wp\/v2\/media?parent=48279"}],"curies":[{"name":"wp","href":"https:\/\/api.w.org\/{rel}","templated":true}]}}