{"id":48264,"date":"2016-06-23T19:11:56","date_gmt":"2016-06-23T17:11:56","guid":{"rendered":"http:\/\/www.mirsa.es.mialias.net\/futbolines-rs-barcelona\/"},"modified":"2024-05-22T15:15:42","modified_gmt":"2024-05-22T15:15:42","slug":"futbolines-rs-barcelona","status":"publish","type":"page","link":"https:\/\/www.mirsa.es\/ca\/futbolines-rs-barcelona\/","title":{"rendered":"Futbolins RS Barcelona"},"content":{"rendered":"<div class=\"wpb-content-wrapper\"><p>[vc_row css=&#8221;.vc_custom_1583596731269{margin-left: -50px !important;}&#8221;][vc_column][vc_column_text]<a style=\"color:black;\" href=\"javascript:history.go(-1)\" onmouseover=\"self.status=document.referrer;return true\">Atr\u00e1s<\/a>[\/vc_column_text][\/vc_column][\/vc_row][vc_row][vc_column][vc_column_text]<\/p>\n<h5><img decoding=\"async\" class=\"wp-image-1077 size-large aligncenter\" title=\"Futbolins RS Barcelona\" src=\"\/wp-content\/uploads\/2020\/06\/portada_rs_final.jpg\" alt=\"Futbolins RS Barcelona\" width=\"100%\" height=\"400\" \/><\/h5>\n<p style=\"font-size: 16px; text-align: left;\"><strong>Si per alguna cosa destaca la firma catalana RS Barcelona, \u00e9s sens dubte per la qualitat i el disseny dels seus espectaculars futbolins.<br \/>\n<\/strong><\/p>\n<p style=\"font-size: 16px; text-align: left;\">Els futbolins de RS es caracteritzen pel seu disseny pr\u00e0ctic i funcional, sense renunciar a la ess\u00e8ncia cl\u00e0ssica d\u2019aquest joc de taula que tantes hores de diversi\u00f3 ha donat a grans i petits.<\/p>\n<p style=\"font-size: 16px; text-align: left;\">La seva est\u00e8tica senzilla i elegant, fan que aquests futbolins encaixin a la perfecci\u00f3 tant en salons interiors com en espais exteriors.<\/p>\n<p style=\"font-size: 16px; text-align: left;\">Amb el pas dels anys, el producte estrella de RS Barcelona s\u2019ha anat convertint en una pe\u00e7a indispensable per a l\u2019oci d\u2019arquitectes, interioristes i dissenyadors.<\/p>\n<p style=\"font-size: 16px; text-align: left;\">A MIRSA Interiorisme &amp; Mobiliari som distribu\u00efdors oficials de futbolins RS Barcelona, si desitja con\u00e8ixer m\u00e9s detalls spbre aquest producte, contacti amb nosaltres o visiti el nostre Showroom.<\/p>\n<p>[\/vc_column_text][\/vc_column][\/vc_row][vc_section][vc_row full_width=&#8221;stretch_row_content_no_spaces&#8221;][vc_column][vc_column_text]<iframe id=\"embedded-ads-iframe-website\" width=\"100%\" height=\"600\" data-originsrc=\"https:\/\/mirsa.daloom.com\/es\/productos\/mesas-de-juego\/brand_rs-barcelona\"><\/iframe><br \/>\n<script defer src=\"https:\/\/mirsa.daloom.com\/js\/parent-embedded-script.min.js\"><\/script>[\/vc_column_text][\/vc_column][\/vc_row][\/vc_section]<\/p>\n<\/div>","protected":false},"excerpt":{"rendered":"<p>[vc_row css=&#8221;.vc_custom_1583596731269{margin-left: -50px !important;}&#8221;][vc_column][vc_column_text]Atr\u00e1s[\/vc_column_text][\/vc_column][\/vc_row][vc_row][vc_column][vc_column_text] Si per alguna cosa destaca la firma catalana RS Barcelona, \u00e9s sens dubte per la qualitat i el disseny dels seus espectaculars futbolins. Els futbolins de RS es caracteritzen pel seu disseny pr\u00e0ctic i funcional, sense renunciar a la ess\u00e8ncia cl\u00e0ssica d\u2019aquest joc de taula que tantes hores de diversi\u00f3 ha [&hellip;]<\/p>\n","protected":false},"author":1,"featured_media":0,"parent":0,"menu_order":0,"comment_status":"closed","ping_status":"closed","template":"","meta":{"footnotes":""},"class_list":["post-48264","page","type-page","status-publish","hentry"],"aioseo_notices":[],"_links":{"self":[{"href":"https:\/\/www.mirsa.es\/ca\/wp-json\/wp\/v2\/pages\/48264","targetHints":{"allow":["GET"]}}],"collection":[{"href":"https:\/\/www.mirsa.es\/ca\/wp-json\/wp\/v2\/pages"}],"about":[{"href":"https:\/\/www.mirsa.es\/ca\/wp-json\/wp\/v2\/types\/page"}],"author":[{"embeddable":true,"href":"https:\/\/www.mirsa.es\/ca\/wp-json\/wp\/v2\/users\/1"}],"replies":[{"embeddable":true,"href":"https:\/\/www.mirsa.es\/ca\/wp-json\/wp\/v2\/comments?post=48264"}],"version-history":[{"count":0,"href":"https:\/\/www.mirsa.es\/ca\/wp-json\/wp\/v2\/pages\/48264\/revisions"}],"wp:attachment":[{"href":"https:\/\/www.mirsa.es\/ca\/wp-json\/wp\/v2\/media?parent=48264"}],"curies":[{"name":"wp","href":"https:\/\/api.w.org\/{rel}","templated":true}]}}