{"id":48260,"date":"2018-06-07T17:13:42","date_gmt":"2018-06-07T15:13:42","guid":{"rendered":"http:\/\/www.mirsa.es.mialias.net\/fusiontables-mesas-billar\/"},"modified":"2024-05-21T16:09:06","modified_gmt":"2024-05-21T16:09:06","slug":"fusiontables-mesas-billar","status":"publish","type":"page","link":"https:\/\/www.mirsa.es\/ca\/fusiontables-mesas-billar\/","title":{"rendered":"FusionTables Taules de Billar"},"content":{"rendered":"<div class=\"wpb-content-wrapper\"><p>[vc_row css=&#8221;.vc_custom_1583596731269{margin-left: -50px !important;}&#8221;][vc_column][vc_column_text]<a style=\"color:black;\" href=\"javascript:history.go(-1)\" onmouseover=\"self.status=document.referrer;return true\">Enrere<\/a>[\/vc_column_text][\/vc_column][\/vc_row][vc_row][vc_column][vc_column_text]<br \/>\n<img decoding=\"async\" class=\"wp-image-1077 size-large aligncenter\" title=\"FusionTables Mesas Billar\" src=\"\/wp-content\/uploads\/2020\/06\/fusionable.jpg\" alt=\"FusionTables Mesas Billar\" width=\"100%\" height=\"400\" \/><\/p>\n<h2 style=\"font-size: 16px; text-align: left;\"><strong>FusionTables \u00e9s una reconeguda firma de mobiliari especialitzada en la fabricaci\u00f3 de taules de menjador convertibles en taulells de billar.<\/strong><\/h2>\n<p style=\"font-size: 16px; text-align: left;\">La marca presenta un producte \u00fanic fomentant la vida amb la fam\u00edlia i amics, al voltant d\u2019una taula de sal\u00f3. Un nou concepte que pot\u00e8ncia l\u2019entreteniment dom\u00e8stic, optimitzant l\u2019espai i garantint una est\u00e8tica elegant i refinada.<\/p>\n<p style=\"font-size: 16px; text-align: left;\">Actualment la firma disposa d\u2019una extensa gamma de productes, oferint aix\u00ed solucions personalitzades per a qualsevol tipus d\u2019espai.<\/p>\n<p style=\"font-size: 16px; text-align: left;\">A MIRSA interiorisme &amp; mobiliari som distribu\u00efdors oficials FusionTables. Per a m\u00e9s informaci\u00f3, visiti la nostra exposici\u00f3 o contacti amb nosaltres.<\/p>\n<p>[\/vc_column_text][\/vc_column][\/vc_row]<\/p>\n<\/div>","protected":false},"excerpt":{"rendered":"<p>[vc_row css=&#8221;.vc_custom_1583596731269{margin-left: -50px !important;}&#8221;][vc_column][vc_column_text]Enrere[\/vc_column_text][\/vc_column][\/vc_row][vc_row][vc_column][vc_column_text] FusionTables \u00e9s una reconeguda firma de mobiliari especialitzada en la fabricaci\u00f3 de taules de menjador convertibles en taulells de billar. La marca presenta un producte \u00fanic fomentant la vida amb la fam\u00edlia i amics, al voltant d\u2019una taula de sal\u00f3. Un nou concepte que pot\u00e8ncia l\u2019entreteniment dom\u00e8stic, optimitzant l\u2019espai i garantint [&hellip;]<\/p>\n","protected":false},"author":1,"featured_media":0,"parent":0,"menu_order":0,"comment_status":"closed","ping_status":"closed","template":"","meta":{"footnotes":""},"class_list":["post-48260","page","type-page","status-publish","hentry"],"aioseo_notices":[],"_links":{"self":[{"href":"https:\/\/www.mirsa.es\/ca\/wp-json\/wp\/v2\/pages\/48260","targetHints":{"allow":["GET"]}}],"collection":[{"href":"https:\/\/www.mirsa.es\/ca\/wp-json\/wp\/v2\/pages"}],"about":[{"href":"https:\/\/www.mirsa.es\/ca\/wp-json\/wp\/v2\/types\/page"}],"author":[{"embeddable":true,"href":"https:\/\/www.mirsa.es\/ca\/wp-json\/wp\/v2\/users\/1"}],"replies":[{"embeddable":true,"href":"https:\/\/www.mirsa.es\/ca\/wp-json\/wp\/v2\/comments?post=48260"}],"version-history":[{"count":0,"href":"https:\/\/www.mirsa.es\/ca\/wp-json\/wp\/v2\/pages\/48260\/revisions"}],"wp:attachment":[{"href":"https:\/\/www.mirsa.es\/ca\/wp-json\/wp\/v2\/media?parent=48260"}],"curies":[{"name":"wp","href":"https:\/\/api.w.org\/{rel}","templated":true}]}}