{"id":48242,"date":"2018-06-07T11:29:39","date_gmt":"2018-06-07T09:29:39","guid":{"rendered":"http:\/\/www.mirsa.es.mialias.net\/franke-cocinas-diseno\/"},"modified":"2022-09-23T14:15:11","modified_gmt":"2022-09-23T14:15:11","slug":"franke-cocinas-diseno","status":"publish","type":"page","link":"https:\/\/www.mirsa.es\/ca\/franke-cocinas-diseno\/","title":{"rendered":"Franke Cuines de disseny"},"content":{"rendered":"<div class=\"wpb-content-wrapper\"><p>[vc_row css=&#8221;.vc_custom_1583596731269{margin-left: -50px !important;}&#8221;][vc_column][vc_column_text]<a href=\"javascript:history.go(-1)\" onmouseover=\"self.status=document.referrer;return true\" style=\"color: black;\">Enrere<\/a>[\/vc_column_text][\/vc_column][\/vc_row][vc_row][vc_column][vc_column_text]<\/p>\n<h5><img decoding=\"async\" class=\"wp-image-1077 size-large aligncenter\" title=\"Franke Cuines de disseny\" src=\"\/wp-content\/uploads\/2020\/06\/franke_cocinas_dise\u00f1o.jpg\" alt=\"Franke Cuines de disseny\" width=\"100%\" height=\"400\"\/><\/h5>\n<p style=\"font-size: 16px; text-align: left;\"><strong>Franke \u00e9s una prestigiosa firma amb m\u00e9s de 100 anys d\u2019experi\u00e8ncia en la fabricaci\u00f3 de cuines d\u2019alta gamma, que destaca per la gran qualitat dels seus productes.<\/strong><\/p>\n<p style=\"font-size: 16px; text-align: left;\">La firma sempre s\u2019ha caracteritzat per les seves t\u00e8cniques innovadores i el seu excel\u00b7lent disseny, oferint solucions a mida per a les necessitats dels clients.<\/p>\n<p style=\"font-size: 16px; text-align: left;\">Des de la seva fundaci\u00f3 al 1911, Franke s\u2019ha basat en tres pilars fonamentals per a garantir l\u2019\u00e8xit dels seus productes: l\u2019enginyeria innovadora, el disseny \u00fanic i l\u2019excel\u00b7lent qualitat su\u00efssa.<\/p>\n<p style=\"font-size: 16px; text-align: left;\">A MIRSA interiorisme &#038; mobiliari som distribu\u00efdors oficials Franke. Per a m\u00e9s informaci\u00f3, visiti el nostre Showroom o contacti amb nosaltres.<\/p>\n<p>[\/vc_column_text][vc_row_inner][vc_column_inner width=&#8221;1\/3&#8243;][\/vc_column_inner][vc_column_inner width=&#8221;1\/3&#8243;]<style type=\"text\/css\">#bklyn_btn_6a092384e6cf1 .bklyn-btn { color:#ffffff !important; background-color:black !important; }<\/style><div id=\"bklyn_btn_6a092384e6cf1\" class=\"bklyn-btn-holder  bklyn-btn-center bklyn-btn-tablet-center bklyn-btn-mobile-center\"><a title=\"Contacto\"   href=\"\/contacto\" target=\"_self\" class=\"bklyn-btn  bklyn-btn-icon-left bklyn-btn-normal\" ><i class=\"fa fa-envelope\"><\/i><span class=\"ut-btn-text\">M\u00e9s informaci\u00f3<\/span><\/a><\/div>[\/vc_column_inner][vc_column_inner width=&#8221;1\/3&#8243;][\/vc_column_inner][\/vc_row_inner][\/vc_column][\/vc_row]<\/p>\n<\/div>","protected":false},"excerpt":{"rendered":"<p>[vc_row css=&#8221;.vc_custom_1583596731269{margin-left: -50px !important;}&#8221;][vc_column][vc_column_text]Enrere[\/vc_column_text][\/vc_column][\/vc_row][vc_row][vc_column][vc_column_text] Franke \u00e9s una prestigiosa firma amb m\u00e9s de 100 anys d\u2019experi\u00e8ncia en la fabricaci\u00f3 de cuines d\u2019alta gamma, que destaca per la gran qualitat dels seus productes. La firma sempre s\u2019ha caracteritzat per les seves t\u00e8cniques innovadores i el seu excel\u00b7lent disseny, oferint solucions a mida per a les necessitats dels [&hellip;]<\/p>\n","protected":false},"author":1,"featured_media":0,"parent":0,"menu_order":0,"comment_status":"closed","ping_status":"closed","template":"","meta":{"footnotes":""},"class_list":["post-48242","page","type-page","status-publish","hentry"],"aioseo_notices":[],"_links":{"self":[{"href":"https:\/\/www.mirsa.es\/ca\/wp-json\/wp\/v2\/pages\/48242","targetHints":{"allow":["GET"]}}],"collection":[{"href":"https:\/\/www.mirsa.es\/ca\/wp-json\/wp\/v2\/pages"}],"about":[{"href":"https:\/\/www.mirsa.es\/ca\/wp-json\/wp\/v2\/types\/page"}],"author":[{"embeddable":true,"href":"https:\/\/www.mirsa.es\/ca\/wp-json\/wp\/v2\/users\/1"}],"replies":[{"embeddable":true,"href":"https:\/\/www.mirsa.es\/ca\/wp-json\/wp\/v2\/comments?post=48242"}],"version-history":[{"count":0,"href":"https:\/\/www.mirsa.es\/ca\/wp-json\/wp\/v2\/pages\/48242\/revisions"}],"wp:attachment":[{"href":"https:\/\/www.mirsa.es\/ca\/wp-json\/wp\/v2\/media?parent=48242"}],"curies":[{"name":"wp","href":"https:\/\/api.w.org\/{rel}","templated":true}]}}