{"id":48239,"date":"2018-10-17T12:51:46","date_gmt":"2018-10-17T10:51:46","guid":{"rendered":"http:\/\/www.mirsa.es.mialias.net\/francesco-meda-colecciones\/"},"modified":"2024-05-31T16:29:21","modified_gmt":"2024-05-31T16:29:21","slug":"francesco-meda-colecciones","status":"publish","type":"page","link":"https:\/\/www.mirsa.es\/ca\/francesco-meda-colecciones\/","title":{"rendered":"Francesco Meda Col\u00b7leccions"},"content":{"rendered":"<div class=\"wpb-content-wrapper\"><p>[vc_section][vc_row full_width=&#8221;stretch_row_content&#8221;][vc_column][vc_column_text]<a style=\"color:black;\" href=\"javascript:history.go(-1)\" onmouseover=\"self.status=document.referrer;return true\">Atr\u00e1s<\/a>[\/vc_column_text][\/vc_column][\/vc_row][vc_row full_width=&#8221;stretch_row_content&#8221; css=&#8221;.vc_custom_1589961005492{margin-top: -15px !important;}&#8221;][vc_column width=&#8221;1\/3&#8243;]<div  class=\"wpb_content_element   clearfix\"><style type=\"text\/css\">#ut_am_6a0923681518a { opacity: 1; }#ut_am_wrap_6a0923681518b { text-align: left; }@media (min-width: 768px) and (max-width: 1024px) { #ut_am_wrap_6a0923681518b { text-align: left !important; } }@media (max-width: 767px) { #ut_am_wrap_6a0923681518b { text-align: center !important; } }<\/style><div id=\"ut_am_wrap_6a0923681518b\" class=\"ut-image-gallery-image \"><div id=\"ut_reveal_6a0923681518c\"  data-appear-top-offset=\"auto\" class=\"ut-animated-image-item ut-image-gallery-item ut-animation-done \"><a class=\"ut-deactivated-link\" href=\"#\"><div class=\"ut-animated-image-zoom\">\r\n        <div class=\"ut-element-glitch-wrap\">\r\n\r\n            \r\n        <style type=\"text\/css\">\r\n\r\n                        \r\n        @media (min-width: 1025px) {\r\n\r\n        #ut-element-glitch-6a092368151ad176149368-30241 .ut-glitch-single-element {\r\n                                            \r\n                }\r\n        }\r\n\r\n        @media (min-width: 768px) and (max-width: 1024px) {\r\n\r\n        #ut-element-glitch-6a092368151ad176149368-30241 .ut-glitch-single-element {\r\n                                                \r\n                    }\r\n        }\r\n\r\n        @media (max-width: 767px) {\r\n\r\n        #ut-element-glitch-6a092368151ad176149368-30241 .ut-glitch-single-element {\r\n                                                \r\n                    }\r\n        }\r\n\r\n        \r\n        <\/style>\r\n\r\n        \r\n            <div id=\"ut-element-glitch-6a092368151ad176149368-30241\" class=\" ut-element-glitch ut-glitch-none ut-element-glitch-permanent\">\r\n                <div class=\"ut-glitch-single-element ut-lozad skip-lazy\" data-background-image=\"https:\/\/www.mirsa.es\/wp-content\/uploads\/2020\/05\/francesco-meda.jpg\"><\/div>\r\n                <div class=\"ut-glitch-single-element ut-lozad skip-lazy\" data-background-image=\"https:\/\/www.mirsa.es\/wp-content\/uploads\/2020\/05\/francesco-meda.jpg\"><\/div>\r\n                <div class=\"ut-glitch-single-element ut-lozad skip-lazy\" data-background-image=\"https:\/\/www.mirsa.es\/wp-content\/uploads\/2020\/05\/francesco-meda.jpg\"><\/div>\r\n                <div class=\"ut-glitch-single-element ut-lozad skip-lazy\" data-background-image=\"https:\/\/www.mirsa.es\/wp-content\/uploads\/2020\/05\/francesco-meda.jpg\"><\/div>\r\n                <div class=\"ut-glitch-single-element ut-lozad skip-lazy\" data-background-image=\"https:\/\/www.mirsa.es\/wp-content\/uploads\/2020\/05\/francesco-meda.jpg\"><\/div>\r\n            <\/div>\r\n\r\n        <\/div>\r\n\r\n        <img loading=\"lazy\" decoding=\"async\" class=\"ut-lazy skip-lazy ut-animated-image \"  id=\"ut_am_6a0923681518a\" src=\"data:image\/svg+xml;charset=utf-8,%3Csvg xmlns%3D'http%3A%2F%2Fwww.w3.org%2F2000%2Fsvg' viewBox%3D'0 0 600 600'%2F%3E\" data-src=\"https:\/\/www.mirsa.es\/wp-content\/uploads\/2020\/05\/francesco-meda.jpg\" width=\"600\" height=\"600\" alt=\"\"\/><\/div><\/a><\/div><\/div><\/div>[\/vc_column][vc_column width=&#8221;2\/3&#8243;][vc_column_text]Francesco Meda \u00e9s un reconegut dissenyador itali\u00e0 nascut a Mil\u00e0 l&#8217;any 1984. Al 2006 es va graduar a l&#8217;institut de disseny industrial de Mil\u00e0.<\/p>\n<p>Poc despr\u00e9s de graduar-se viatge a Londres per a treballar a l&#8217;estudi de Sebastian Bergne i posteriorment a Ross Lovengrove, on adquireix una gran experi\u00e8ncia i presenta els seus primers projectes.<\/p>\n<p>Al 2008 torna a Mil\u00e0 i col\u00b7labora amb el seu pare en projectes per a firmes de prestigi internacional com Kartell i Caimi Brevetti.<\/p>\n<p>Paral\u00b7lelament Francesco Meda segueix desenvolupant els seus propis projectes personals d&#8217;art i disseny amb altres companyies com la Galeria d&#8217;Art Schoeni, la Galeria Rossana Orlandi o Luce di Carrara.<\/p>\n<p>Entre els seus projectes m\u00e9s recents destaca l&#8217;espectacular cadira Woody per la firma italiana Molteni &amp; C, caracteritzada per les l\u00ednies lleugeres i la seva estructura confortable. Actualment tamb\u00e9 col\u00b7labora amb altres firmes de renom com Riva 1920 o Vitra.<\/p>\n<p>A MIRSA interiorisme &amp; mobiliari disposem d&#8217;una selecci\u00f3 de les millors col\u00b7leccions de Francesco Meda. Per a m\u00e9s informaci\u00f3, visiti el nostre Showroom o contacti amb nosaltres.<\/p>\n<p>[\/vc_column_text][\/vc_column][\/vc_row][vc_row full_width=&#8221;stretch_row_content_no_spaces&#8221; css=&#8221;.vc_custom_1589960397272{margin-top: -20px !important;}&#8221;][vc_column][vc_separator color=&#8221;custom&#8221; accent_color=&#8221;#c7c2ba&#8221;][\/vc_column][\/vc_row][vc_row full_width=&#8221;stretch_row_content&#8221; css=&#8221;.vc_custom_1589964968246{margin-top: -20px !important;}&#8221;][vc_column][vc_column_text]<iframe id=\"embedded-ads-iframe-website\" width=\"100%\" height=\"600\" data-originsrc=\"https:\/\/mirsa.daloom.com\/es\/productos\/disenadore_francesco-meda\"><\/iframe><br \/>\n<script defer src=\"https:\/\/mirsa.daloom.com\/js\/parent-embedded-script.min.js\"><\/script>[\/vc_column_text][\/vc_column][\/vc_row][\/vc_section]<\/p>\n<\/div>","protected":false},"excerpt":{"rendered":"<p>[vc_section][vc_row full_width=&#8221;stretch_row_content&#8221;][vc_column][vc_column_text]Atr\u00e1s[\/vc_column_text][\/vc_column][\/vc_row][vc_row full_width=&#8221;stretch_row_content&#8221; css=&#8221;.vc_custom_1589961005492{margin-top: -15px !important;}&#8221;][vc_column width=&#8221;1\/3&#8243;][\/vc_column][vc_column width=&#8221;2\/3&#8243;][vc_column_text]Francesco Meda \u00e9s un reconegut dissenyador itali\u00e0 nascut a Mil\u00e0 l&#8217;any 1984. Al 2006 es va graduar a l&#8217;institut de disseny industrial de Mil\u00e0. Poc despr\u00e9s de graduar-se viatge a Londres per a treballar a l&#8217;estudi de Sebastian Bergne i posteriorment a Ross Lovengrove, on adquireix una gran [&hellip;]<\/p>\n","protected":false},"author":1,"featured_media":0,"parent":0,"menu_order":0,"comment_status":"closed","ping_status":"closed","template":"","meta":{"footnotes":""},"class_list":["post-48239","page","type-page","status-publish","hentry"],"aioseo_notices":[],"_links":{"self":[{"href":"https:\/\/www.mirsa.es\/ca\/wp-json\/wp\/v2\/pages\/48239","targetHints":{"allow":["GET"]}}],"collection":[{"href":"https:\/\/www.mirsa.es\/ca\/wp-json\/wp\/v2\/pages"}],"about":[{"href":"https:\/\/www.mirsa.es\/ca\/wp-json\/wp\/v2\/types\/page"}],"author":[{"embeddable":true,"href":"https:\/\/www.mirsa.es\/ca\/wp-json\/wp\/v2\/users\/1"}],"replies":[{"embeddable":true,"href":"https:\/\/www.mirsa.es\/ca\/wp-json\/wp\/v2\/comments?post=48239"}],"version-history":[{"count":0,"href":"https:\/\/www.mirsa.es\/ca\/wp-json\/wp\/v2\/pages\/48239\/revisions"}],"wp:attachment":[{"href":"https:\/\/www.mirsa.es\/ca\/wp-json\/wp\/v2\/media?parent=48239"}],"curies":[{"name":"wp","href":"https:\/\/api.w.org\/{rel}","templated":true}]}}