{"id":48231,"date":"2018-03-15T12:47:38","date_gmt":"2018-03-15T11:47:38","guid":{"rendered":"http:\/\/www.mirsa.es.mialias.net\/foscarini-iluminacion\/"},"modified":"2024-05-17T10:02:32","modified_gmt":"2024-05-17T10:02:32","slug":"foscarini-iluminacion","status":"publish","type":"page","link":"https:\/\/www.mirsa.es\/ca\/foscarini-iluminacion\/","title":{"rendered":"Foscarini il\u00b7luminaci\u00f3"},"content":{"rendered":"<div class=\"wpb-content-wrapper\"><p>[vc_row css=&#8221;.vc_custom_1583596731269{margin-left: -50px !important;}&#8221;][vc_column][vc_column_text]<a style=\"color:black;\" href=\"javascript:history.go(-1)\" onmouseover=\"self.status=document.referrer;return true\">Atr\u00e1s<\/a>[\/vc_column_text][\/vc_column][\/vc_row][vc_row][vc_column][vc_column_text]<br \/>\n<img decoding=\"async\" class=\"wp-image-1077 size-large aligncenter\" title=\"Foscarini il\u00b7luminaci\u00f3\" src=\"\/wp-content\/uploads\/2020\/06\/foscarini_iluminacion.jpg\" alt=\"Foscarini il\u00b7luminaci\u00f3\" width=\"100%\" height=\"400\" \/><\/p>\n<h2 style=\"font-size: 16px; text-align: left;\"><strong>Foscarini \u00e9s una reconeguda marca especialitzada en la producci\u00f3 i distribuci\u00f3 de l\u00e0mpades i accessoris d&#8217;il\u00b7luminaci\u00f3 d&#8217;alta gamma.<\/strong><\/h2>\n<p style=\"font-size: 16px; text-align: left;\">Fundada el 1981 a Ven\u00e8cia, la firma compta amb una reconeguda traject\u00f2ria tecnol\u00f2gica que es caracteritza per la seva ferma aposta per la innovaci\u00f3 i l&#8217;experimentaci\u00f3.<\/p>\n<p style=\"font-size: 16px; text-align: left;\">Les seves col\u00b7leccions ofereixen solucions per a tot tipus de necessitats, des d&#8217;una petita l\u00e0mpada de despatx fins a grans escenografies lluminoses per a confer\u00e8ncies i espectacles.<\/p>\n<p style=\"font-size: 16px; text-align: left;\">A MIRSA interiorisme &amp; mobiliari som distribu\u00efdors oficials Foscarini. Per a m\u00e9s informaci\u00f3, visiteu el nostre Showroom o contacteu amb nosaltres.<\/p>\n<p>[\/vc_column_text][\/vc_column][\/vc_row][vc_section][vc_row full_width=&#8221;stretch_row_content_no_spaces&#8221;][vc_column][vc_column_text]<iframe id=\"embedded-ads-iframe-website\" width=\"100%\" height=\"600\" data-originsrc=\"https:\/\/mirsa.daloom.com\/es\/productos\/iluminacion-de-interiores\/brand_foscarini\"><\/iframe><br \/>\n<script defer src=\"https:\/\/mirsa.daloom.com\/js\/parent-embedded-script.min.js\"><\/script>[\/vc_column_text][\/vc_column][\/vc_row][\/vc_section]<\/p>\n<\/div>","protected":false},"excerpt":{"rendered":"<p>[vc_row css=&#8221;.vc_custom_1583596731269{margin-left: -50px !important;}&#8221;][vc_column][vc_column_text]Atr\u00e1s[\/vc_column_text][\/vc_column][\/vc_row][vc_row][vc_column][vc_column_text] Foscarini \u00e9s una reconeguda marca especialitzada en la producci\u00f3 i distribuci\u00f3 de l\u00e0mpades i accessoris d&#8217;il\u00b7luminaci\u00f3 d&#8217;alta gamma. Fundada el 1981 a Ven\u00e8cia, la firma compta amb una reconeguda traject\u00f2ria tecnol\u00f2gica que es caracteritza per la seva ferma aposta per la innovaci\u00f3 i l&#8217;experimentaci\u00f3. Les seves col\u00b7leccions ofereixen solucions per a [&hellip;]<\/p>\n","protected":false},"author":1,"featured_media":0,"parent":0,"menu_order":0,"comment_status":"closed","ping_status":"closed","template":"","meta":{"footnotes":""},"class_list":["post-48231","page","type-page","status-publish","hentry"],"aioseo_notices":[],"_links":{"self":[{"href":"https:\/\/www.mirsa.es\/ca\/wp-json\/wp\/v2\/pages\/48231","targetHints":{"allow":["GET"]}}],"collection":[{"href":"https:\/\/www.mirsa.es\/ca\/wp-json\/wp\/v2\/pages"}],"about":[{"href":"https:\/\/www.mirsa.es\/ca\/wp-json\/wp\/v2\/types\/page"}],"author":[{"embeddable":true,"href":"https:\/\/www.mirsa.es\/ca\/wp-json\/wp\/v2\/users\/1"}],"replies":[{"embeddable":true,"href":"https:\/\/www.mirsa.es\/ca\/wp-json\/wp\/v2\/comments?post=48231"}],"version-history":[{"count":0,"href":"https:\/\/www.mirsa.es\/ca\/wp-json\/wp\/v2\/pages\/48231\/revisions"}],"wp:attachment":[{"href":"https:\/\/www.mirsa.es\/ca\/wp-json\/wp\/v2\/media?parent=48231"}],"curies":[{"name":"wp","href":"https:\/\/api.w.org\/{rel}","templated":true}]}}