{"id":48214,"date":"2018-06-06T19:07:59","date_gmt":"2018-06-06T17:07:59","guid":{"rendered":"http:\/\/www.mirsa.es.mialias.net\/fontana-arte-iluminacion\/"},"modified":"2024-05-21T16:02:02","modified_gmt":"2024-05-21T16:02:02","slug":"fontana-arte-iluminacion","status":"publish","type":"page","link":"https:\/\/www.mirsa.es\/ca\/fontana-arte-iluminacion\/","title":{"rendered":"Fontana Arte Il\u00b7luminaci\u00f3"},"content":{"rendered":"<div class=\"wpb-content-wrapper\"><p>[vc_row css=&#8221;.vc_custom_1583596731269{margin-left: -50px !important;}&#8221;][vc_column][vc_column_text]<a href=\"javascript:history.go(-1)\" onmouseover=\"self.status=document.referrer;return true\" style=\"color: black;\">Atr\u00e1s<\/a>[\/vc_column_text][\/vc_column][\/vc_row][vc_row][vc_column][vc_column_text]<br \/>\n<img decoding=\"async\" class=\"wp-image-1077 size-large aligncenter\" title=\"Fontana Arte Il\u00b7luminaci\u00f3\" src=\"\/wp-content\/uploads\/2020\/06\/fontana_arte_iluminacion.jpg\" alt=\"Fontana Arte Il\u00b7luminaci\u00f3\" width=\"100%\" height=\"400\"\/><\/p>\n<h2 style=\"font-size: 16px; text-align: left;\"><strong>Fontana Arte \u00e9s una prestigiosa firma dedicada a la fabricaci\u00f3 i distribuci\u00f3 de l\u00e0mpades de disseny d\u2019alta gamma.<\/strong><\/h2>\n<p style=\"font-size: 16px; text-align: left;\">La marca destaca per les seves creacions, firmades per dissenyadors internacionals, aix\u00ed com per la passi\u00f3 pel detall que exhibeix en tots els seus productes. Grans mestres del disseny itali\u00e0 com Gio Ponti o Vico Magistretti han treballat amb Fontana Arte.<\/p>\n<p style=\"font-size: 16px; text-align: left;\">La firma es caracteritza per la seva vocaci\u00f3 per descobrir i proposar noves idees, oferint valors est\u00e8tics inigualables i solucions adaptades a qualsevol tipus d\u2019espai.<\/p>\n<p style=\"font-size: 16px; text-align: left;\">A MIRSA interiorisme &#038; mobiliari som distribu\u00efdors oficials Fontana Arte. Per a m\u00e9s informaci\u00f3, visiti la nostra exposici\u00f3 o contacti amb nosaltres.<\/p>\n<p>[\/vc_column_text][vc_row_inner][vc_column_inner width=&#8221;1\/3&#8243;][\/vc_column_inner][vc_column_inner width=&#8221;1\/3&#8243;]<style type=\"text\/css\">#bklyn_btn_6a092386dd1c6 .bklyn-btn { color:#ffffff !important; background-color:black !important; }<\/style><div id=\"bklyn_btn_6a092386dd1c6\" class=\"bklyn-btn-holder  bklyn-btn-center bklyn-btn-tablet-center bklyn-btn-mobile-center\"><a title=\"Contacto\"   href=\"\/contacto\" target=\"_self\" class=\"bklyn-btn  bklyn-btn-icon-left bklyn-btn-normal\" ><i class=\"fa fa-envelope\"><\/i><span class=\"ut-btn-text\">M\u00e9s informaci\u00f3<\/span><\/a><\/div>[\/vc_column_inner][vc_column_inner width=&#8221;1\/3&#8243;][\/vc_column_inner][\/vc_row_inner][\/vc_column][\/vc_row]<\/p>\n<\/div>","protected":false},"excerpt":{"rendered":"<p>[vc_row css=&#8221;.vc_custom_1583596731269{margin-left: -50px !important;}&#8221;][vc_column][vc_column_text]Atr\u00e1s[\/vc_column_text][\/vc_column][\/vc_row][vc_row][vc_column][vc_column_text] Fontana Arte \u00e9s una prestigiosa firma dedicada a la fabricaci\u00f3 i distribuci\u00f3 de l\u00e0mpades de disseny d\u2019alta gamma. La marca destaca per les seves creacions, firmades per dissenyadors internacionals, aix\u00ed com per la passi\u00f3 pel detall que exhibeix en tots els seus productes. Grans mestres del disseny itali\u00e0 com Gio Ponti [&hellip;]<\/p>\n","protected":false},"author":1,"featured_media":0,"parent":0,"menu_order":0,"comment_status":"closed","ping_status":"closed","template":"","meta":{"footnotes":""},"class_list":["post-48214","page","type-page","status-publish","hentry"],"aioseo_notices":[],"_links":{"self":[{"href":"https:\/\/www.mirsa.es\/ca\/wp-json\/wp\/v2\/pages\/48214","targetHints":{"allow":["GET"]}}],"collection":[{"href":"https:\/\/www.mirsa.es\/ca\/wp-json\/wp\/v2\/pages"}],"about":[{"href":"https:\/\/www.mirsa.es\/ca\/wp-json\/wp\/v2\/types\/page"}],"author":[{"embeddable":true,"href":"https:\/\/www.mirsa.es\/ca\/wp-json\/wp\/v2\/users\/1"}],"replies":[{"embeddable":true,"href":"https:\/\/www.mirsa.es\/ca\/wp-json\/wp\/v2\/comments?post=48214"}],"version-history":[{"count":0,"href":"https:\/\/www.mirsa.es\/ca\/wp-json\/wp\/v2\/pages\/48214\/revisions"}],"wp:attachment":[{"href":"https:\/\/www.mirsa.es\/ca\/wp-json\/wp\/v2\/media?parent=48214"}],"curies":[{"name":"wp","href":"https:\/\/api.w.org\/{rel}","templated":true}]}}