{"id":48153,"date":"2018-03-10T17:59:31","date_gmt":"2018-03-10T16:59:31","guid":{"rendered":"http:\/\/www.mirsa.es.mialias.net\/fiam-italia-muebles\/"},"modified":"2024-05-17T08:58:37","modified_gmt":"2024-05-17T08:58:37","slug":"fiam-italia-muebles","status":"publish","type":"page","link":"https:\/\/www.mirsa.es\/ca\/fiam-italia-muebles\/","title":{"rendered":"Fiam italia mobles"},"content":{"rendered":"<div class=\"wpb-content-wrapper\"><p>[vc_row css=&#8221;.vc_custom_1583596731269{margin-left: -50px !important;}&#8221;][vc_column][vc_column_text]<a style=\"color: black;\">Enrere<\/a>[\/vc_column_text][\/vc_column][\/vc_row][vc_row][vc_column][vc_column_text]<br \/>\n<img decoding=\"async\" class=\"wp-image-1077 size-large aligncenter\" title=\"Fiam mobles\" src=\"\/wp-content\/uploads\/2020\/06\/fiam_furniture_00.jpg\" alt=\"Fiam italia muebles\" width=\"100%\" height=\"400\" \/><\/p>\n<h2 style=\"font-size: 16px; text-align: left;\"><strong>Fiam \u00e9s una reconeguda firma italiana de mobiliari que es caracteritza per mantenir uns alts est\u00e0ndard de qualitat en tots els seus projectes.<\/strong><\/h2>\n<p style=\"font-size: 16px; text-align: left;\">Fiam es una reconocida firma italiana de mobiliario que se caracteriza por mantenir unos altos est\u00e1ndares de calidad en todos sus proyectos.<\/p>\n<p style=\"font-size: 16px; text-align: left;\">Fundada l\u2019any 1954 i nascuda de la inspiraci\u00f3 del m\u00edtic Gio Ponti, la marca s\u2019ha convertit en tota una refer\u00e8ncia de l\u2019interiorisme gr\u00e0cies a la qualitat i a la versatilitat de totes les seves col\u00b7leccions.<\/p>\n<p style=\"font-size: 16px; text-align: left;\">La firma ha estat guardonada en diverses ocasions amb el Compasso D\u2019oro, un dels majors reconeixements dins el m\u00f3n del disseny.<\/p>\n<p style=\"font-size: 16px; text-align: left;\">A MIRSA interiorisme &#038; mobiliari som distribu\u00efdors oficials Fiam. Per a m\u00e9s informaci\u00f3, visiti el nostre Showroom o contacti amb nosaltres.<\/p>\n<p>[\/vc_column_text][\/vc_column][\/vc_row][vc_section][vc_row full_width=&#8221;stretch_row_content_no_spaces&#8221;][vc_column][vc_column_text]<iframe id=\"embedded-ads-iframe-website\" width=\"100%\" height=\"600\" data-originsrc=\"https:\/\/mirsa.daloom.com\/es\/productos\/mobiliario\/brand_fiam-italia\"><\/iframe><br \/>\n<script defer src=\"https:\/\/mirsa.daloom.com\/js\/parent-embedded-script.min.js\"><\/script>[\/vc_column_text][\/vc_column][\/vc_row][\/vc_section]<\/p>\n<\/div>","protected":false},"excerpt":{"rendered":"<p>[vc_row css=&#8221;.vc_custom_1583596731269{margin-left: -50px !important;}&#8221;][vc_column][vc_column_text]Enrere[\/vc_column_text][\/vc_column][\/vc_row][vc_row][vc_column][vc_column_text] Fiam \u00e9s una reconeguda firma italiana de mobiliari que es caracteritza per mantenir uns alts est\u00e0ndard de qualitat en tots els seus projectes. Fiam es una reconocida firma italiana de mobiliario que se caracteriza por mantenir unos altos est\u00e1ndares de calidad en todos sus proyectos. Fundada l\u2019any 1954 i nascuda de [&hellip;]<\/p>\n","protected":false},"author":1,"featured_media":0,"parent":0,"menu_order":0,"comment_status":"closed","ping_status":"closed","template":"","meta":{"footnotes":""},"class_list":["post-48153","page","type-page","status-publish","hentry"],"aioseo_notices":[],"_links":{"self":[{"href":"https:\/\/www.mirsa.es\/ca\/wp-json\/wp\/v2\/pages\/48153","targetHints":{"allow":["GET"]}}],"collection":[{"href":"https:\/\/www.mirsa.es\/ca\/wp-json\/wp\/v2\/pages"}],"about":[{"href":"https:\/\/www.mirsa.es\/ca\/wp-json\/wp\/v2\/types\/page"}],"author":[{"embeddable":true,"href":"https:\/\/www.mirsa.es\/ca\/wp-json\/wp\/v2\/users\/1"}],"replies":[{"embeddable":true,"href":"https:\/\/www.mirsa.es\/ca\/wp-json\/wp\/v2\/comments?post=48153"}],"version-history":[{"count":0,"href":"https:\/\/www.mirsa.es\/ca\/wp-json\/wp\/v2\/pages\/48153\/revisions"}],"wp:attachment":[{"href":"https:\/\/www.mirsa.es\/ca\/wp-json\/wp\/v2\/media?parent=48153"}],"curies":[{"name":"wp","href":"https:\/\/api.w.org\/{rel}","templated":true}]}}