{"id":48147,"date":"2018-10-16T20:08:40","date_gmt":"2018-10-16T18:08:40","guid":{"rendered":"http:\/\/www.mirsa.es.mialias.net\/ferruccio-laviani-colecciones\/"},"modified":"2024-05-31T15:25:24","modified_gmt":"2024-05-31T15:25:24","slug":"ferruccio-laviani-colecciones","status":"publish","type":"page","link":"https:\/\/www.mirsa.es\/ca\/ferruccio-laviani-colecciones\/","title":{"rendered":"Ferruccio Laviani Col\u00b7leccions"},"content":{"rendered":"<div class=\"wpb-content-wrapper\"><p>[vc_section][vc_row full_width=&#8221;stretch_row_content&#8221;][vc_column][vc_column_text]<a style=\"color:black;\" href=\"javascript:history.go(-1)\" onmouseover=\"self.status=document.referrer;return true\">Enrere<\/a>[\/vc_column_text][\/vc_column][\/vc_row][vc_row full_width=&#8221;stretch_row_content&#8221; css=&#8221;.vc_custom_1589961005492{margin-top: -15px !important;}&#8221;][vc_column width=&#8221;1\/3&#8243;]<div  class=\"wpb_content_element   clearfix\"><style type=\"text\/css\">#ut_am_6a0923316172d { opacity: 1; }#ut_am_wrap_6a0923316172e { text-align: left; }@media (min-width: 768px) and (max-width: 1024px) { #ut_am_wrap_6a0923316172e { text-align: left !important; } }@media (max-width: 767px) { #ut_am_wrap_6a0923316172e { text-align: center !important; } }<\/style><div id=\"ut_am_wrap_6a0923316172e\" class=\"ut-image-gallery-image \"><div id=\"ut_reveal_6a0923316172f\"  data-appear-top-offset=\"auto\" class=\"ut-animated-image-item ut-image-gallery-item ut-animation-done \"><a class=\"ut-deactivated-link\" href=\"#\"><div class=\"ut-animated-image-zoom\">\r\n        <div class=\"ut-element-glitch-wrap\">\r\n\r\n            \r\n        <style type=\"text\/css\">\r\n\r\n                        \r\n        @media (min-width: 1025px) {\r\n\r\n        #ut-element-glitch-6a0923316177f375923770-30239 .ut-glitch-single-element {\r\n                                            \r\n                }\r\n        }\r\n\r\n        @media (min-width: 768px) and (max-width: 1024px) {\r\n\r\n        #ut-element-glitch-6a0923316177f375923770-30239 .ut-glitch-single-element {\r\n                                                \r\n                    }\r\n        }\r\n\r\n        @media (max-width: 767px) {\r\n\r\n        #ut-element-glitch-6a0923316177f375923770-30239 .ut-glitch-single-element {\r\n                                                \r\n                    }\r\n        }\r\n\r\n        \r\n        <\/style>\r\n\r\n        \r\n            <div id=\"ut-element-glitch-6a0923316177f375923770-30239\" class=\" ut-element-glitch ut-glitch-none ut-element-glitch-permanent\">\r\n                <div class=\"ut-glitch-single-element ut-lozad skip-lazy\" data-background-image=\"https:\/\/www.mirsa.es\/wp-content\/uploads\/2020\/05\/ferruccio_laviani.jpg\"><\/div>\r\n                <div class=\"ut-glitch-single-element ut-lozad skip-lazy\" data-background-image=\"https:\/\/www.mirsa.es\/wp-content\/uploads\/2020\/05\/ferruccio_laviani.jpg\"><\/div>\r\n                <div class=\"ut-glitch-single-element ut-lozad skip-lazy\" data-background-image=\"https:\/\/www.mirsa.es\/wp-content\/uploads\/2020\/05\/ferruccio_laviani.jpg\"><\/div>\r\n                <div class=\"ut-glitch-single-element ut-lozad skip-lazy\" data-background-image=\"https:\/\/www.mirsa.es\/wp-content\/uploads\/2020\/05\/ferruccio_laviani.jpg\"><\/div>\r\n                <div class=\"ut-glitch-single-element ut-lozad skip-lazy\" data-background-image=\"https:\/\/www.mirsa.es\/wp-content\/uploads\/2020\/05\/ferruccio_laviani.jpg\"><\/div>\r\n            <\/div>\r\n\r\n        <\/div>\r\n\r\n        <img loading=\"lazy\" decoding=\"async\" class=\"ut-lazy skip-lazy ut-animated-image \"  id=\"ut_am_6a0923316172d\" src=\"data:image\/svg+xml;charset=utf-8,%3Csvg xmlns%3D'http%3A%2F%2Fwww.w3.org%2F2000%2Fsvg' viewBox%3D'0 0 600 600'%2F%3E\" data-src=\"https:\/\/www.mirsa.es\/wp-content\/uploads\/2020\/05\/ferruccio_laviani.jpg\" width=\"600\" height=\"600\" alt=\"\"\/><\/div><\/a><\/div><\/div><\/div>[\/vc_column][vc_column width=&#8221;2\/3&#8243;][vc_column_text]Ferruccio Laviani \u00e9s un prestigi\u00f3s arquitecte i dissenyador itali\u00e0 reconegut internacionalment gr\u00e0cies al seu talent i a la seva creativitat.<\/p>\n<p>Al 1978 es llicencia com arquitecte a l&#8217;Istituto Professionale Internazionale per l&#8217;Artigianato Liutario e Legno di Cremona i posteriorment es matricula a la facultat d&#8217;Arquitectura del Polit\u00e8cnic de Mil\u00e0, on es gradua al 1986.<\/p>\n<p>Cinc anys despr\u00e9s decideix obrir el seu propi despatx d&#8217;arquitectura a Mil\u00e0. Fins aquella data, havia estat treballant per a Michele De Luchi, on va comen\u00e7ar a destacar gr\u00e0cies als seus projectes creatius i innovadors.<\/p>\n<p>Des de 1991 \u00e9s el director art\u00edstic de Kartell. Durant la seva carrera professional tamb\u00e9 ha excercit de director art\u00edstic en altres grans empreses com: Cassina, Molteni &amp; C, barovier &amp; Toso, Missoni, Swarovski, MisuraEmme&#8230;<\/p>\n<p>Actualment treballa desenvolupant projectes per algunes de les millors firmes del m\u00f3n del disseny com: Cassina, Molteni &amp; C, Barovier &amp; Toso, Missoni, Swarovski, MisuraEmme&#8230;<\/p>\n<p>A MIRSA interiorisme &amp; mobiliari disposem d&#8217;una selecci\u00f3 de les millors col\u00b7leccions de Ferruccio laviani. Per a m\u00e9s informaci\u00f3, visiti el nostre Showroom o contacti amb nosaltres.<br \/>\n[\/vc_column_text][\/vc_column][\/vc_row][vc_row full_width=&#8221;stretch_row_content_no_spaces&#8221; css=&#8221;.vc_custom_1589960397272{margin-top: -20px !important;}&#8221;][vc_column][vc_separator color=&#8221;custom&#8221; accent_color=&#8221;#c7c2ba&#8221;][\/vc_column][\/vc_row][vc_row full_width=&#8221;stretch_row_content&#8221; css=&#8221;.vc_custom_1589964968246{margin-top: -20px !important;}&#8221;][vc_column][vc_column_text]<iframe id=\"embedded-ads-iframe-website\" width=\"100%\" height=\"600\" data-originsrc=\"https:\/\/mirsa.daloom.com\/es\/productos\/disenadore_ferruccio-laviani\"><\/iframe><br \/>\n<script defer src=\"https:\/\/mirsa.daloom.com\/js\/parent-embedded-script.min.js\"><\/script>[\/vc_column_text][\/vc_column][\/vc_row][\/vc_section]<\/p>\n<\/div>","protected":false},"excerpt":{"rendered":"<p>[vc_section][vc_row full_width=&#8221;stretch_row_content&#8221;][vc_column][vc_column_text]Enrere[\/vc_column_text][\/vc_column][\/vc_row][vc_row full_width=&#8221;stretch_row_content&#8221; css=&#8221;.vc_custom_1589961005492{margin-top: -15px !important;}&#8221;][vc_column width=&#8221;1\/3&#8243;][\/vc_column][vc_column width=&#8221;2\/3&#8243;][vc_column_text]Ferruccio Laviani \u00e9s un prestigi\u00f3s arquitecte i dissenyador itali\u00e0 reconegut internacionalment gr\u00e0cies al seu talent i a la seva creativitat. Al 1978 es llicencia com arquitecte a l&#8217;Istituto Professionale Internazionale per l&#8217;Artigianato Liutario e Legno di Cremona i posteriorment es matricula a la facultat d&#8217;Arquitectura del Polit\u00e8cnic de [&hellip;]<\/p>\n","protected":false},"author":1,"featured_media":0,"parent":0,"menu_order":0,"comment_status":"closed","ping_status":"closed","template":"","meta":{"footnotes":""},"class_list":["post-48147","page","type-page","status-publish","hentry"],"aioseo_notices":[],"_links":{"self":[{"href":"https:\/\/www.mirsa.es\/ca\/wp-json\/wp\/v2\/pages\/48147","targetHints":{"allow":["GET"]}}],"collection":[{"href":"https:\/\/www.mirsa.es\/ca\/wp-json\/wp\/v2\/pages"}],"about":[{"href":"https:\/\/www.mirsa.es\/ca\/wp-json\/wp\/v2\/types\/page"}],"author":[{"embeddable":true,"href":"https:\/\/www.mirsa.es\/ca\/wp-json\/wp\/v2\/users\/1"}],"replies":[{"embeddable":true,"href":"https:\/\/www.mirsa.es\/ca\/wp-json\/wp\/v2\/comments?post=48147"}],"version-history":[{"count":0,"href":"https:\/\/www.mirsa.es\/ca\/wp-json\/wp\/v2\/pages\/48147\/revisions"}],"wp:attachment":[{"href":"https:\/\/www.mirsa.es\/ca\/wp-json\/wp\/v2\/media?parent=48147"}],"curies":[{"name":"wp","href":"https:\/\/api.w.org\/{rel}","templated":true}]}}