{"id":48131,"date":"2018-01-12T12:28:55","date_gmt":"2018-01-12T11:28:55","guid":{"rendered":"http:\/\/www.mirsa.es.mialias.net\/fede-luxury-lighting\/"},"modified":"2024-05-17T08:13:33","modified_gmt":"2024-05-17T08:13:33","slug":"fede-luxury-lighting","status":"publish","type":"page","link":"https:\/\/www.mirsa.es\/ca\/fede-luxury-lighting\/","title":{"rendered":"Fede Luxury Lighting"},"content":{"rendered":"<div class=\"wpb-content-wrapper\"><p>[vc_row css=&#8221;.vc_custom_1583596731269{margin-left: -50px !important;}&#8221;][vc_column][vc_column_text]<a style=\"color:black;\" href=\"javascript:history.go(-1)\" onmouseover=\"self.status=document.referrer;return true\">Enrere<\/a>[\/vc_column_text][\/vc_column][\/vc_row][vc_row][vc_column][vc_column_text]<\/p>\n<h5><img decoding=\"async\" class=\"wp-image-1077 size-large aligncenter\" title=\"Fede Luxury Lighting\" src=\"\/wp-content\/uploads\/2020\/06\/fede_luxury_lighting.jpg\" alt=\"Fede Luxury Lighting\" width=\"100%\" height=\"400\" \/><\/h5>\n<p style=\"font-size: 16px; text-align: left;\"><strong>FEDE \u00e9s una firma especialitzada en la fabricaci\u00f3 i distribuci\u00f3 de l\u00e0mpades i mecanismes el\u00e8ctrics de luxe.<\/strong><\/p>\n<p style=\"font-size: 16px; text-align: left;\">La firma s&#8217;ha convertit en tota una refer\u00e8ncia en el m\u00f3n de la il\u00b7luminaci\u00f3 d&#8217;alta gamma, apostant per productes d&#8217;una marcada est\u00e8tica avantguardista.<\/p>\n<p style=\"font-size: 16px; text-align: left;\">Els productes de Fede estan dissenyats per ambientar llars d&#8217;alt standing i projectes que requereixen una decoraci\u00f3 cl\u00e0ssica i exclusiva.<\/p>\n<p style=\"font-size: 16px; text-align: left;\">Les col\u00b7leccions de la firma s\u00f3n considerades per molts com veritables obres d&#8217;art, realitzades amb procediments artesanals i utilitzant materials de primera qualitat.<\/p>\n<p style=\"font-size: 16px; text-align: left;\">A MIRSA interiorisme &#038; mobiliari disposem d&#8217;una extensa col\u00b7lecci\u00f3 de productes Fede Luxury Lighting. Per a m\u00e9s informaci\u00f3, visiteu la nostra exposici\u00f3 o contacteu amb nosaltres.<\/p>\n<p>[\/vc_column_text][\/vc_column][\/vc_row][vc_section][vc_row full_width=&#8221;stretch_row_content_no_spaces&#8221;][vc_column][vc_column_text]<iframe id=\"embedded-ads-iframe-website\" width=\"100%\" height=\"600\" data-originsrc=\"https:\/\/mirsa.daloom.com\/es\/productos\/iluminacion\/brand_fede\"><\/iframe><br \/>\n<script defer src=\"https:\/\/mirsa.daloom.com\/js\/parent-embedded-script.min.js\"><\/script>[\/vc_column_text][\/vc_column][\/vc_row][\/vc_section]<\/p>\n<\/div>","protected":false},"excerpt":{"rendered":"<p>[vc_row css=&#8221;.vc_custom_1583596731269{margin-left: -50px !important;}&#8221;][vc_column][vc_column_text]Enrere[\/vc_column_text][\/vc_column][\/vc_row][vc_row][vc_column][vc_column_text] FEDE \u00e9s una firma especialitzada en la fabricaci\u00f3 i distribuci\u00f3 de l\u00e0mpades i mecanismes el\u00e8ctrics de luxe. La firma s&#8217;ha convertit en tota una refer\u00e8ncia en el m\u00f3n de la il\u00b7luminaci\u00f3 d&#8217;alta gamma, apostant per productes d&#8217;una marcada est\u00e8tica avantguardista. Els productes de Fede estan dissenyats per ambientar llars d&#8217;alt standing [&hellip;]<\/p>\n","protected":false},"author":1,"featured_media":0,"parent":0,"menu_order":0,"comment_status":"closed","ping_status":"closed","template":"","meta":{"footnotes":""},"class_list":["post-48131","page","type-page","status-publish","hentry"],"aioseo_notices":[],"_links":{"self":[{"href":"https:\/\/www.mirsa.es\/ca\/wp-json\/wp\/v2\/pages\/48131","targetHints":{"allow":["GET"]}}],"collection":[{"href":"https:\/\/www.mirsa.es\/ca\/wp-json\/wp\/v2\/pages"}],"about":[{"href":"https:\/\/www.mirsa.es\/ca\/wp-json\/wp\/v2\/types\/page"}],"author":[{"embeddable":true,"href":"https:\/\/www.mirsa.es\/ca\/wp-json\/wp\/v2\/users\/1"}],"replies":[{"embeddable":true,"href":"https:\/\/www.mirsa.es\/ca\/wp-json\/wp\/v2\/comments?post=48131"}],"version-history":[{"count":0,"href":"https:\/\/www.mirsa.es\/ca\/wp-json\/wp\/v2\/pages\/48131\/revisions"}],"wp:attachment":[{"href":"https:\/\/www.mirsa.es\/ca\/wp-json\/wp\/v2\/media?parent=48131"}],"curies":[{"name":"wp","href":"https:\/\/api.w.org\/{rel}","templated":true}]}}