{"id":48124,"date":"2016-07-28T19:27:58","date_gmt":"2016-07-28T17:27:58","guid":{"rendered":"http:\/\/www.mirsa.es.mialias.net\/fatboy-original\/"},"modified":"2024-05-21T15:51:40","modified_gmt":"2024-05-21T15:51:40","slug":"fatboy-original","status":"publish","type":"page","link":"https:\/\/www.mirsa.es\/ca\/fatboy-original\/","title":{"rendered":"Fatboy Original"},"content":{"rendered":"<div class=\"wpb-content-wrapper\"><p>[vc_row css=&#8221;.vc_custom_1583596731269{margin-left: -50px !important;}&#8221;][vc_column][vc_column_text]<a style=\"color:black;\" href=\"javascript:history.go(-1)\" onmouseover=\"self.status=document.referrer;return true\">Enrere<\/a>[\/vc_column_text][\/vc_column][\/vc_row][vc_row][vc_column][vc_column_text]<\/p>\n<h5><img decoding=\"async\" class=\"wp-image-1077 size-large aligncenter\" title=\"Fatboy Original\" src=\"\/wp-content\/uploads\/2020\/06\/portada_fatboy.jpg\" alt=\"Fatboy Original\" width=\"100%\" height=\"400\" \/><\/h5>\n<p style=\"font-size: 16px; text-align: left;\"><strong>Fatboy disposa d\u2019un ampli ventall de peces de disseny ideals per a donar un toc de distinci\u00f3 i originalitat a la decoraci\u00f3 de la llar.<\/strong><\/p>\n<p style=\"font-size: 16px; text-align: left;\">Una de les col\u00b7leccions estrella de la firma holandesa \u00e9s el Puff Original, una pe\u00e7a completament adaptable al cos que garantitza la m\u00e1xima comoditat.<\/p>\n<p style=\"font-size: 16px; text-align: left;\">Un altre dels productes m\u00e9s demandats de Fatboy \u00e9s sens dubte el seu Beach Bed Lamzac. Es tracta d\u2019una petita motxilla d\u2019aire que pot convertir-se en un c\u00f2mode sof\u00e0 en q\u00fcesti\u00f3 de segons.<\/p>\n<p style=\"font-size: 16px; text-align: left;\">A MIRSA interiorisme &#038; mobiliari som distribu\u00efdors oficials Fatboy. Per a m\u00e9s informaci\u00f3, visiti el nostre Showroom o contacti amb nosaltres.<\/p>\n<p>[\/vc_column_text][vc_row_inner][vc_column_inner]<style type=\"text\/css\">#bklyn_btn_6a0920e55b61f .bklyn-btn { color:#ffffff !important; background-color:black !important; }<\/style><div id=\"bklyn_btn_6a0920e55b61f\" class=\"bklyn-btn-holder  bklyn-btn-center bklyn-btn-tablet-center bklyn-btn-mobile-center\"><a title=\"Contacto\"   href=\"\/contacto\" target=\"_self\" class=\"bklyn-btn  bklyn-btn-icon-left bklyn-btn-normal\" ><i class=\"fa fa-envelope\"><\/i><span class=\"ut-btn-text\">M\u00e9s informaci\u00f3<\/span><\/a><\/div>[\/vc_column_inner][\/vc_row_inner][\/vc_column][\/vc_row]<\/p>\n<\/div>","protected":false},"excerpt":{"rendered":"<p>[vc_row css=&#8221;.vc_custom_1583596731269{margin-left: -50px !important;}&#8221;][vc_column][vc_column_text]Enrere[\/vc_column_text][\/vc_column][\/vc_row][vc_row][vc_column][vc_column_text] Fatboy disposa d\u2019un ampli ventall de peces de disseny ideals per a donar un toc de distinci\u00f3 i originalitat a la decoraci\u00f3 de la llar. Una de les col\u00b7leccions estrella de la firma holandesa \u00e9s el Puff Original, una pe\u00e7a completament adaptable al cos que garantitza la m\u00e1xima comoditat. Un altre [&hellip;]<\/p>\n","protected":false},"author":1,"featured_media":0,"parent":0,"menu_order":0,"comment_status":"closed","ping_status":"closed","template":"","meta":{"footnotes":""},"class_list":["post-48124","page","type-page","status-publish","hentry"],"aioseo_notices":[],"_links":{"self":[{"href":"https:\/\/www.mirsa.es\/ca\/wp-json\/wp\/v2\/pages\/48124","targetHints":{"allow":["GET"]}}],"collection":[{"href":"https:\/\/www.mirsa.es\/ca\/wp-json\/wp\/v2\/pages"}],"about":[{"href":"https:\/\/www.mirsa.es\/ca\/wp-json\/wp\/v2\/types\/page"}],"author":[{"embeddable":true,"href":"https:\/\/www.mirsa.es\/ca\/wp-json\/wp\/v2\/users\/1"}],"replies":[{"embeddable":true,"href":"https:\/\/www.mirsa.es\/ca\/wp-json\/wp\/v2\/comments?post=48124"}],"version-history":[{"count":0,"href":"https:\/\/www.mirsa.es\/ca\/wp-json\/wp\/v2\/pages\/48124\/revisions"}],"wp:attachment":[{"href":"https:\/\/www.mirsa.es\/ca\/wp-json\/wp\/v2\/media?parent=48124"}],"curies":[{"name":"wp","href":"https:\/\/api.w.org\/{rel}","templated":true}]}}