{"id":48121,"date":"2017-12-30T11:25:43","date_gmt":"2017-12-30T10:25:43","guid":{"rendered":"http:\/\/www.mirsa.es.mialias.net\/fat-fat-bb-italia\/"},"modified":"2020-12-18T16:17:01","modified_gmt":"2020-12-18T16:17:01","slug":"fat-fat-bb-italia","status":"publish","type":"page","link":"https:\/\/www.mirsa.es\/ca\/fat-fat-bb-italia\/","title":{"rendered":"Fat Fat B&#038;B Italia"},"content":{"rendered":"<div class=\"wpb-content-wrapper\"><p>[vc_row][vc_column][vc_column_text]<\/p>\n<h5><img decoding=\"async\" class=\"wp-image-1077 size-large aligncenter\" title=\"Fat Fat B&#038;B Italia\" src=\"\/wp-content\/uploads\/2020\/07\/fat_fat_bb_italia.jpg\" alt=\"Fat Fat B&#038;B Italia\" width=\"100%\" height=\"400\" \/><\/h5>\n<p style=\"font-size: 16px; text-align: left;\"><strong>Les tauletes fat-fat de B&#038;B Italia s\u00f3n el complement ideal per a donar un toc d\u2019eleg\u00e0ncia i distinci\u00f3 a la llar.<\/strong><\/p>\n<p style=\"font-size: 16px; text-align: left;\">Patricia Urquiola ens presenta una col\u00b7lecci\u00f3 d\u2019aspecte lleuger i refinat que poden sobreposar-se una amb l\u2019altre.<\/p>\n<p style=\"font-size: 16px; text-align: left;\">Presentades en 2004, les tauletes fat-fat han acabat convertint-se en tota una icona de la firma, que ha estat utilitzada en els projectes d\u2019interiorisme m\u00e9s exclusius.<\/p>\n<p style=\"font-size: 16px; text-align: left;\">A MIRSA interiorisme &#038; mobiliari disposem d\u2019una gran quantitat de col\u00b7leccions B&#038;B Italia. Per a m\u00e9s informaci\u00f3, visiti la nostra exposici\u00f3 o contacti amb nosaltres.<\/p>\n<p>[\/vc_column_text][vc_row_inner][vc_column_inner]<style type=\"text\/css\">#bklyn_btn_69d2564a124e4 .bklyn-btn { color:#ffffff !important; background-color:black !important; }<\/style><div id=\"bklyn_btn_69d2564a124e4\" class=\"bklyn-btn-holder  bklyn-btn-center bklyn-btn-tablet-center bklyn-btn-mobile-center\"><a title=\"Contacto\"   href=\"\/contacto\" target=\"_self\" class=\"bklyn-btn  bklyn-btn-icon-left bklyn-btn-normal\" ><i class=\"fa fa-envelope\"><\/i><span class=\"ut-btn-text\">M\u00e9s informaci\u00f3<\/span><\/a><\/div>[\/vc_column_inner][\/vc_row_inner][\/vc_column][\/vc_row]<\/p>\n<\/div>","protected":false},"excerpt":{"rendered":"<p>[vc_row][vc_column][vc_column_text] Les tauletes fat-fat de B&#038;B Italia s\u00f3n el complement ideal per a donar un toc d\u2019eleg\u00e0ncia i distinci\u00f3 a la llar. Patricia Urquiola ens presenta una col\u00b7lecci\u00f3 d\u2019aspecte lleuger i refinat que poden sobreposar-se una amb l\u2019altre. Presentades en 2004, les tauletes fat-fat han acabat convertint-se en tota una icona de la firma, que [&hellip;]<\/p>\n","protected":false},"author":1,"featured_media":0,"parent":0,"menu_order":0,"comment_status":"closed","ping_status":"closed","template":"","meta":{"footnotes":""},"class_list":["post-48121","page","type-page","status-publish","hentry"],"aioseo_notices":[],"_links":{"self":[{"href":"https:\/\/www.mirsa.es\/ca\/wp-json\/wp\/v2\/pages\/48121","targetHints":{"allow":["GET"]}}],"collection":[{"href":"https:\/\/www.mirsa.es\/ca\/wp-json\/wp\/v2\/pages"}],"about":[{"href":"https:\/\/www.mirsa.es\/ca\/wp-json\/wp\/v2\/types\/page"}],"author":[{"embeddable":true,"href":"https:\/\/www.mirsa.es\/ca\/wp-json\/wp\/v2\/users\/1"}],"replies":[{"embeddable":true,"href":"https:\/\/www.mirsa.es\/ca\/wp-json\/wp\/v2\/comments?post=48121"}],"version-history":[{"count":0,"href":"https:\/\/www.mirsa.es\/ca\/wp-json\/wp\/v2\/pages\/48121\/revisions"}],"wp:attachment":[{"href":"https:\/\/www.mirsa.es\/ca\/wp-json\/wp\/v2\/media?parent=48121"}],"curies":[{"name":"wp","href":"https:\/\/api.w.org\/{rel}","templated":true}]}}