{"id":48115,"date":"2018-06-06T13:23:12","date_gmt":"2018-06-06T11:23:12","guid":{"rendered":"http:\/\/www.mirsa.es.mialias.net\/fast-outdoor-furniture\/"},"modified":"2024-05-21T15:26:18","modified_gmt":"2024-05-21T15:26:18","slug":"fast-outdoor-furniture","status":"publish","type":"page","link":"https:\/\/www.mirsa.es\/ca\/fast-outdoor-furniture\/","title":{"rendered":"Fast Outdoor Furniture"},"content":{"rendered":"<div class=\"wpb-content-wrapper\"><p>[vc_row css=&#8221;.vc_custom_1583596731269{margin-left: -50px !important;}&#8221;][vc_column][vc_column_text]<a style=\"color:black;\" href=\"javascript:history.go(-1)\" onmouseover=\"self.status=document.referrer;return true\">Enrere<\/a>[\/vc_column_text][\/vc_column][\/vc_row][vc_row][vc_column][vc_column_text]<\/p>\n<h5><img decoding=\"async\" class=\"wp-image-1077 size-large aligncenter\" title=\"Fast Outdoor Furniture\" src=\"\/wp-content\/uploads\/2020\/06\/fast_outdoor_furniture_01.jpg\" alt=\"\/wp-content\/uploads\/2020\/06\/fast_outdoor_furniture_01.jpg\" width=\"100%\" height=\"400\" \/><\/h5>\n<p style=\"font-size: 16px; text-align: left;\"><strong>Fundada en 1995 por la familia Levrangi, se trata de una reconocida firma dedicada a la fabricaci\u00f3n y distribuci\u00f3n de mobiliario exterior de dise\u00f1o.<\/strong><\/p>\n<p style=\"font-size: 16px; text-align: left;\">Las estructuras en aluminio y la ligereza forman parte de los rasgos m\u00e1s caracter\u00edsticos de las colecciones de la firma. La calidad de los materiales utilizados para la fabricaci\u00f3n de sus piezas garantizan una larga vida \u00fatil de sus productos.<\/p>\n<p style=\"font-size: 16px; text-align: left;\">Las colecciones de la marca combinan a la perfecci\u00f3n artesan\u00eda con innovaci\u00f3n tecnol\u00f3gica, dando como resultado un producto atractivo, resistente y con una atractiva esencia tradicional.<\/p>\n<p style=\"font-size: 16px; text-align: left;\">En MIRSA interiorismo &#038; mobiliario disponemos de una extensa gama de productos Fast. Para m\u00e1s informaci\u00f3n, visite nuestro Showroom o contacte con nosotros.<\/p>\n<p>[\/vc_column_text][\/vc_column][\/vc_row]<\/p>\n<\/div>","protected":false},"excerpt":{"rendered":"<p>[vc_row css=&#8221;.vc_custom_1583596731269{margin-left: -50px !important;}&#8221;][vc_column][vc_column_text]Enrere[\/vc_column_text][\/vc_column][\/vc_row][vc_row][vc_column][vc_column_text] Fundada en 1995 por la familia Levrangi, se trata de una reconocida firma dedicada a la fabricaci\u00f3n y distribuci\u00f3n de mobiliario exterior de dise\u00f1o. Las estructuras en aluminio y la ligereza forman parte de los rasgos m\u00e1s caracter\u00edsticos de las colecciones de la firma. La calidad de los materiales utilizados para [&hellip;]<\/p>\n","protected":false},"author":1,"featured_media":0,"parent":0,"menu_order":0,"comment_status":"closed","ping_status":"closed","template":"","meta":{"footnotes":""},"class_list":["post-48115","page","type-page","status-publish","hentry"],"aioseo_notices":[],"_links":{"self":[{"href":"https:\/\/www.mirsa.es\/ca\/wp-json\/wp\/v2\/pages\/48115","targetHints":{"allow":["GET"]}}],"collection":[{"href":"https:\/\/www.mirsa.es\/ca\/wp-json\/wp\/v2\/pages"}],"about":[{"href":"https:\/\/www.mirsa.es\/ca\/wp-json\/wp\/v2\/types\/page"}],"author":[{"embeddable":true,"href":"https:\/\/www.mirsa.es\/ca\/wp-json\/wp\/v2\/users\/1"}],"replies":[{"embeddable":true,"href":"https:\/\/www.mirsa.es\/ca\/wp-json\/wp\/v2\/comments?post=48115"}],"version-history":[{"count":0,"href":"https:\/\/www.mirsa.es\/ca\/wp-json\/wp\/v2\/pages\/48115\/revisions"}],"wp:attachment":[{"href":"https:\/\/www.mirsa.es\/ca\/wp-json\/wp\/v2\/media?parent=48115"}],"curies":[{"name":"wp","href":"https:\/\/api.w.org\/{rel}","templated":true}]}}