{"id":48085,"date":"2018-03-10T12:11:15","date_gmt":"2018-03-10T11:11:15","guid":{"rendered":"http:\/\/www.mirsa.es.mialias.net\/extremis-outdoor-furniture\/"},"modified":"2024-05-16T16:48:52","modified_gmt":"2024-05-16T16:48:52","slug":"extremis-outdoor-furniture","status":"publish","type":"page","link":"https:\/\/www.mirsa.es\/ca\/extremis-outdoor-furniture\/","title":{"rendered":"Extremis Outdoor Furniture"},"content":{"rendered":"<div class=\"wpb-content-wrapper\"><p>[vc_row css=&#8221;.vc_custom_1583596731269{margin-left: -50px !important;}&#8221;][vc_column][vc_column_text]<a style=\"color:black;\" href=\"javascript:history.go(-1)\" onmouseover=\"self.status=document.referrer;return true\">Enrere<\/a>[\/vc_column_text][\/vc_column][\/vc_row][vc_row][vc_column][vc_column_text]<\/p>\n<h5><img decoding=\"async\" class=\"wp-image-1077 size-large aligncenter\" title=\"Extremis Outdoor Furniture\" src=\"\/wp-content\/uploads\/2020\/06\/extremis_furniture_01.jpg\" alt=\"Extremis Outdoor Furniture\" width=\"100%\" height=\"400\" \/><\/h5>\n<p style=\"font-size: 16px; text-align: left;\"><strong>Extremis \u00e9s una prestigiosa firma de mobiliari de disseny per a jardins i exteriors, que destaca per l\u2019\u00e0mplia gamma de col\u00b7leccions que ofereix en el seu cat\u00e0leg.<\/strong><\/p>\n<p style=\"font-size: 16px; text-align: left;\">La filosofia de la marca es basa en posar al servei de les persones tots els seus projectes, adaptant-se a les seves necessitats i aportant equilibri i harmonia als espais.<\/p>\n<p style=\"font-size: 16px; text-align: left;\">M\u00e9s de 50 premis avalen la traject\u00f2ria i el prestigi de la firma, per a la qual han treballat alguns dels dissenyadors m\u00e9s admirats del m\u00f3n: Dirk Wynants, Arnold Merckx, Danny Venlet o Xavier Lust.<\/p>\n<p style=\"font-size: 16px; text-align: left;\">A MIRSA interiorisme &#038; mobiliari som distribu\u00efdors oficials Extremis. Per a m\u00e9s informaci\u00f3, visiti el nostre Showroom o contacti amb nosaltres.<\/p>\n<p>[\/vc_column_text][\/vc_column][\/vc_row][vc_section][vc_row full_width=&#8221;stretch_row_content_no_spaces&#8221;][vc_column][vc_column_text]<iframe id=\"embedded-ads-iframe-website\" width=\"100%\" height=\"600\" data-originsrc=\"https:\/\/mirsa.daloom.com\/es\/productos\/mobiliario\/brand_extremis\"><\/iframe><br \/>\n<script defer src=\"https:\/\/mirsa.daloom.com\/js\/parent-embedded-script.min.js\"><\/script>[\/vc_column_text][\/vc_column][\/vc_row][\/vc_section]<\/p>\n<\/div>","protected":false},"excerpt":{"rendered":"<p>[vc_row css=&#8221;.vc_custom_1583596731269{margin-left: -50px !important;}&#8221;][vc_column][vc_column_text]Enrere[\/vc_column_text][\/vc_column][\/vc_row][vc_row][vc_column][vc_column_text] Extremis \u00e9s una prestigiosa firma de mobiliari de disseny per a jardins i exteriors, que destaca per l\u2019\u00e0mplia gamma de col\u00b7leccions que ofereix en el seu cat\u00e0leg. La filosofia de la marca es basa en posar al servei de les persones tots els seus projectes, adaptant-se a les seves necessitats i [&hellip;]<\/p>\n","protected":false},"author":1,"featured_media":0,"parent":0,"menu_order":0,"comment_status":"closed","ping_status":"closed","template":"","meta":{"footnotes":""},"class_list":["post-48085","page","type-page","status-publish","hentry"],"aioseo_notices":[],"_links":{"self":[{"href":"https:\/\/www.mirsa.es\/ca\/wp-json\/wp\/v2\/pages\/48085","targetHints":{"allow":["GET"]}}],"collection":[{"href":"https:\/\/www.mirsa.es\/ca\/wp-json\/wp\/v2\/pages"}],"about":[{"href":"https:\/\/www.mirsa.es\/ca\/wp-json\/wp\/v2\/types\/page"}],"author":[{"embeddable":true,"href":"https:\/\/www.mirsa.es\/ca\/wp-json\/wp\/v2\/users\/1"}],"replies":[{"embeddable":true,"href":"https:\/\/www.mirsa.es\/ca\/wp-json\/wp\/v2\/comments?post=48085"}],"version-history":[{"count":0,"href":"https:\/\/www.mirsa.es\/ca\/wp-json\/wp\/v2\/pages\/48085\/revisions"}],"wp:attachment":[{"href":"https:\/\/www.mirsa.es\/ca\/wp-json\/wp\/v2\/media?parent=48085"}],"curies":[{"name":"wp","href":"https:\/\/api.w.org\/{rel}","templated":true}]}}