{"id":48079,"date":"2018-02-02T11:31:05","date_gmt":"2018-02-02T10:31:05","guid":{"rendered":"http:\/\/www.mirsa.es.mialias.net\/expormim-muebles-exterior\/"},"modified":"2024-05-16T16:31:07","modified_gmt":"2024-05-16T16:31:07","slug":"expormim-muebles-exterior","status":"publish","type":"page","link":"https:\/\/www.mirsa.es\/ca\/expormim-muebles-exterior\/","title":{"rendered":"Expormim mobles d&#8217;exterior"},"content":{"rendered":"<div class=\"wpb-content-wrapper\"><p>[vc_row css=&#8221;.vc_custom_1583596731269{margin-left: -50px !important;}&#8221;][vc_column][vc_column_text]<a style=\"color:black;\" href=\"javascript:history.go(-1)\" onmouseover=\"self.status=document.referrer;return true\">Enrere<\/a>[\/vc_column_text][\/vc_column][\/vc_row][vc_row][vc_column][vc_column_text]<\/p>\n<h5><img decoding=\"async\" class=\"wp-image-1077 size-large aligncenter\" title=\"Expormim mobles d'exterior\" src=\"\/wp-content\/uploads\/2020\/06\/muebles_exterior_expormim.jpg\" alt=\"Expormim mobles d'exterior\" width=\"100%\" height=\"400\" \/><\/h5>\n<p style=\"font-size: 16px; text-align: left;\"><strong>Expormim \u00e9s una reconeguda firma de mobiliari d&#8217;exterior que es caracteritza per l&#8217;ess\u00e8ncia mediterr\u00e0nia de totes les seves col\u00b7leccions.<\/strong><\/p>\n<p style=\"font-size: 16px; text-align: left;\">Puresa, simplicitat i m\u00e0xim confort \u00e9s el que trobem en els productes de la firma, que despr\u00e9s de diverses generacions en el sector, s&#8217;ha acabat consolidant com una marca de refer\u00e8ncia en el mobiliari outdoor.<\/p>\n<p style=\"font-size: 16px; text-align: left;\">A MIRSA interiorisme &#038; mobiliari som distribu\u00efdors oficials d&#8217;Expormim. Per a m\u00e9s informaci\u00f3, contacti amb nosaltres o consulteu el nostre extens cat\u00e0leg virtual.<\/p>\n<p>[\/vc_column_text][\/vc_column][\/vc_row][vc_section][vc_row full_width=&#8221;stretch_row_content_no_spaces&#8221;][vc_column][vc_column_text]<iframe id=\"embedded-ads-iframe-website\" width=\"100%\" height=\"600\" data-originsrc=\"https:\/\/mirsa.daloom.com\/es\/productos\/mobiliario\/brand_expormim\"><\/iframe><br \/>\n<script defer src=\"https:\/\/mirsa.daloom.com\/js\/parent-embedded-script.min.js\"><\/script>[\/vc_column_text][\/vc_column][\/vc_row][\/vc_section]<\/p>\n<\/div>","protected":false},"excerpt":{"rendered":"<p>[vc_row css=&#8221;.vc_custom_1583596731269{margin-left: -50px !important;}&#8221;][vc_column][vc_column_text]Enrere[\/vc_column_text][\/vc_column][\/vc_row][vc_row][vc_column][vc_column_text] Expormim \u00e9s una reconeguda firma de mobiliari d&#8217;exterior que es caracteritza per l&#8217;ess\u00e8ncia mediterr\u00e0nia de totes les seves col\u00b7leccions. Puresa, simplicitat i m\u00e0xim confort \u00e9s el que trobem en els productes de la firma, que despr\u00e9s de diverses generacions en el sector, s&#8217;ha acabat consolidant com una marca de refer\u00e8ncia en [&hellip;]<\/p>\n","protected":false},"author":1,"featured_media":0,"parent":0,"menu_order":0,"comment_status":"closed","ping_status":"closed","template":"","meta":{"footnotes":""},"class_list":["post-48079","page","type-page","status-publish","hentry"],"aioseo_notices":[],"_links":{"self":[{"href":"https:\/\/www.mirsa.es\/ca\/wp-json\/wp\/v2\/pages\/48079","targetHints":{"allow":["GET"]}}],"collection":[{"href":"https:\/\/www.mirsa.es\/ca\/wp-json\/wp\/v2\/pages"}],"about":[{"href":"https:\/\/www.mirsa.es\/ca\/wp-json\/wp\/v2\/types\/page"}],"author":[{"embeddable":true,"href":"https:\/\/www.mirsa.es\/ca\/wp-json\/wp\/v2\/users\/1"}],"replies":[{"embeddable":true,"href":"https:\/\/www.mirsa.es\/ca\/wp-json\/wp\/v2\/comments?post=48079"}],"version-history":[{"count":0,"href":"https:\/\/www.mirsa.es\/ca\/wp-json\/wp\/v2\/pages\/48079\/revisions"}],"wp:attachment":[{"href":"https:\/\/www.mirsa.es\/ca\/wp-json\/wp\/v2\/media?parent=48079"}],"curies":[{"name":"wp","href":"https:\/\/api.w.org\/{rel}","templated":true}]}}