{"id":48056,"date":"2018-02-07T18:24:48","date_gmt":"2018-02-07T17:24:48","guid":{"rendered":"http:\/\/www.mirsa.es.mialias.net\/euston-molteni-c\/"},"modified":"2020-12-18T09:20:03","modified_gmt":"2020-12-18T09:20:03","slug":"euston-molteni-c","status":"publish","type":"page","link":"https:\/\/www.mirsa.es\/ca\/euston-molteni-c\/","title":{"rendered":"Euston Molteni &#038; C"},"content":{"rendered":"<div class=\"wpb-content-wrapper\"><p>[vc_row][vc_column][vc_column_text]<\/p>\n<h5><img decoding=\"async\" class=\"wp-image-1077 size-large aligncenter\" title=\"Euston Molteni &#038; C\" src=\"\/wp-content\/uploads\/2020\/12\/pouff_euston_molteni_c.jpg\" alt=\"Euston Molteni &#038; C\" width=\"100%\" height=\"400\" \/><\/h5>\n<p style=\"font-size: 16px; text-align: left;\"><strong>El pouff Euston \u00e9s una de les principals novetats de Molteni &#038; C presentades a la IMM de Col\u00f2nia 2018.<\/strong><\/p>\n<p style=\"font-size: 16px; text-align: left;\">Dissenyat pel prestigi\u00f3s Rodolfo Dordoni, el pouff est\u00e0 disponible en dues versions diferents: per una banda, amb potes met\u00e0l\u00b7liques en acabat peltro i per l&#8217;altre amb base met\u00e0l\u00b7lica, en ambd\u00f3s casos la pe\u00e7a est\u00e0 disponible en dues mides diferents.<\/p>\n<p style=\"font-size: 16px; text-align: left;\">A MIRSA interiorisme &#038; mobiliari disposem d&#8217;un extens cat\u00e0leg de mobles i complements Molteni &#038; C. Per a m\u00e9s informaci\u00f3, visiti el nostre Showroom o contacti amb nosaltres.<\/p>\n<p>[\/vc_column_text][vc_row_inner][vc_column_inner]<style type=\"text\/css\">#bklyn_btn_69d1c15fa0642 .bklyn-btn { color:#ffffff !important; background-color:black !important; }<\/style><div id=\"bklyn_btn_69d1c15fa0642\" class=\"bklyn-btn-holder  bklyn-btn-center bklyn-btn-tablet-center bklyn-btn-mobile-center\"><a title=\"Contacto\"   href=\"\/contacto\" target=\"_self\" class=\"bklyn-btn  bklyn-btn-icon-left bklyn-btn-normal\" ><i class=\"fa fa-envelope\"><\/i><span class=\"ut-btn-text\">M\u00e9s informaci\u00f3<\/span><\/a><\/div>[\/vc_column_inner][\/vc_row_inner][\/vc_column][\/vc_row]<\/p>\n<\/div>","protected":false},"excerpt":{"rendered":"<p>[vc_row][vc_column][vc_column_text] El pouff Euston \u00e9s una de les principals novetats de Molteni &#038; C presentades a la IMM de Col\u00f2nia 2018. Dissenyat pel prestigi\u00f3s Rodolfo Dordoni, el pouff est\u00e0 disponible en dues versions diferents: per una banda, amb potes met\u00e0l\u00b7liques en acabat peltro i per l&#8217;altre amb base met\u00e0l\u00b7lica, en ambd\u00f3s casos la pe\u00e7a est\u00e0 [&hellip;]<\/p>\n","protected":false},"author":1,"featured_media":0,"parent":0,"menu_order":0,"comment_status":"closed","ping_status":"closed","template":"","meta":{"footnotes":""},"class_list":["post-48056","page","type-page","status-publish","hentry"],"aioseo_notices":[],"_links":{"self":[{"href":"https:\/\/www.mirsa.es\/ca\/wp-json\/wp\/v2\/pages\/48056","targetHints":{"allow":["GET"]}}],"collection":[{"href":"https:\/\/www.mirsa.es\/ca\/wp-json\/wp\/v2\/pages"}],"about":[{"href":"https:\/\/www.mirsa.es\/ca\/wp-json\/wp\/v2\/types\/page"}],"author":[{"embeddable":true,"href":"https:\/\/www.mirsa.es\/ca\/wp-json\/wp\/v2\/users\/1"}],"replies":[{"embeddable":true,"href":"https:\/\/www.mirsa.es\/ca\/wp-json\/wp\/v2\/comments?post=48056"}],"version-history":[{"count":0,"href":"https:\/\/www.mirsa.es\/ca\/wp-json\/wp\/v2\/pages\/48056\/revisions"}],"wp:attachment":[{"href":"https:\/\/www.mirsa.es\/ca\/wp-json\/wp\/v2\/media?parent=48056"}],"curies":[{"name":"wp","href":"https:\/\/api.w.org\/{rel}","templated":true}]}}