{"id":48043,"date":"2018-09-28T18:20:48","date_gmt":"2018-09-28T16:20:48","guid":{"rendered":"http:\/\/www.mirsa.es.mialias.net\/eugeni-quitllet-colecciones\/"},"modified":"2024-05-31T13:56:25","modified_gmt":"2024-05-31T13:56:25","slug":"eugeni-quitllet-colecciones","status":"publish","type":"page","link":"https:\/\/www.mirsa.es\/ca\/eugeni-quitllet-colecciones\/","title":{"rendered":"Eugeni Quitllet Col\u00b7leccions"},"content":{"rendered":"<div class=\"wpb-content-wrapper\"><p>[vc_section][vc_row full_width=&#8221;stretch_row_content&#8221;][vc_column][vc_column_text]<a style=\"color:black;\" href=\"javascript:history.go(-1)\" onmouseover=\"self.status=document.referrer;return true\">Enrere<\/a>[\/vc_column_text][\/vc_column][\/vc_row][vc_row full_width=&#8221;stretch_row_content&#8221; css=&#8221;.vc_custom_1589961005492{margin-top: -15px !important;}&#8221;][vc_column width=&#8221;1\/3&#8243;]<div  class=\"wpb_content_element   clearfix\"><style type=\"text\/css\">#ut_am_6a092387ae424 { opacity: 1; }#ut_am_wrap_6a092387ae425 { text-align: left; }@media (min-width: 768px) and (max-width: 1024px) { #ut_am_wrap_6a092387ae425 { text-align: left !important; } }@media (max-width: 767px) { #ut_am_wrap_6a092387ae425 { text-align: center !important; } }<\/style><div id=\"ut_am_wrap_6a092387ae425\" class=\"ut-image-gallery-image \"><div id=\"ut_reveal_6a092387ae426\"  data-appear-top-offset=\"auto\" class=\"ut-animated-image-item ut-image-gallery-item ut-animation-done \"><a class=\"ut-deactivated-link\" href=\"#\"><div class=\"ut-animated-image-zoom\">\r\n        <div class=\"ut-element-glitch-wrap\">\r\n\r\n            \r\n        <style type=\"text\/css\">\r\n\r\n                        \r\n        @media (min-width: 1025px) {\r\n\r\n        #ut-element-glitch-6a092387ae447166215511-30236 .ut-glitch-single-element {\r\n                                            \r\n                }\r\n        }\r\n\r\n        @media (min-width: 768px) and (max-width: 1024px) {\r\n\r\n        #ut-element-glitch-6a092387ae447166215511-30236 .ut-glitch-single-element {\r\n                                                \r\n                    }\r\n        }\r\n\r\n        @media (max-width: 767px) {\r\n\r\n        #ut-element-glitch-6a092387ae447166215511-30236 .ut-glitch-single-element {\r\n                                                \r\n                    }\r\n        }\r\n\r\n        \r\n        <\/style>\r\n\r\n        \r\n            <div id=\"ut-element-glitch-6a092387ae447166215511-30236\" class=\" ut-element-glitch ut-glitch-none ut-element-glitch-permanent\">\r\n                <div class=\"ut-glitch-single-element ut-lozad skip-lazy\" data-background-image=\"https:\/\/www.mirsa.es\/wp-content\/uploads\/2020\/05\/eugeni_quitllet-600x433.jpg\"><\/div>\r\n                <div class=\"ut-glitch-single-element ut-lozad skip-lazy\" data-background-image=\"https:\/\/www.mirsa.es\/wp-content\/uploads\/2020\/05\/eugeni_quitllet-600x433.jpg\"><\/div>\r\n                <div class=\"ut-glitch-single-element ut-lozad skip-lazy\" data-background-image=\"https:\/\/www.mirsa.es\/wp-content\/uploads\/2020\/05\/eugeni_quitllet-600x433.jpg\"><\/div>\r\n                <div class=\"ut-glitch-single-element ut-lozad skip-lazy\" data-background-image=\"https:\/\/www.mirsa.es\/wp-content\/uploads\/2020\/05\/eugeni_quitllet-600x433.jpg\"><\/div>\r\n                <div class=\"ut-glitch-single-element ut-lozad skip-lazy\" data-background-image=\"https:\/\/www.mirsa.es\/wp-content\/uploads\/2020\/05\/eugeni_quitllet-600x433.jpg\"><\/div>\r\n            <\/div>\r\n\r\n        <\/div>\r\n\r\n        <img loading=\"lazy\" decoding=\"async\" class=\"ut-lazy skip-lazy ut-animated-image \"  id=\"ut_am_6a092387ae424\" src=\"data:image\/svg+xml;charset=utf-8,%3Csvg xmlns%3D'http%3A%2F%2Fwww.w3.org%2F2000%2Fsvg' viewBox%3D'0 0 600 433'%2F%3E\" data-src=\"https:\/\/www.mirsa.es\/wp-content\/uploads\/2020\/05\/eugeni_quitllet-600x433.jpg\" width=\"600\" height=\"433\" alt=\"\"\/><\/div><\/a><\/div><\/div><\/div>[\/vc_column][vc_column width=&#8221;2\/3&#8243;][vc_column_text]Eugeni Quitllet \u00e9s un reconegut dissenyador nascut a Eivissa l&#8217;any 1972. Les seves col\u00b7leccions es caracteritzen per la combinaci\u00f3 perfecta entre eleg\u00e0ncia i sinuositat.<\/p>\n<p>Quitllet es va graduar l&#8217;any 1972 a l&#8217;Escola d&#8217;Art Llotja de Barcelona i de seguida va comen\u00e7ar a destacar per les seves creacions contextualitzades sempre dins d&#8217;un estil industrial i contemporani.<\/p>\n<p>Al 2001, despr\u00e9s d&#8217;haver participat en diverses exposicions i esdeveniments relacionats amb el m\u00f3n del disseny, coneix a Philippe Starck i comen\u00e7a aix\u00ed una fruct\u00edfera relaci\u00f3 professional en la que veurien la llum algunes de les seves obres m\u00e9s famoses: la cadira Masters, la taula injoy o la famosa cadira play Dedon.<\/p>\n<p>A MIRSA interiorisme &amp; mobiliari disposem d&#8217;algunes de les millors col\u00b7leccions d&#8217; Eugeni Quitllet. Per a m\u00e9s informaci\u00f3, visiti el nostre Showroom o contacti amb nosaltres.<\/p>\n<p>[\/vc_column_text][\/vc_column][\/vc_row][vc_row full_width=&#8221;stretch_row_content_no_spaces&#8221; css=&#8221;.vc_custom_1589960397272{margin-top: -20px !important;}&#8221;][vc_column][vc_separator color=&#8221;custom&#8221; accent_color=&#8221;#c7c2ba&#8221;][\/vc_column][\/vc_row][vc_row full_width=&#8221;stretch_row_content&#8221; css=&#8221;.vc_custom_1589964968246{margin-top: -20px !important;}&#8221;][vc_column][vc_column_text]<iframe id=\"embedded-ads-iframe-website\" width=\"100%\" height=\"600\" data-originsrc=\"https:\/\/mirsa.daloom.com\/es\/productos\/disenadore_eugeni-quitllet\"><\/iframe><br \/>\n<script defer src=\"https:\/\/mirsa.daloom.com\/js\/parent-embedded-script.min.js\"><\/script>[\/vc_column_text][\/vc_column][\/vc_row][\/vc_section]<\/p>\n<\/div>","protected":false},"excerpt":{"rendered":"<p>[vc_section][vc_row full_width=&#8221;stretch_row_content&#8221;][vc_column][vc_column_text]Enrere[\/vc_column_text][\/vc_column][\/vc_row][vc_row full_width=&#8221;stretch_row_content&#8221; css=&#8221;.vc_custom_1589961005492{margin-top: -15px !important;}&#8221;][vc_column width=&#8221;1\/3&#8243;][\/vc_column][vc_column width=&#8221;2\/3&#8243;][vc_column_text]Eugeni Quitllet \u00e9s un reconegut dissenyador nascut a Eivissa l&#8217;any 1972. Les seves col\u00b7leccions es caracteritzen per la combinaci\u00f3 perfecta entre eleg\u00e0ncia i sinuositat. Quitllet es va graduar l&#8217;any 1972 a l&#8217;Escola d&#8217;Art Llotja de Barcelona i de seguida va comen\u00e7ar a destacar per les seves creacions contextualitzades [&hellip;]<\/p>\n","protected":false},"author":1,"featured_media":0,"parent":0,"menu_order":0,"comment_status":"closed","ping_status":"closed","template":"","meta":{"footnotes":""},"class_list":["post-48043","page","type-page","status-publish","hentry"],"aioseo_notices":[],"_links":{"self":[{"href":"https:\/\/www.mirsa.es\/ca\/wp-json\/wp\/v2\/pages\/48043","targetHints":{"allow":["GET"]}}],"collection":[{"href":"https:\/\/www.mirsa.es\/ca\/wp-json\/wp\/v2\/pages"}],"about":[{"href":"https:\/\/www.mirsa.es\/ca\/wp-json\/wp\/v2\/types\/page"}],"author":[{"embeddable":true,"href":"https:\/\/www.mirsa.es\/ca\/wp-json\/wp\/v2\/users\/1"}],"replies":[{"embeddable":true,"href":"https:\/\/www.mirsa.es\/ca\/wp-json\/wp\/v2\/comments?post=48043"}],"version-history":[{"count":0,"href":"https:\/\/www.mirsa.es\/ca\/wp-json\/wp\/v2\/pages\/48043\/revisions"}],"wp:attachment":[{"href":"https:\/\/www.mirsa.es\/ca\/wp-json\/wp\/v2\/media?parent=48043"}],"curies":[{"name":"wp","href":"https:\/\/api.w.org\/{rel}","templated":true}]}}