{"id":47986,"date":"2017-05-19T18:55:10","date_gmt":"2017-05-19T16:55:10","guid":{"rendered":"http:\/\/www.mirsa.es.mialias.net\/espejo-madison-bb-italia\/"},"modified":"2021-03-26T15:51:19","modified_gmt":"2021-03-26T15:51:19","slug":"espejo-madison-bb-italia","status":"publish","type":"page","link":"https:\/\/www.mirsa.es\/ca\/espejo-madison-bb-italia\/","title":{"rendered":"Mirall Madison B&#038;B Italia"},"content":{"rendered":"<div class=\"wpb-content-wrapper\"><p>[vc_row css=&#8221;.vc_custom_1583596731269{margin-left: -50px !important;}&#8221;][vc_column][vc_column_text]<a href=\"javascript:history.go(-1)\" onmouseover=\"self.status=document.referrer;return true\" style=\"color: black;\">Enrere<\/a>[\/vc_column_text][\/vc_column][\/vc_row][vc_row][vc_column][vc_column_text]<\/p>\n<h5><img decoding=\"async\" class=\"wp-image-1077 size-large aligncenter\" title=\"Espejo Madison B&#038;B Italia\" src=\"\/wp-content\/uploads\/2020\/08\/espejo_madison_bb_italia.jpg\" alt=\"Espejo Madison B&#038;B Italia\" width=\"100%\" height=\"400\"\/><\/h5>\n<p style=\"font-size: 16px; text-align: left;\"><strong>El espejo Madison de B&#038;B Italia, dise\u00f1ado por la reconocida Monica Armani se caracteriza por su estructura ovalada.<\/strong><\/p>\n<p style=\"font-size: 16px; text-align: left;\">La pieza destaca por el gran tama\u00f1o de su di\u00e1metro, a escoger entre la versi\u00f3n de 142cm y la de 161,5cm, para fijar vertical u horizontalmente en la pared. Los espejos Madison crean un espectacular juego de luces y reflejos en los espacios donde se instalan. Especialmente destacable es el marco que contiene el espejo, fabricado en poliuretano de alta calidad y n\u00edquel bronceado.<\/p>\n<p style=\"font-size: 16px; text-align: left;\">En MIRSA interiorismo &#038; mobiliario somos distribuidores oficiales B&#038;B Italia. Para m\u00e1s informaci\u00f3n, visite nuestro Showroom o contacte con nosotros.<\/p>\n<p>[\/vc_column_text][vc_row_inner][vc_column_inner]<style type=\"text\/css\">#bklyn_btn_69d1cc4a43ba7 .bklyn-btn { color:#ffffff !important; background-color:black !important; }<\/style><div id=\"bklyn_btn_69d1cc4a43ba7\" class=\"bklyn-btn-holder  bklyn-btn-center bklyn-btn-tablet-center bklyn-btn-mobile-center\"><a title=\"Contacto\"   href=\"\/contacto\" target=\"_self\" class=\"bklyn-btn  bklyn-btn-icon-left bklyn-btn-normal\" ><i class=\"fa fa-envelope\"><\/i><span class=\"ut-btn-text\">M\u00e1s informaci\u00f3n<\/span><\/a><\/div>[\/vc_column_inner][\/vc_row_inner][\/vc_column][\/vc_row]<\/p>\n<\/div>","protected":false},"excerpt":{"rendered":"<p>[vc_row css=&#8221;.vc_custom_1583596731269{margin-left: -50px !important;}&#8221;][vc_column][vc_column_text]Enrere[\/vc_column_text][\/vc_column][\/vc_row][vc_row][vc_column][vc_column_text] El espejo Madison de B&#038;B Italia, dise\u00f1ado por la reconocida Monica Armani se caracteriza por su estructura ovalada. La pieza destaca por el gran tama\u00f1o de su di\u00e1metro, a escoger entre la versi\u00f3n de 142cm y la de 161,5cm, para fijar vertical u horizontalmente en la pared. Los espejos Madison crean [&hellip;]<\/p>\n","protected":false},"author":1,"featured_media":0,"parent":0,"menu_order":0,"comment_status":"closed","ping_status":"closed","template":"","meta":{"footnotes":""},"class_list":["post-47986","page","type-page","status-publish","hentry"],"aioseo_notices":[],"_links":{"self":[{"href":"https:\/\/www.mirsa.es\/ca\/wp-json\/wp\/v2\/pages\/47986","targetHints":{"allow":["GET"]}}],"collection":[{"href":"https:\/\/www.mirsa.es\/ca\/wp-json\/wp\/v2\/pages"}],"about":[{"href":"https:\/\/www.mirsa.es\/ca\/wp-json\/wp\/v2\/types\/page"}],"author":[{"embeddable":true,"href":"https:\/\/www.mirsa.es\/ca\/wp-json\/wp\/v2\/users\/1"}],"replies":[{"embeddable":true,"href":"https:\/\/www.mirsa.es\/ca\/wp-json\/wp\/v2\/comments?post=47986"}],"version-history":[{"count":0,"href":"https:\/\/www.mirsa.es\/ca\/wp-json\/wp\/v2\/pages\/47986\/revisions"}],"wp:attachment":[{"href":"https:\/\/www.mirsa.es\/ca\/wp-json\/wp\/v2\/media?parent=47986"}],"curies":[{"name":"wp","href":"https:\/\/api.w.org\/{rel}","templated":true}]}}