{"id":47982,"date":"2017-04-29T12:42:37","date_gmt":"2017-04-29T10:42:37","guid":{"rendered":"http:\/\/www.mirsa.es.mialias.net\/espejo-giolo-porada\/"},"modified":"2020-12-16T12:37:22","modified_gmt":"2020-12-16T12:37:22","slug":"espejo-giolo-porada","status":"publish","type":"page","link":"https:\/\/www.mirsa.es\/ca\/espejo-giolo-porada\/","title":{"rendered":"Mirall Giolo Porada"},"content":{"rendered":"<div class=\"wpb-content-wrapper\"><p>[vc_row][vc_column][vc_column_text]<\/p>\n<h5><img decoding=\"async\" class=\"wp-image-1077 size-large aligncenter\" title=\"Mirall Giolo Porada\" src=\"\/wp-content\/uploads\/2020\/08\/espejo_giolo_porada_00.jpg\" alt=\"Mirall Giolo Porada\" width=\"100%\" height=\"400\"\/><\/h5>\n<p style=\"font-size: 16px; text-align: left;\"><strong>El mirall Giolo de la firma italiana Porada \u00e9s una pe\u00e7a exclusiva que encaixa a la perfecci\u00f3 en espais interiors d\u2019estil cl\u00e0ssic.<\/p>\n<p><\/strong><\/p>\n<p style=\"font-size: 16px; text-align: left;\">L\u2019estructura de la pe\u00e7a est\u00e0 constru\u00efda amb fusta de noguera de primera qualitat, que resisteix a la perfecci\u00f3 el pas del temps.<\/p>\n<p style=\"font-size: 16px; text-align: left;\">La colecci\u00f3n se ha convertido en toda una referencia para interioristas y decoradores internacionales, siendo utilizada en numerosos proyectos.<\/p>\n<p style=\"font-size: 16px; text-align: left;\">En MIRSA interiorismo &#038; mobiliario disponemos de una amplia colecci\u00f3n de espejos Porada. Para m\u00e1s informaci\u00f3n, visite nuestro Showroom o contacte con nosotros.<\/p>\n<p>[\/vc_column_text][vc_row_inner][vc_column_inner]<style type=\"text\/css\">#bklyn_btn_69d14fd6c9c9d .bklyn-btn { color:#ffffff !important; background-color:black !important; }<\/style><div id=\"bklyn_btn_69d14fd6c9c9d\" class=\"bklyn-btn-holder  bklyn-btn-center bklyn-btn-tablet-center bklyn-btn-mobile-center\"><a title=\"Contacto\"   href=\"\/contacto\" target=\"_self\" class=\"bklyn-btn  bklyn-btn-icon-left bklyn-btn-normal\" ><i class=\"fa fa-envelope\"><\/i><span class=\"ut-btn-text\">M\u00e1s informaci\u00f3n<\/span><\/a><\/div>[\/vc_column_inner][\/vc_row_inner][\/vc_column][\/vc_row]<\/p>\n<\/div>","protected":false},"excerpt":{"rendered":"<p>[vc_row][vc_column][vc_column_text] El mirall Giolo de la firma italiana Porada \u00e9s una pe\u00e7a exclusiva que encaixa a la perfecci\u00f3 en espais interiors d\u2019estil cl\u00e0ssic. L\u2019estructura de la pe\u00e7a est\u00e0 constru\u00efda amb fusta de noguera de primera qualitat, que resisteix a la perfecci\u00f3 el pas del temps. La colecci\u00f3n se ha convertido en toda una referencia para [&hellip;]<\/p>\n","protected":false},"author":1,"featured_media":0,"parent":0,"menu_order":0,"comment_status":"closed","ping_status":"closed","template":"","meta":{"footnotes":""},"class_list":["post-47982","page","type-page","status-publish","hentry"],"aioseo_notices":[],"_links":{"self":[{"href":"https:\/\/www.mirsa.es\/ca\/wp-json\/wp\/v2\/pages\/47982","targetHints":{"allow":["GET"]}}],"collection":[{"href":"https:\/\/www.mirsa.es\/ca\/wp-json\/wp\/v2\/pages"}],"about":[{"href":"https:\/\/www.mirsa.es\/ca\/wp-json\/wp\/v2\/types\/page"}],"author":[{"embeddable":true,"href":"https:\/\/www.mirsa.es\/ca\/wp-json\/wp\/v2\/users\/1"}],"replies":[{"embeddable":true,"href":"https:\/\/www.mirsa.es\/ca\/wp-json\/wp\/v2\/comments?post=47982"}],"version-history":[{"count":0,"href":"https:\/\/www.mirsa.es\/ca\/wp-json\/wp\/v2\/pages\/47982\/revisions"}],"wp:attachment":[{"href":"https:\/\/www.mirsa.es\/ca\/wp-json\/wp\/v2\/media?parent=47982"}],"curies":[{"name":"wp","href":"https:\/\/api.w.org\/{rel}","templated":true}]}}