{"id":47948,"date":"2019-09-04T16:58:13","date_gmt":"2019-09-04T14:58:13","guid":{"rendered":"http:\/\/www.mirsa.es.mialias.net\/eos-maxalto\/"},"modified":"2020-12-16T11:17:37","modified_gmt":"2020-12-16T11:17:37","slug":"eos-maxalto","status":"publish","type":"page","link":"https:\/\/www.mirsa.es\/ca\/eos-maxalto\/","title":{"rendered":"Eos Maxalto"},"content":{"rendered":"<div class=\"wpb-content-wrapper\"><p>[vc_row css=&#8221;.vc_custom_1583596731269{margin-left: -50px !important;}&#8221;][vc_column][vc_column_text]<a href=\"javascript:history.go(-1)\" onmouseover=\"self.status=document.referrer;return true\" style=\"color: black;\">Atr\u00e1s<\/a>[\/vc_column_text][\/vc_column][\/vc_row][vc_row][vc_column][vc_column_text]<\/p>\n<h5><img decoding=\"async\" class=\"wp-image-1077 size-large aligncenter\" title=\"EOS Maxalto\" src=\"\/wp-content\/uploads\/2020\/08\/eos_maxalto.jpg\" alt=\"EOS Maxalto\" width=\"100%\" height=\"400\"\/><\/h5>\n<p style=\"font-size: 16px; text-align: left;\"><strong>Eos de la prestigiosa firma italiana Maxalto es una es una espectacular pieza de estilo contempor\u00e1neo patentada por el reconocido dise\u00f1ador Antonio Citterio.<\/strong><\/p>\n<p style=\"font-size: 16px; text-align: left;\">Se trata de una consola-biombo en estructura de acero y metal cromado brillante, que se compone de un panel central con puertas de vidrio y un estante.<\/p>\n<p style=\"font-size: 16px; text-align: left;\">La colecci\u00f3n se concibe como un elemento \u00fanico que adem\u00e1s de ofrecer las funciones tradicionales de una consola, tambi\u00e9n puede utilizarse como elemento separador de ambientes.<\/p>\n<p style=\"font-size: 16px; text-align: left;\">En MIRSA interiorismo &#038; mobiliario somos distribuidores oficiales Maxalto. Para m\u00e1s informaci\u00f3n, visite nuestro Showroom o contacte con nosotros.\n<\/p>\n<p>[\/vc_column_text][vc_row_inner][vc_column_inner]<style type=\"text\/css\">#bklyn_btn_69d2507ff19ea .bklyn-btn { color:#ffffff !important; background-color:black !important; }<\/style><div id=\"bklyn_btn_69d2507ff19ea\" class=\"bklyn-btn-holder  bklyn-btn-center bklyn-btn-tablet-center bklyn-btn-mobile-center\"><a title=\"Contacto\"   href=\"\/contacto\" target=\"_self\" class=\"bklyn-btn  bklyn-btn-icon-left bklyn-btn-normal\" ><i class=\"fa fa-envelope\"><\/i><span class=\"ut-btn-text\">M\u00e9s informaci\u00f3<\/span><\/a><\/div>[\/vc_column_inner][\/vc_row_inner][\/vc_column][\/vc_row]<\/p>\n<\/div>","protected":false},"excerpt":{"rendered":"<p>[vc_row css=&#8221;.vc_custom_1583596731269{margin-left: -50px !important;}&#8221;][vc_column][vc_column_text]Atr\u00e1s[\/vc_column_text][\/vc_column][\/vc_row][vc_row][vc_column][vc_column_text] Eos de la prestigiosa firma italiana Maxalto es una es una espectacular pieza de estilo contempor\u00e1neo patentada por el reconocido dise\u00f1ador Antonio Citterio. Se trata de una consola-biombo en estructura de acero y metal cromado brillante, que se compone de un panel central con puertas de vidrio y un estante. La [&hellip;]<\/p>\n","protected":false},"author":1,"featured_media":0,"parent":0,"menu_order":0,"comment_status":"closed","ping_status":"closed","template":"","meta":{"footnotes":""},"class_list":["post-47948","page","type-page","status-publish","hentry"],"aioseo_notices":[],"_links":{"self":[{"href":"https:\/\/www.mirsa.es\/ca\/wp-json\/wp\/v2\/pages\/47948","targetHints":{"allow":["GET"]}}],"collection":[{"href":"https:\/\/www.mirsa.es\/ca\/wp-json\/wp\/v2\/pages"}],"about":[{"href":"https:\/\/www.mirsa.es\/ca\/wp-json\/wp\/v2\/types\/page"}],"author":[{"embeddable":true,"href":"https:\/\/www.mirsa.es\/ca\/wp-json\/wp\/v2\/users\/1"}],"replies":[{"embeddable":true,"href":"https:\/\/www.mirsa.es\/ca\/wp-json\/wp\/v2\/comments?post=47948"}],"version-history":[{"count":0,"href":"https:\/\/www.mirsa.es\/ca\/wp-json\/wp\/v2\/pages\/47948\/revisions"}],"wp:attachment":[{"href":"https:\/\/www.mirsa.es\/ca\/wp-json\/wp\/v2\/media?parent=47948"}],"curies":[{"name":"wp","href":"https:\/\/api.w.org\/{rel}","templated":true}]}}