{"id":47937,"date":"2017-07-04T20:07:29","date_gmt":"2017-07-04T18:07:29","guid":{"rendered":"http:\/\/www.mirsa.es.mialias.net\/enea-muebles-de-diseno\/"},"modified":"2024-05-21T15:06:01","modified_gmt":"2024-05-21T15:06:01","slug":"enea-muebles-de-diseno","status":"publish","type":"page","link":"https:\/\/www.mirsa.es\/ca\/enea-muebles-de-diseno\/","title":{"rendered":"Enea mobles de disseny"},"content":{"rendered":"<div class=\"wpb-content-wrapper\"><p>[vc_row css=&#8221;.vc_custom_1583596731269{margin-left: -50px !important;}&#8221;][vc_column][vc_column_text]<a style=\"color:black;\" href=\"javascript:history.go(-1)\" onmouseover=\"self.status=document.referrer;return true\">Enrere<\/a>[\/vc_column_text][\/vc_column][\/vc_row][vc_row][vc_column][vc_column_text]<br \/>\n<img decoding=\"async\" class=\"wp-image-1077 size-large aligncenter\" title=\"Mobles Enea\" src=\"\/wp-content\/uploads\/2020\/06\/muebles_enea_portada.jpg\" alt=\"\/wp-content\/uploads\/2020\/06\/muebles_enea_portada.jpg\" width=\"100%\" height=\"400\" \/><\/p>\n<h2 style=\"font-size: 16px; text-align: left;\"><strong>Enea \u00e9s una firma especialitzada en la fabricaci\u00f3 de mobiliari de disseny. La firma es caracteritza per un estil elegant i contempor\u00e0ni, aix\u00ed com per la gran qualitat dels materials utilitzats en els processos de fabricaci\u00f3.<\/strong><\/h2>\n<p style=\"font-size: 16px; text-align: left;\">La marca ofereix una gran quantitat de solucions per a moblar tot tipus d\u2019espais, oferint una \u00e0mplia col\u00b7lecci\u00f3 de peces per a la llar, locals comercials o oficina.<\/p>\n<p style=\"font-size: 16px; text-align: left;\">El punt fort d\u2019Enea radica en la filosofia de la firma, que combina els seus anys d\u2019experi\u00e8ncia amb les noves tecnologies per a oferir un producte \u00fanic i d\u2019excel\u00b7lent qualitat.<\/p>\n<p style=\"font-size: 16px; text-align: left;\">A MIRSA interiorisme &#038; mobiliari som distribu\u00efdors oficials Enea, per a m\u00e9s informaci\u00f3 contacti amb nosaltres o visiti la nostra exposici\u00f3 de m\u00e9s de 2.500m2.<\/p>\n<p>[\/vc_column_text][\/vc_column][\/vc_row]<\/p>\n<\/div>","protected":false},"excerpt":{"rendered":"<p>[vc_row css=&#8221;.vc_custom_1583596731269{margin-left: -50px !important;}&#8221;][vc_column][vc_column_text]Enrere[\/vc_column_text][\/vc_column][\/vc_row][vc_row][vc_column][vc_column_text] Enea \u00e9s una firma especialitzada en la fabricaci\u00f3 de mobiliari de disseny. La firma es caracteritza per un estil elegant i contempor\u00e0ni, aix\u00ed com per la gran qualitat dels materials utilitzats en els processos de fabricaci\u00f3. La marca ofereix una gran quantitat de solucions per a moblar tot tipus d\u2019espais, oferint [&hellip;]<\/p>\n","protected":false},"author":1,"featured_media":0,"parent":0,"menu_order":0,"comment_status":"closed","ping_status":"closed","template":"","meta":{"footnotes":""},"class_list":["post-47937","page","type-page","status-publish","hentry"],"aioseo_notices":[],"_links":{"self":[{"href":"https:\/\/www.mirsa.es\/ca\/wp-json\/wp\/v2\/pages\/47937","targetHints":{"allow":["GET"]}}],"collection":[{"href":"https:\/\/www.mirsa.es\/ca\/wp-json\/wp\/v2\/pages"}],"about":[{"href":"https:\/\/www.mirsa.es\/ca\/wp-json\/wp\/v2\/types\/page"}],"author":[{"embeddable":true,"href":"https:\/\/www.mirsa.es\/ca\/wp-json\/wp\/v2\/users\/1"}],"replies":[{"embeddable":true,"href":"https:\/\/www.mirsa.es\/ca\/wp-json\/wp\/v2\/comments?post=47937"}],"version-history":[{"count":0,"href":"https:\/\/www.mirsa.es\/ca\/wp-json\/wp\/v2\/pages\/47937\/revisions"}],"wp:attachment":[{"href":"https:\/\/www.mirsa.es\/ca\/wp-json\/wp\/v2\/media?parent=47937"}],"curies":[{"name":"wp","href":"https:\/\/api.w.org\/{rel}","templated":true}]}}