{"id":47925,"date":"2018-06-01T18:33:31","date_gmt":"2018-06-01T16:33:31","guid":{"rendered":"http:\/\/www.mirsa.es.mialias.net\/encimeras-corian\/"},"modified":"2024-05-21T14:47:31","modified_gmt":"2024-05-21T14:47:31","slug":"encimeras-corian","status":"publish","type":"page","link":"https:\/\/www.mirsa.es\/ca\/encimeras-corian\/","title":{"rendered":"Encimeres Corian"},"content":{"rendered":"<div class=\"wpb-content-wrapper\"><p>[vc_row css=&#8221;.vc_custom_1583596731269{margin-left: -50px !important;}&#8221;][vc_column][vc_column_text]<a href=\"javascript:history.go(-1)\" onmouseover=\"self.status=document.referrer;return true\" style=\"color: black;\">Enrere<\/a>[\/vc_column_text][\/vc_column][\/vc_row][vc_row][vc_column][vc_column_text]<br \/>\n<img decoding=\"async\" class=\"wp-image-1077 size-large aligncenter\" title=\"Encimeras Corian\" src=\"\/wp-content\/uploads\/2020\/06\/encimeras-corian.jpg\" alt=\"Encimeras Corian\" width=\"100%\" height=\"400\" \/><\/p>\n<h2 style=\"font-size: 16px; text-align: left;\"><strong>Dupon Corian \u00e9s un innovador material per a encimeres de bany i cuina que destaca per la seva gran qualitat i per les seves infinites opcions de configuraci\u00f3.<\/strong><\/h2>\n<p style=\"font-size: 16px; text-align: left;\">Actualment \u00e9s la marca l\u00edder mundial en materials d\u2019 encimeres, gr\u00e0cies a la seva qualitat superior i al seu disseny elegant i innovador. Una de les solucions preferides pels arquitectes i interioristes m\u00e9s experimentats.<\/p>\n<p style=\"font-size: 16px; text-align: left;\">Es tracta d\u2019un material d\u2019alta tecnologia que ofereix una gran versatilitat, garantint aix\u00ed la millor soluci\u00f3 per a qualsevol projecte. Dupont Corian utilitza principalment encimeres de banys i cuines, encara que les possibilitats s\u00f3n infinites. <\/p>\n<p style=\"font-size: 16px; text-align: left;\">A MIRSA interiorisme &#038; mobiliari som distribu\u00efdors oficials Dupont Corian. Per a m\u00e9s informaci\u00f3 visiti el nostre Showroom o contacti amb nosaltres.<\/p>\n<p>[\/vc_column_text][vc_row_inner][vc_column_inner width=&#8221;1\/3&#8243;][\/vc_column_inner][vc_column_inner width=&#8221;1\/3&#8243;]<style type=\"text\/css\">#bklyn_btn_6a0920e3190a5 .bklyn-btn { color:#ffffff !important; background-color:black !important; }<\/style><div id=\"bklyn_btn_6a0920e3190a5\" class=\"bklyn-btn-holder  bklyn-btn-center bklyn-btn-tablet-center bklyn-btn-mobile-center\"><a title=\"Contacto\"   href=\"\/contacto\" target=\"_self\" class=\"bklyn-btn  bklyn-btn-icon-left bklyn-btn-normal\" ><i class=\"fa fa-envelope\"><\/i><span class=\"ut-btn-text\">M\u00e9s informaci\u00f3<\/span><\/a><\/div>[\/vc_column_inner][vc_column_inner width=&#8221;1\/3&#8243;][\/vc_column_inner][\/vc_row_inner][\/vc_column][\/vc_row]<\/p>\n<\/div>","protected":false},"excerpt":{"rendered":"<p>[vc_row css=&#8221;.vc_custom_1583596731269{margin-left: -50px !important;}&#8221;][vc_column][vc_column_text]Enrere[\/vc_column_text][\/vc_column][\/vc_row][vc_row][vc_column][vc_column_text] Dupon Corian \u00e9s un innovador material per a encimeres de bany i cuina que destaca per la seva gran qualitat i per les seves infinites opcions de configuraci\u00f3. Actualment \u00e9s la marca l\u00edder mundial en materials d\u2019 encimeres, gr\u00e0cies a la seva qualitat superior i al seu disseny elegant i innovador. [&hellip;]<\/p>\n","protected":false},"author":1,"featured_media":0,"parent":0,"menu_order":0,"comment_status":"closed","ping_status":"closed","template":"","meta":{"footnotes":""},"class_list":["post-47925","page","type-page","status-publish","hentry"],"aioseo_notices":[],"_links":{"self":[{"href":"https:\/\/www.mirsa.es\/ca\/wp-json\/wp\/v2\/pages\/47925","targetHints":{"allow":["GET"]}}],"collection":[{"href":"https:\/\/www.mirsa.es\/ca\/wp-json\/wp\/v2\/pages"}],"about":[{"href":"https:\/\/www.mirsa.es\/ca\/wp-json\/wp\/v2\/types\/page"}],"author":[{"embeddable":true,"href":"https:\/\/www.mirsa.es\/ca\/wp-json\/wp\/v2\/users\/1"}],"replies":[{"embeddable":true,"href":"https:\/\/www.mirsa.es\/ca\/wp-json\/wp\/v2\/comments?post=47925"}],"version-history":[{"count":0,"href":"https:\/\/www.mirsa.es\/ca\/wp-json\/wp\/v2\/pages\/47925\/revisions"}],"wp:attachment":[{"href":"https:\/\/www.mirsa.es\/ca\/wp-json\/wp\/v2\/media?parent=47925"}],"curies":[{"name":"wp","href":"https:\/\/api.w.org\/{rel}","templated":true}]}}