{"id":47907,"date":"2018-06-06T11:27:31","date_gmt":"2018-06-06T09:27:31","guid":{"rendered":"http:\/\/www.mirsa.es.mialias.net\/emeco-sillas-modernas\/"},"modified":"2024-05-16T14:40:27","modified_gmt":"2024-05-16T14:40:27","slug":"emeco-sillas-modernas","status":"publish","type":"page","link":"https:\/\/www.mirsa.es\/ca\/emeco-sillas-modernas\/","title":{"rendered":"Emeco cadires modernes"},"content":{"rendered":"<div class=\"wpb-content-wrapper\"><p>[vc_row][vc_column][vc_column_text]<a style=\"color:black;\" href=\"javascript:history.go(-1)\" onmouseover=\"self.status=document.referrer;return true\">Enrere<\/a>[\/vc_column_text][\/vc_column][\/vc_row][vc_row][vc_column][vc_column_text]<\/p>\n<p><img decoding=\"async\" class=\"wp-image-1077 size-large aligncenter\" title=\"Emeco cadires modernes\" src=\"\/wp-content\/uploads\/2020\/06\/emeco_sillas_dise\u00f1o.jpg\" alt=\"Emeco cadires modernes\" width=\"100%\" height=\"400\"\/><\/p>\n<h2 style=\"font-size: 16px; text-align: left;\">Emeco \u00e9s una important empresa nord-americana especialitzada en la fabricaci\u00f3 i distribuci\u00f3 de mobles de disseny d\u2019alta qualitat.<\/h2>\n<p style=\"font-size: 16px; text-align: left;\">Fundada al 1944, als seus inicis es dedicava \u00fanicament a la comercialitzaci\u00f3 de cadires lleugeres i resistents al foc. Es diu que una de les seves peces m\u00e9s ic\u00f2niques, la cl\u00e0ssica cadira 1006 Navy, va ser dissenyada per durar com a m\u00ednim 150 anys.<\/p>\n<p style=\"font-size: 16px; text-align: left;\">Les col\u00b7leccions d\u2019Emeco es caracteritzen pel seu disseny senzill i intemporal, que encaixa a la perfecci\u00f3 en qualsevol tipus d\u2019ambient. Alguns dels dissenyadors m\u00e9s influents al m\u00f3n del disseny, com Philippe Starck, Norman Foster o Jean Nouvel, han col\u00b7laborat en el disseny de les seves peces.<\/p>\n<p style=\"font-size: 16px; text-align: left;\">Actualment la firma porta a terme una pol\u00edtica de producci\u00f3 molt respectuosa amb el medi ambient i la sostenibilitat, gestionant responsablement les mat\u00e8ries primeres.<\/p>\n<p style=\"font-size: 16px; text-align: left;\">A MIRSA interiorisme &#038; mobiliari som distribu\u00efdors oficials Emeco. Per a m\u00e9s informaci\u00f3 visiti la nostra exposici\u00f3 o contacti amb nosaltres.<\/p>\n<p>[\/vc_column_text][\/vc_column][\/vc_row]<\/p>\n<\/div>","protected":false},"excerpt":{"rendered":"<p>[vc_row][vc_column][vc_column_text]Enrere[\/vc_column_text][\/vc_column][\/vc_row][vc_row][vc_column][vc_column_text] Emeco \u00e9s una important empresa nord-americana especialitzada en la fabricaci\u00f3 i distribuci\u00f3 de mobles de disseny d\u2019alta qualitat. Fundada al 1944, als seus inicis es dedicava \u00fanicament a la comercialitzaci\u00f3 de cadires lleugeres i resistents al foc. Es diu que una de les seves peces m\u00e9s ic\u00f2niques, la cl\u00e0ssica cadira 1006 Navy, va ser [&hellip;]<\/p>\n","protected":false},"author":1,"featured_media":0,"parent":0,"menu_order":0,"comment_status":"closed","ping_status":"closed","template":"","meta":{"footnotes":""},"class_list":["post-47907","page","type-page","status-publish","hentry"],"aioseo_notices":[],"_links":{"self":[{"href":"https:\/\/www.mirsa.es\/ca\/wp-json\/wp\/v2\/pages\/47907","targetHints":{"allow":["GET"]}}],"collection":[{"href":"https:\/\/www.mirsa.es\/ca\/wp-json\/wp\/v2\/pages"}],"about":[{"href":"https:\/\/www.mirsa.es\/ca\/wp-json\/wp\/v2\/types\/page"}],"author":[{"embeddable":true,"href":"https:\/\/www.mirsa.es\/ca\/wp-json\/wp\/v2\/users\/1"}],"replies":[{"embeddable":true,"href":"https:\/\/www.mirsa.es\/ca\/wp-json\/wp\/v2\/comments?post=47907"}],"version-history":[{"count":0,"href":"https:\/\/www.mirsa.es\/ca\/wp-json\/wp\/v2\/pages\/47907\/revisions"}],"wp:attachment":[{"href":"https:\/\/www.mirsa.es\/ca\/wp-json\/wp\/v2\/media?parent=47907"}],"curies":[{"name":"wp","href":"https:\/\/api.w.org\/{rel}","templated":true}]}}