{"id":47902,"date":"2020-07-18T07:32:07","date_gmt":"2020-07-18T07:32:07","guid":{"rendered":"http:\/\/www.mirsa.es.mialias.net\/elvis-cattelan-italia\/"},"modified":"2020-12-16T09:14:49","modified_gmt":"2020-12-16T09:14:49","slug":"elvis-cattelan-italia","status":"publish","type":"page","link":"https:\/\/www.mirsa.es\/ca\/elvis-cattelan-italia\/","title":{"rendered":"Elvis Cattelan Italia"},"content":{"rendered":"<div class=\"wpb-content-wrapper\"><p>[vc_row][vc_column][vc_column_text]<\/p>\n<h5><img decoding=\"async\" class=\"wp-image-1077 size-large aligncenter\" title=\"Taula Elvis - Cattelan Italia\" src=\"\/wp-content\/uploads\/2020\/07\/mesa_elvis_cattelan_italia.jpg\" alt=\"Taula Elvis - Cattelan Italia\" width=\"100%\" height=\"400\" \/><\/h5>\n<p style=\"font-size: 16px; text-align: left;\"><strong>Elvis de la reconeguda firma Cattelan Italia \u00e9s una espectacular taula d\u2019estil contemporani patentada pel prestigi\u00f3s Alberto Danese.<br \/>\n<\/strong><\/p>\n<p style=\"font-size: 16px; text-align: left;\">Es tracta d\u2019una taula amb base en acer inoxidable anti petjades i columna en acer inoxidable disponible en envernissat blanc o graphite.<\/p>\n<p style=\"font-size: 16px; text-align: left;\">El sobre de la taula t\u00e9 un gruix de 15mm i es presenta en tres acabats: vidre transparent extraclar, laminat gris, Londres f\u00e8nix o castor Ottawa Fenix.<\/p>\n<p style=\"font-size: 16px; text-align: left;\">A MIRSA interiorisme &#038; mobiliari som distribu\u00efdors oficials Cattelan Italia. Per a m\u00e9s informaci\u00f3, visiti el nostre Showroom o contacti amb nosaltres.<\/p>\n<p>[\/vc_column_text][vc_row_inner][vc_column_inner]<style type=\"text\/css\">#bklyn_btn_69d1752023fea .bklyn-btn { color:#ffffff !important; background-color:black !important; }<\/style><div id=\"bklyn_btn_69d1752023fea\" class=\"bklyn-btn-holder  bklyn-btn-center bklyn-btn-tablet-center bklyn-btn-mobile-center\"><a title=\"Contacto\"   href=\"\/contacto\" target=\"_self\" class=\"bklyn-btn  bklyn-btn-icon-left bklyn-btn-normal\" ><i class=\"fa fa-envelope\"><\/i><span class=\"ut-btn-text\">M\u00e9s informaci\u00f3<\/span><\/a><\/div>[\/vc_column_inner][\/vc_row_inner][\/vc_column][\/vc_row]<\/p>\n<\/div>","protected":false},"excerpt":{"rendered":"<p>[vc_row][vc_column][vc_column_text] Elvis de la reconeguda firma Cattelan Italia \u00e9s una espectacular taula d\u2019estil contemporani patentada pel prestigi\u00f3s Alberto Danese. Es tracta d\u2019una taula amb base en acer inoxidable anti petjades i columna en acer inoxidable disponible en envernissat blanc o graphite. El sobre de la taula t\u00e9 un gruix de 15mm i es presenta en [&hellip;]<\/p>\n","protected":false},"author":1,"featured_media":0,"parent":0,"menu_order":0,"comment_status":"closed","ping_status":"closed","template":"","meta":{"footnotes":""},"class_list":["post-47902","page","type-page","status-publish","hentry"],"aioseo_notices":[],"_links":{"self":[{"href":"https:\/\/www.mirsa.es\/ca\/wp-json\/wp\/v2\/pages\/47902","targetHints":{"allow":["GET"]}}],"collection":[{"href":"https:\/\/www.mirsa.es\/ca\/wp-json\/wp\/v2\/pages"}],"about":[{"href":"https:\/\/www.mirsa.es\/ca\/wp-json\/wp\/v2\/types\/page"}],"author":[{"embeddable":true,"href":"https:\/\/www.mirsa.es\/ca\/wp-json\/wp\/v2\/users\/1"}],"replies":[{"embeddable":true,"href":"https:\/\/www.mirsa.es\/ca\/wp-json\/wp\/v2\/comments?post=47902"}],"version-history":[{"count":0,"href":"https:\/\/www.mirsa.es\/ca\/wp-json\/wp\/v2\/pages\/47902\/revisions"}],"wp:attachment":[{"href":"https:\/\/www.mirsa.es\/ca\/wp-json\/wp\/v2\/media?parent=47902"}],"curies":[{"name":"wp","href":"https:\/\/api.w.org\/{rel}","templated":true}]}}