{"id":47885,"date":"2019-06-22T18:03:14","date_gmt":"2019-06-22T16:03:14","guid":{"rendered":"http:\/\/www.mirsa.es.mialias.net\/elizabeth-teck-ligne-roset\/"},"modified":"2020-12-15T17:51:37","modified_gmt":"2020-12-15T17:51:37","slug":"elizabeth-teck-ligne-roset","status":"publish","type":"page","link":"https:\/\/www.mirsa.es\/ca\/elizabeth-teck-ligne-roset\/","title":{"rendered":"Elizabeth Teck Ligne Roset"},"content":{"rendered":"<div class=\"wpb-content-wrapper\"><p>[vc_row][vc_column][vc_column_text]<\/p>\n<h5><img decoding=\"async\" class=\"wp-image-1077 size-large aligncenter\" title=\"Elizabeth Teck Ligne Roset\" src=\"\/wp-content\/uploads\/2020\/08\/elizabeth_teck_ligne_roset.jpg\" alt=\"Elizabeth Teck Ligne Roset\" width=\"100%\" height=\"400\" \/><\/h5>\n<p style=\"font-size: 16px; text-align: left;\"><strong>Elizabeth Teck \u00e9s una exclusiva butaca d\u2019estil contemporani patentada pel reconegut dissenyador japon\u00e8s Nathan Yong per a la prestigiosa firma francesa Ligne Roset.<\/strong><\/p>\n<p style=\"font-size: 16px; text-align: left;\">La col\u00b7lecci\u00f3 es concep com una reinterpretaci\u00f3 de la ic\u00f2nica butaca Berg\u00e8re, que s&#8217;adapta als nous temps gr\u00e0cies a un enfocament org\u00e0nic i modern.<\/p>\n<p style=\"font-size: 16px; text-align: left;\">Com \u00e9s habitual en les col\u00b7leccions de Nathan Yong, el dissenyador japon\u00e8s combina a la perfecci\u00f3 l\u00ednies rigoroses amb el valor de la mat\u00e8ria.\n<\/p>\n<p style=\"font-size: 16px; text-align: left;\">L&#8217;estructura d&#8217;Elizabeth Tek est\u00e0 fabricada amb fusta massissa de Teca d&#8217;alta qualitat, garantint la seva resist\u00e8ncia al pas del temps i a les inclem\u00e8ncies meteorol\u00f2giques.<\/p>\n<p style=\"font-size: 16px; text-align: left;\">A MIRSA interiorisme &#038; mobiliari som distribu\u00efdors oficials Ligne Roset. Per a m\u00e9s informaci\u00f3, visiti el nostre Showroom o contacti amb nosaltres.<\/p>\n<p>[\/vc_column_text][vc_row_inner][vc_column_inner]<style type=\"text\/css\">#bklyn_btn_69d270904b59b .bklyn-btn { color:#ffffff !important; background-color:black !important; }<\/style><div id=\"bklyn_btn_69d270904b59b\" class=\"bklyn-btn-holder  bklyn-btn-center bklyn-btn-tablet-center bklyn-btn-mobile-center\"><a title=\"Contacto\"   href=\"\/contacto\" target=\"_self\" class=\"bklyn-btn  bklyn-btn-icon-left bklyn-btn-normal\" ><i class=\"fa fa-envelope\"><\/i><span class=\"ut-btn-text\">M\u00e9s informaci\u00f3<\/span><\/a><\/div>[\/vc_column_inner][\/vc_row_inner][\/vc_column][\/vc_row]<\/p>\n<\/div>","protected":false},"excerpt":{"rendered":"<p>[vc_row][vc_column][vc_column_text] Elizabeth Teck \u00e9s una exclusiva butaca d\u2019estil contemporani patentada pel reconegut dissenyador japon\u00e8s Nathan Yong per a la prestigiosa firma francesa Ligne Roset. La col\u00b7lecci\u00f3 es concep com una reinterpretaci\u00f3 de la ic\u00f2nica butaca Berg\u00e8re, que s&#8217;adapta als nous temps gr\u00e0cies a un enfocament org\u00e0nic i modern. Com \u00e9s habitual en les col\u00b7leccions de [&hellip;]<\/p>\n","protected":false},"author":1,"featured_media":0,"parent":0,"menu_order":0,"comment_status":"closed","ping_status":"closed","template":"","meta":{"footnotes":""},"class_list":["post-47885","page","type-page","status-publish","hentry"],"aioseo_notices":[],"_links":{"self":[{"href":"https:\/\/www.mirsa.es\/ca\/wp-json\/wp\/v2\/pages\/47885","targetHints":{"allow":["GET"]}}],"collection":[{"href":"https:\/\/www.mirsa.es\/ca\/wp-json\/wp\/v2\/pages"}],"about":[{"href":"https:\/\/www.mirsa.es\/ca\/wp-json\/wp\/v2\/types\/page"}],"author":[{"embeddable":true,"href":"https:\/\/www.mirsa.es\/ca\/wp-json\/wp\/v2\/users\/1"}],"replies":[{"embeddable":true,"href":"https:\/\/www.mirsa.es\/ca\/wp-json\/wp\/v2\/comments?post=47885"}],"version-history":[{"count":0,"href":"https:\/\/www.mirsa.es\/ca\/wp-json\/wp\/v2\/pages\/47885\/revisions"}],"wp:attachment":[{"href":"https:\/\/www.mirsa.es\/ca\/wp-json\/wp\/v2\/media?parent=47885"}],"curies":[{"name":"wp","href":"https:\/\/api.w.org\/{rel}","templated":true}]}}