{"id":47880,"date":"2020-07-17T17:20:24","date_gmt":"2020-07-17T17:20:24","guid":{"rendered":"http:\/\/www.mirsa.es.mialias.net\/eliot-cattelan-italia\/"},"modified":"2020-12-15T17:40:20","modified_gmt":"2020-12-15T17:40:20","slug":"eliot-cattelan-italia","status":"publish","type":"page","link":"https:\/\/www.mirsa.es\/ca\/eliot-cattelan-italia\/","title":{"rendered":"Eliot Cattelan Italia"},"content":{"rendered":"<div class=\"wpb-content-wrapper\"><p>[vc_row][vc_column][vc_column_text]<\/p>\n<h5><img decoding=\"async\" class=\"wp-image-1077 size-large aligncenter\" title=\"Eliot Cattelan Italia\" src=\"\/wp-content\/uploads\/2020\/07\/mesa_eliot_cattelan_italia.jpg\" alt=\"Eliot Cattelan Italia\" width=\"100%\" height=\"400\" \/><\/h5>\n<p style=\"font-size: 16px; text-align: left;\"><strong>Eliot de Cattelan Italia es una elegant i exclusiva taula de disseny contemporani patentada pel prestigi\u00f3s dissenyador Glorgio Cattelan.<br \/>\n<\/strong><\/p>\n<p style=\"font-size: 16px; text-align: left;\">Es tracta d\u2019una taula amb base en acer, disponible en diversos colors i acabats. El sobre est\u00e0 format per una \u00fanica pe\u00e7a, disponible en vidre extraclar de 12mm, o en marbre blanc Carrara o Emperador.<\/p>\n<p style=\"font-size: 16px; text-align: left;\">A MIRSA interiorisme &#038; mobiliari som distribu\u00efdors oficials Cattelan Italia. Per a m\u00e9s informaci\u00f3, visiti el nostre Showroom o contacti amb nosaltres.<\/p>\n<p>[\/vc_column_text][vc_row_inner][vc_column_inner]<style type=\"text\/css\">#bklyn_btn_69d17c88507f8 .bklyn-btn { color:#ffffff !important; background-color:black !important; }<\/style><div id=\"bklyn_btn_69d17c88507f8\" class=\"bklyn-btn-holder  bklyn-btn-center bklyn-btn-tablet-center bklyn-btn-mobile-center\"><a title=\"Contacto\"   href=\"\/contacto\" target=\"_self\" class=\"bklyn-btn  bklyn-btn-icon-left bklyn-btn-normal\" ><i class=\"fa fa-envelope\"><\/i><span class=\"ut-btn-text\">M\u00e9s informaci\u00f3<\/span><\/a><\/div>[\/vc_column_inner][\/vc_row_inner][\/vc_column][\/vc_row]<\/p>\n<\/div>","protected":false},"excerpt":{"rendered":"<p>[vc_row][vc_column][vc_column_text] Eliot de Cattelan Italia es una elegant i exclusiva taula de disseny contemporani patentada pel prestigi\u00f3s dissenyador Glorgio Cattelan. Es tracta d\u2019una taula amb base en acer, disponible en diversos colors i acabats. El sobre est\u00e0 format per una \u00fanica pe\u00e7a, disponible en vidre extraclar de 12mm, o en marbre blanc Carrara o Emperador. [&hellip;]<\/p>\n","protected":false},"author":1,"featured_media":0,"parent":0,"menu_order":0,"comment_status":"closed","ping_status":"closed","template":"","meta":{"footnotes":""},"class_list":["post-47880","page","type-page","status-publish","hentry"],"aioseo_notices":[],"_links":{"self":[{"href":"https:\/\/www.mirsa.es\/ca\/wp-json\/wp\/v2\/pages\/47880","targetHints":{"allow":["GET"]}}],"collection":[{"href":"https:\/\/www.mirsa.es\/ca\/wp-json\/wp\/v2\/pages"}],"about":[{"href":"https:\/\/www.mirsa.es\/ca\/wp-json\/wp\/v2\/types\/page"}],"author":[{"embeddable":true,"href":"https:\/\/www.mirsa.es\/ca\/wp-json\/wp\/v2\/users\/1"}],"replies":[{"embeddable":true,"href":"https:\/\/www.mirsa.es\/ca\/wp-json\/wp\/v2\/comments?post=47880"}],"version-history":[{"count":0,"href":"https:\/\/www.mirsa.es\/ca\/wp-json\/wp\/v2\/pages\/47880\/revisions"}],"wp:attachment":[{"href":"https:\/\/www.mirsa.es\/ca\/wp-json\/wp\/v2\/media?parent=47880"}],"curies":[{"name":"wp","href":"https:\/\/api.w.org\/{rel}","templated":true}]}}