{"id":47873,"date":"2018-06-06T10:14:54","date_gmt":"2018-06-06T08:14:54","guid":{"rendered":"http:\/\/www.mirsa.es.mialias.net\/elica-extractores-humo\/"},"modified":"2024-05-21T14:54:11","modified_gmt":"2024-05-21T14:54:11","slug":"elica-extractores-humo","status":"publish","type":"page","link":"https:\/\/www.mirsa.es\/ca\/elica-extractores-humo\/","title":{"rendered":"Elica extractors de fum"},"content":{"rendered":"<div class=\"wpb-content-wrapper\"><p>[vc_row css=&#8221;.vc_custom_1583596731269{margin-left: -50px !important;}&#8221;][vc_column][vc_column_text]<a style=\"color:black;\" href=\"javascript:history.go(-1)\" onmouseover=\"self.status=document.referrer;return true\">Enrere<\/a>[\/vc_column_text][\/vc_column][\/vc_row][vc_row][vc_column][vc_column_text]<\/p>\n<h5><img decoding=\"async\" class=\"wp-image-1077 size-large aligncenter\" title=\"Elica extractors de fum\" src=\"\/wp-content\/uploads\/2020\/06\/elica_extractores_humo.jpg\" alt=\"Elica extractors de fum\" width=\"100%\" height=\"400\" \/><\/h5>\n<p style=\"font-size: 16px; text-align: left;\"><strong>Elica \u00e9s una reconeguda firma italiana dedicada a la fabricaci\u00f3 i distribuci\u00f3 d\u2019extractors de fum i altres sistemes de cuina.<\/strong><\/p>\n<p style=\"font-size: 16px; text-align: left;\">La firma ha desenvolupat un m\u00e8tode basat el la innovaci\u00f3 amb l\u2019objectiu de comprendre les necessitats dels clients i oferir-li la millor soluci\u00f3. La seva estreta col\u00b7laboraci\u00f3 amb universitats de prestigi internacional i amb centres d\u2019investigaci\u00f3 li han perm\u00e8s desenvolupar projectes innovadors i funcionals.<\/p>\n<p style=\"font-size: 16px; text-align: left;\">Fruit d\u2019aquesta forta aposta pel i+d+I ha nascut una de les seves col\u00b7leccions m\u00e9s admirades: Nikola Tesla Switch. Es tracta d\u2019un innovador sistema d\u2019aspiraci\u00f3 per inducci\u00f3 que atrapa el vapor abans que comenci a dispersar-se per la sala.<\/p>\n<p style=\"font-size: 16px; text-align: left;\">Una col\u00b7lecci\u00f3 que revoluciona per complet l\u2019experi\u00e8ncia di\u00e0ria a la cuina i que satisf\u00e0 fidelment les necessitats del client. A MIRSA interiorisme &#038; mobilairi som distribu\u00efdors oficiales Elica. Per a m\u00e9s informaci\u00f3, visiti el nostre Showroom o contacti amb nosaltres.<\/p>\n<p>[\/vc_column_text][\/vc_column][\/vc_row]<\/p>\n<\/div>","protected":false},"excerpt":{"rendered":"<p>[vc_row css=&#8221;.vc_custom_1583596731269{margin-left: -50px !important;}&#8221;][vc_column][vc_column_text]Enrere[\/vc_column_text][\/vc_column][\/vc_row][vc_row][vc_column][vc_column_text] Elica \u00e9s una reconeguda firma italiana dedicada a la fabricaci\u00f3 i distribuci\u00f3 d\u2019extractors de fum i altres sistemes de cuina. La firma ha desenvolupat un m\u00e8tode basat el la innovaci\u00f3 amb l\u2019objectiu de comprendre les necessitats dels clients i oferir-li la millor soluci\u00f3. La seva estreta col\u00b7laboraci\u00f3 amb universitats de prestigi [&hellip;]<\/p>\n","protected":false},"author":1,"featured_media":0,"parent":0,"menu_order":0,"comment_status":"closed","ping_status":"closed","template":"","meta":{"footnotes":""},"class_list":["post-47873","page","type-page","status-publish","hentry"],"aioseo_notices":[],"_links":{"self":[{"href":"https:\/\/www.mirsa.es\/ca\/wp-json\/wp\/v2\/pages\/47873","targetHints":{"allow":["GET"]}}],"collection":[{"href":"https:\/\/www.mirsa.es\/ca\/wp-json\/wp\/v2\/pages"}],"about":[{"href":"https:\/\/www.mirsa.es\/ca\/wp-json\/wp\/v2\/types\/page"}],"author":[{"embeddable":true,"href":"https:\/\/www.mirsa.es\/ca\/wp-json\/wp\/v2\/users\/1"}],"replies":[{"embeddable":true,"href":"https:\/\/www.mirsa.es\/ca\/wp-json\/wp\/v2\/comments?post=47873"}],"version-history":[{"count":0,"href":"https:\/\/www.mirsa.es\/ca\/wp-json\/wp\/v2\/pages\/47873\/revisions"}],"wp:attachment":[{"href":"https:\/\/www.mirsa.es\/ca\/wp-json\/wp\/v2\/media?parent=47873"}],"curies":[{"name":"wp","href":"https:\/\/api.w.org\/{rel}","templated":true}]}}