{"id":47863,"date":"2019-06-07T10:06:33","date_gmt":"2019-06-07T08:06:33","guid":{"rendered":"http:\/\/www.mirsa.es.mialias.net\/electrolux-electrodomesticos\/"},"modified":"2021-03-18T09:13:02","modified_gmt":"2021-03-18T09:13:02","slug":"electrolux-electrodomesticos","status":"publish","type":"page","link":"https:\/\/www.mirsa.es\/ca\/electrolux-electrodomesticos\/","title":{"rendered":"Electrolux Electrodom\u00e8stics"},"content":{"rendered":"<div class=\"wpb-content-wrapper\"><p>[vc_row css=&#8221;.vc_custom_1583596731269{margin-left: -50px !important;}&#8221;][vc_column][vc_column_text]<a href=\"javascript:history.go(-1)\" onmouseover=\"self.status=document.referrer;return true\" style=\"color: black;\">Enrere<\/a>[\/vc_column_text][\/vc_column][\/vc_row][vc_row][vc_column][vc_column_text]<br \/>\n<img decoding=\"async\" class=\"wp-image-1077 size-large aligncenter\" title=\"Electrolux Electrodom\u00e8stics\" src=\"\/wp-content\/uploads\/2020\/06\/electrolux_electrodomesticos.jpg\" alt=\"Electrolux Electrodom\u00e8stics\" width=\"100%\" height=\"400\"\/><\/p>\n<h2 style=\"font-size: 16px; text-align: left;\"><strong>Electrolux \u00e9s una prestigiosa marca sueca fundada al 1919 dedicada a la producci\u00f3 i distribuci\u00f3 d\u2019electrodom\u00e8stics per a la llar.<\/strong><\/h2>\n<p style=\"font-size: 16px; text-align: left;\">La marca fa m\u00e9s de 100 anys que vetlla per millorar la vida de les persones, oferint solucions elegants i funcionals pel dia a dia a la llar. La firma sueca disposa actualment d\u2019un extens cat\u00e0leg d\u2019electrodom\u00e8stics i s\u2019ha convertit en una de les marques de refer\u00e8ncia al sector.<\/p>\n<p style=\"font-size: 16px; text-align: left;\">Hornos, frigor\u00edficos, extractores de humo, lavadoras y lavavajillas, todos los productos de Electrolux ofrecen las mejores garant\u00edas para facilitar el d\u00eda a d\u00eda en la cocina y el hogar.<\/p>\n<p style=\"font-size: 16px; text-align: left;\">Forns, frigor\u00edfics, extractors de fum, rentadores i rentavaixelles, tots els productes d\u2019electrolux ofereixen les millors garanties per a facilitar el dia a dia en la cuina i la llar.<\/p>\n<p>[\/vc_column_text][vc_row_inner][vc_column_inner width=&#8221;1\/3&#8243;][\/vc_column_inner][vc_column_inner width=&#8221;1\/3&#8243;]<style type=\"text\/css\">#bklyn_btn_6a092365ebfa8 .bklyn-btn { color:#ffffff !important; background-color:black !important; }<\/style><div id=\"bklyn_btn_6a092365ebfa8\" class=\"bklyn-btn-holder  bklyn-btn-center bklyn-btn-tablet-center bklyn-btn-mobile-center\"><a title=\"Contacto\"   href=\"\/contacto\" target=\"_self\" class=\"bklyn-btn  bklyn-btn-icon-left bklyn-btn-normal\" ><i class=\"fa fa-envelope\"><\/i><span class=\"ut-btn-text\">M\u00e9s informaci\u00f3<\/span><\/a><\/div>[\/vc_column_inner][vc_column_inner width=&#8221;1\/3&#8243;][\/vc_column_inner][\/vc_row_inner][\/vc_column][\/vc_row]<\/p>\n<\/div>","protected":false},"excerpt":{"rendered":"<p>[vc_row css=&#8221;.vc_custom_1583596731269{margin-left: -50px !important;}&#8221;][vc_column][vc_column_text]Enrere[\/vc_column_text][\/vc_column][\/vc_row][vc_row][vc_column][vc_column_text] Electrolux \u00e9s una prestigiosa marca sueca fundada al 1919 dedicada a la producci\u00f3 i distribuci\u00f3 d\u2019electrodom\u00e8stics per a la llar. La marca fa m\u00e9s de 100 anys que vetlla per millorar la vida de les persones, oferint solucions elegants i funcionals pel dia a dia a la llar. La firma sueca [&hellip;]<\/p>\n","protected":false},"author":1,"featured_media":0,"parent":0,"menu_order":0,"comment_status":"closed","ping_status":"closed","template":"","meta":{"footnotes":""},"class_list":["post-47863","page","type-page","status-publish","hentry"],"aioseo_notices":[],"_links":{"self":[{"href":"https:\/\/www.mirsa.es\/ca\/wp-json\/wp\/v2\/pages\/47863","targetHints":{"allow":["GET"]}}],"collection":[{"href":"https:\/\/www.mirsa.es\/ca\/wp-json\/wp\/v2\/pages"}],"about":[{"href":"https:\/\/www.mirsa.es\/ca\/wp-json\/wp\/v2\/types\/page"}],"author":[{"embeddable":true,"href":"https:\/\/www.mirsa.es\/ca\/wp-json\/wp\/v2\/users\/1"}],"replies":[{"embeddable":true,"href":"https:\/\/www.mirsa.es\/ca\/wp-json\/wp\/v2\/comments?post=47863"}],"version-history":[{"count":0,"href":"https:\/\/www.mirsa.es\/ca\/wp-json\/wp\/v2\/pages\/47863\/revisions"}],"wp:attachment":[{"href":"https:\/\/www.mirsa.es\/ca\/wp-json\/wp\/v2\/media?parent=47863"}],"curies":[{"name":"wp","href":"https:\/\/api.w.org\/{rel}","templated":true}]}}