{"id":47849,"date":"2018-06-02T11:39:14","date_gmt":"2018-06-02T09:39:14","guid":{"rendered":"http:\/\/www.mirsa.es.mialias.net\/ecosmart-chimeneas-bioetanol\/"},"modified":"2024-05-16T13:47:55","modified_gmt":"2024-05-16T13:47:55","slug":"ecosmart-chimeneas-bioetanol","status":"publish","type":"page","link":"https:\/\/www.mirsa.es\/ca\/ecosmart-chimeneas-bioetanol\/","title":{"rendered":"Ecosmart Xemeneies de Bioetanol"},"content":{"rendered":"<div class=\"wpb-content-wrapper\"><p>[vc_row css=&#8221;.vc_custom_1583596731269{margin-left: -50px !important;}&#8221;][vc_column][vc_column_text]<a style=\"color:black;\" href=\"javascript:history.go(-1)\" onmouseover=\"self.status=document.referrer;return true\">Enrere<\/a>[\/vc_column_text][\/vc_column][\/vc_row][vc_row][vc_column][vc_column_text]<br \/>\n<img decoding=\"async\" class=\"wp-image-1077 size-large aligncenter\" title=\"Ecosmart Fire Chimeneas de Bioetanol\" src=\"\/wp-content\/uploads\/2020\/06\/ecosmart_chimeneas_bioetanol.jpg\" alt=\"Ecosmart Fire Chimeneas de Bioetanol\" width=\"100%\" height=\"400\" \/><\/p>\n<h2 style=\"font-size: 16px; text-align: left;\"><strong>Ecosmart \u201cThe Fire Company\u201d \u00e9s una prestigiosa firma dedicada a la fabricaci\u00f3 i distribuci\u00f3 de xemeneies de Bioetanol.<\/strong><\/h2>\n<p style=\"font-size: 16px; text-align: left;\">La marca ens presenta un extens cat\u00e0leg de xemeneies d\u2019est\u00e8tica contempor\u00e0nia que al mateix temps proporciona un escalfament efica\u00e7 i confortable.<\/p>\n<p style=\"font-size: 16px; text-align: left;\">A MIRSA interiorisme &#038; mobiliari som distribu\u00efdors oficials Ecosmart Fire. Per a m\u00e9s informaci\u00f3, visiti el nostre Showroom o contacti amb nosaltres.<\/p>\n<p>[\/vc_column_text][\/vc_column][\/vc_row][vc_section][vc_row full_width=&#8221;stretch_row_content_no_spaces&#8221;][vc_column][vc_column_text]<iframe id=\"embedded-ads-iframe-website\" width=\"100%\" height=\"600\" data-originsrc=\"https:\/\/mirsa.daloom.com\/es\/productos\/chimeneas-y-estufas\/brand_ecosmart-fire\"><\/iframe><br \/>\n<script defer src=\"https:\/\/mirsa.daloom.com\/js\/parent-embedded-script.min.js\"><\/script>[\/vc_column_text][\/vc_column][\/vc_row][\/vc_section]<\/p>\n<\/div>","protected":false},"excerpt":{"rendered":"<p>[vc_row css=&#8221;.vc_custom_1583596731269{margin-left: -50px !important;}&#8221;][vc_column][vc_column_text]Enrere[\/vc_column_text][\/vc_column][\/vc_row][vc_row][vc_column][vc_column_text] Ecosmart \u201cThe Fire Company\u201d \u00e9s una prestigiosa firma dedicada a la fabricaci\u00f3 i distribuci\u00f3 de xemeneies de Bioetanol. La marca ens presenta un extens cat\u00e0leg de xemeneies d\u2019est\u00e8tica contempor\u00e0nia que al mateix temps proporciona un escalfament efica\u00e7 i confortable. A MIRSA interiorisme &#038; mobiliari som distribu\u00efdors oficials Ecosmart Fire. Per a [&hellip;]<\/p>\n","protected":false},"author":1,"featured_media":0,"parent":0,"menu_order":0,"comment_status":"closed","ping_status":"closed","template":"","meta":{"footnotes":""},"class_list":["post-47849","page","type-page","status-publish","hentry"],"aioseo_notices":[],"_links":{"self":[{"href":"https:\/\/www.mirsa.es\/ca\/wp-json\/wp\/v2\/pages\/47849","targetHints":{"allow":["GET"]}}],"collection":[{"href":"https:\/\/www.mirsa.es\/ca\/wp-json\/wp\/v2\/pages"}],"about":[{"href":"https:\/\/www.mirsa.es\/ca\/wp-json\/wp\/v2\/types\/page"}],"author":[{"embeddable":true,"href":"https:\/\/www.mirsa.es\/ca\/wp-json\/wp\/v2\/users\/1"}],"replies":[{"embeddable":true,"href":"https:\/\/www.mirsa.es\/ca\/wp-json\/wp\/v2\/comments?post=47849"}],"version-history":[{"count":0,"href":"https:\/\/www.mirsa.es\/ca\/wp-json\/wp\/v2\/pages\/47849\/revisions"}],"wp:attachment":[{"href":"https:\/\/www.mirsa.es\/ca\/wp-json\/wp\/v2\/media?parent=47849"}],"curies":[{"name":"wp","href":"https:\/\/api.w.org\/{rel}","templated":true}]}}