{"id":47845,"date":"2019-04-27T17:59:40","date_gmt":"2019-04-27T15:59:40","guid":{"rendered":"http:\/\/www.mirsa.es.mialias.net\/eclipse-arketipo\/"},"modified":"2020-12-15T12:05:01","modified_gmt":"2020-12-15T12:05:01","slug":"eclipse-arketipo","status":"publish","type":"page","link":"https:\/\/www.mirsa.es\/ca\/eclipse-arketipo\/","title":{"rendered":"Eclipse Arketipo"},"content":{"rendered":"<div class=\"wpb-content-wrapper\"><p>[vc_row][vc_column][vc_column_text]<\/p>\n<h5><img decoding=\"async\" class=\"wp-image-1077 size-large aligncenter\" title=\"Eclipse Arketipo\" src=\"\/wp-content\/uploads\/2020\/07\/mesa_eclipse_arketipo.jpg\" alt=\"Eclipse Arketipo\" width=\"100%\" height=\"400\" \/><\/h5>\n<p style=\"font-size: 16px; text-align: left;\"><strong>Eclipse \u00e9s la nova taula auxiliar d\u2019estil contemporani patentada pel prestigi\u00f3s Mauro Lipparini per a la firma italiana Arketipo Firenze.<br \/>\n<\/strong><\/p>\n<p style=\"font-size: 16px; text-align: left;\">Las formas geom\u00e9tricas del tablero junto con el contraste entre el blanco y el negro brillante crean una atm\u00f3sfera de extrema elegancia.\n<\/p>\n<p style=\"font-size: 16px; text-align: left;\">Els seus volums rectes i minimalistes transmeten exclusivitat i distinci\u00f3, a la vegada que la converteixen en una pe\u00e7a lleugera i funcional, adaptat-se amb facilitat a qualsevol tipus d\u2019espai.<\/p>\n<p style=\"font-size: 16px; text-align: left;\">A MIRSA interiorisme &#038; mobiliari som distribu\u00efdors oficials Arketipo. Per a m\u00e9s informaci\u00f3, visiti el nostre Showroom o contacti amb nosaltres.\n<\/p>\n<p>[\/vc_column_text][vc_row_inner][vc_column_inner]<style type=\"text\/css\">#bklyn_btn_69d38bb0b6c56 .bklyn-btn { color:#ffffff !important; background-color:black !important; }<\/style><div id=\"bklyn_btn_69d38bb0b6c56\" class=\"bklyn-btn-holder  bklyn-btn-center bklyn-btn-tablet-center bklyn-btn-mobile-center\"><a title=\"Contacto\"   href=\"\/contacto\" target=\"_self\" class=\"bklyn-btn  bklyn-btn-icon-left bklyn-btn-normal\" ><i class=\"fa fa-envelope\"><\/i><span class=\"ut-btn-text\">M\u00e9s informaci\u00f3<\/span><\/a><\/div>[\/vc_column_inner][\/vc_row_inner][\/vc_column][\/vc_row]<\/p>\n<\/div>","protected":false},"excerpt":{"rendered":"<p>[vc_row][vc_column][vc_column_text] Eclipse \u00e9s la nova taula auxiliar d\u2019estil contemporani patentada pel prestigi\u00f3s Mauro Lipparini per a la firma italiana Arketipo Firenze. Las formas geom\u00e9tricas del tablero junto con el contraste entre el blanco y el negro brillante crean una atm\u00f3sfera de extrema elegancia. Els seus volums rectes i minimalistes transmeten exclusivitat i distinci\u00f3, a la [&hellip;]<\/p>\n","protected":false},"author":1,"featured_media":0,"parent":0,"menu_order":0,"comment_status":"closed","ping_status":"closed","template":"","meta":{"footnotes":""},"class_list":["post-47845","page","type-page","status-publish","hentry"],"aioseo_notices":[],"_links":{"self":[{"href":"https:\/\/www.mirsa.es\/ca\/wp-json\/wp\/v2\/pages\/47845","targetHints":{"allow":["GET"]}}],"collection":[{"href":"https:\/\/www.mirsa.es\/ca\/wp-json\/wp\/v2\/pages"}],"about":[{"href":"https:\/\/www.mirsa.es\/ca\/wp-json\/wp\/v2\/types\/page"}],"author":[{"embeddable":true,"href":"https:\/\/www.mirsa.es\/ca\/wp-json\/wp\/v2\/users\/1"}],"replies":[{"embeddable":true,"href":"https:\/\/www.mirsa.es\/ca\/wp-json\/wp\/v2\/comments?post=47845"}],"version-history":[{"count":0,"href":"https:\/\/www.mirsa.es\/ca\/wp-json\/wp\/v2\/pages\/47845\/revisions"}],"wp:attachment":[{"href":"https:\/\/www.mirsa.es\/ca\/wp-json\/wp\/v2\/media?parent=47845"}],"curies":[{"name":"wp","href":"https:\/\/api.w.org\/{rel}","templated":true}]}}