{"id":47833,"date":"2018-03-09T18:33:24","date_gmt":"2018-03-09T17:33:24","guid":{"rendered":"http:\/\/www.mirsa.es.mialias.net\/e15-muebles\/"},"modified":"2024-05-16T13:30:42","modified_gmt":"2024-05-16T13:30:42","slug":"e15-muebles","status":"publish","type":"page","link":"https:\/\/www.mirsa.es\/ca\/e15-muebles\/","title":{"rendered":"e15 mobles"},"content":{"rendered":"<div class=\"wpb-content-wrapper\"><p>[vc_row css=&#8221;.vc_custom_1583596731269{margin-left: -50px !important;}&#8221;][vc_column][vc_column_text]<a style=\"color:black;\" href=\"javascript:history.go(-1)\" onmouseover=\"self.status=document.referrer;return true\">Enrere<\/a>[\/vc_column_text][\/vc_column][\/vc_row][vc_row][vc_column][vc_column_text]<br \/>\n<img decoding=\"async\" class=\"wp-image-1077 size-large aligncenter\" title=\"E15 muebles\" src=\"\/wp-content\/uploads\/2020\/06\/e15_muebles_portada.jpg\" alt=\"E15 muebles\" width=\"100%\" height=\"400\" \/><\/p>\n<h2 style=\"font-size: 16px; text-align: left;\"><strong>E15 \u00e9s una reconeguda firma de mobiliari que destaca pel seu disseny elegant i contemporani d\u2019alta qualitat, que utilitza els m\u00e8todes de producci\u00f3 m\u00e9s innovadors.<\/strong><\/h2>\n<p style=\"font-size: 16px; text-align: left;\">Amb una \u00e0mplia varietat de col\u00b7leccions en el seu cat\u00e0leg, la marca mant\u00e9 un estil propi, oferint solucions de qualitat per a habitatges i oficines.<\/p>\n<p style=\"font-size: 16px; text-align: left;\">En els \u00faltims anys la companyia s\u2019ha consagrat com una refer\u00e8ncia en el m\u00f3n del disseny, presentant projectes de primer nivell i exportant a pr\u00e0cticament qualsevol lloc del m\u00f3n.<\/p>\n<p style=\"font-size: 16px; text-align: left;\">A MIRSA interiorisme &#038; mobiliari som distribu\u00efdors oficials E15. Per a m\u00e9s informaci\u00f3, visiti la nostra exposici\u00f3 o contacti amb nosaltres.<\/p>\n<p>[\/vc_column_text][\/vc_column][\/vc_row][vc_section][vc_row full_width=&#8221;stretch_row_content_no_spaces&#8221;][vc_column][vc_column_text]<iframe id=\"embedded-ads-iframe-website\" width=\"100%\" height=\"600\" data-originsrc=\"https:\/\/mirsa.daloom.com\/es\/productos\/mobiliario\/brand_e15\"><\/iframe><br \/>\n<script defer src=\"https:\/\/mirsa.daloom.com\/js\/parent-embedded-script.min.js\"><\/script>[\/vc_column_text][\/vc_column][\/vc_row][\/vc_section]<\/p>\n<\/div>","protected":false},"excerpt":{"rendered":"<p>[vc_row css=&#8221;.vc_custom_1583596731269{margin-left: -50px !important;}&#8221;][vc_column][vc_column_text]Enrere[\/vc_column_text][\/vc_column][\/vc_row][vc_row][vc_column][vc_column_text] E15 \u00e9s una reconeguda firma de mobiliari que destaca pel seu disseny elegant i contemporani d\u2019alta qualitat, que utilitza els m\u00e8todes de producci\u00f3 m\u00e9s innovadors. Amb una \u00e0mplia varietat de col\u00b7leccions en el seu cat\u00e0leg, la marca mant\u00e9 un estil propi, oferint solucions de qualitat per a habitatges i oficines. En [&hellip;]<\/p>\n","protected":false},"author":1,"featured_media":0,"parent":0,"menu_order":0,"comment_status":"closed","ping_status":"closed","template":"","meta":{"footnotes":""},"class_list":["post-47833","page","type-page","status-publish","hentry"],"aioseo_notices":[],"_links":{"self":[{"href":"https:\/\/www.mirsa.es\/ca\/wp-json\/wp\/v2\/pages\/47833","targetHints":{"allow":["GET"]}}],"collection":[{"href":"https:\/\/www.mirsa.es\/ca\/wp-json\/wp\/v2\/pages"}],"about":[{"href":"https:\/\/www.mirsa.es\/ca\/wp-json\/wp\/v2\/types\/page"}],"author":[{"embeddable":true,"href":"https:\/\/www.mirsa.es\/ca\/wp-json\/wp\/v2\/users\/1"}],"replies":[{"embeddable":true,"href":"https:\/\/www.mirsa.es\/ca\/wp-json\/wp\/v2\/comments?post=47833"}],"version-history":[{"count":0,"href":"https:\/\/www.mirsa.es\/ca\/wp-json\/wp\/v2\/pages\/47833\/revisions"}],"wp:attachment":[{"href":"https:\/\/www.mirsa.es\/ca\/wp-json\/wp\/v2\/media?parent=47833"}],"curies":[{"name":"wp","href":"https:\/\/api.w.org\/{rel}","templated":true}]}}