{"id":47811,"date":"2020-07-17T16:56:37","date_gmt":"2020-07-17T16:56:37","guid":{"rendered":"http:\/\/www.mirsa.es.mialias.net\/duffy-wood-cattelan-italia\/"},"modified":"2020-12-15T10:15:19","modified_gmt":"2020-12-15T10:15:19","slug":"duffy-wood-cattelan-italia","status":"publish","type":"page","link":"https:\/\/www.mirsa.es\/ca\/duffy-wood-cattelan-italia\/","title":{"rendered":"Duffy Wood Cattelan Italia"},"content":{"rendered":"<div class=\"wpb-content-wrapper\"><p>[vc_row][vc_column][vc_column_text]<\/p>\n<h5><img decoding=\"async\" class=\"wp-image-1077 size-large aligncenter\" title=\"Duffy Wood - Catelan Italia\" src=\"\/wp-content\/uploads\/2020\/07\/mesa_duffy_wood_cattelan_italia.jpg\" alt=\"Duffy Wood - Cattelan Italia\" width=\"100%\" height=\"400\" \/><\/h5>\n<p style=\"font-size: 16px; text-align: left;\"><strong>Duffy Wood \u00e9s una elegant i exclusiva taula de menjador d\u2019estil contemporani patentada pel prestigi\u00f3s dissenyador Alberto Danese.<\/strong><\/p>\n<p style=\"font-size: 16px; text-align: left;\">Una pe\u00e7a de l\u00ednies rectes i equilibrades que destaca per la seva espectacular base en acer de titani i pel seu resistent taulell en fusta de noguera canaletto o roure fumat.<\/p>\n<p style=\"font-size: 16px; text-align: left;\">La col\u00b7lecci\u00f3 est\u00e0 disponible en diversos colors i acabats, oferint aix\u00ed m\u00faltiples opcions de configuraci\u00f3 i adaptant-se amb facilitat a qualsevol mena d\u2019espai.<\/p>\n<p style=\"font-size: 16px; text-align: left;\">A MIRSA interiorisme &#038; mobiliari som distribu\u00efdors oficials Cattelan Italia. Per a m\u00e9s informaci\u00f3, visiti el nostre Showroom o contacti amb nosaltres.<\/p>\n<p>[\/vc_column_text][vc_row_inner][vc_column_inner]<style type=\"text\/css\">#bklyn_btn_69d1c8ed89de9 .bklyn-btn { color:#ffffff !important; background-color:black !important; }<\/style><div id=\"bklyn_btn_69d1c8ed89de9\" class=\"bklyn-btn-holder  bklyn-btn-center bklyn-btn-tablet-center bklyn-btn-mobile-center\"><a title=\"Contacto\"   href=\"\/contacto\" target=\"_self\" class=\"bklyn-btn  bklyn-btn-icon-left bklyn-btn-normal\" ><i class=\"fa fa-envelope\"><\/i><span class=\"ut-btn-text\">M\u00e9s informaci\u00f3<\/span><\/a><\/div>[\/vc_column_inner][\/vc_row_inner][\/vc_column][\/vc_row]<\/p>\n<\/div>","protected":false},"excerpt":{"rendered":"<p>[vc_row][vc_column][vc_column_text] Duffy Wood \u00e9s una elegant i exclusiva taula de menjador d\u2019estil contemporani patentada pel prestigi\u00f3s dissenyador Alberto Danese. Una pe\u00e7a de l\u00ednies rectes i equilibrades que destaca per la seva espectacular base en acer de titani i pel seu resistent taulell en fusta de noguera canaletto o roure fumat. La col\u00b7lecci\u00f3 est\u00e0 disponible en [&hellip;]<\/p>\n","protected":false},"author":1,"featured_media":0,"parent":0,"menu_order":0,"comment_status":"closed","ping_status":"closed","template":"","meta":{"footnotes":""},"class_list":["post-47811","page","type-page","status-publish","hentry"],"aioseo_notices":[],"_links":{"self":[{"href":"https:\/\/www.mirsa.es\/ca\/wp-json\/wp\/v2\/pages\/47811","targetHints":{"allow":["GET"]}}],"collection":[{"href":"https:\/\/www.mirsa.es\/ca\/wp-json\/wp\/v2\/pages"}],"about":[{"href":"https:\/\/www.mirsa.es\/ca\/wp-json\/wp\/v2\/types\/page"}],"author":[{"embeddable":true,"href":"https:\/\/www.mirsa.es\/ca\/wp-json\/wp\/v2\/users\/1"}],"replies":[{"embeddable":true,"href":"https:\/\/www.mirsa.es\/ca\/wp-json\/wp\/v2\/comments?post=47811"}],"version-history":[{"count":0,"href":"https:\/\/www.mirsa.es\/ca\/wp-json\/wp\/v2\/pages\/47811\/revisions"}],"wp:attachment":[{"href":"https:\/\/www.mirsa.es\/ca\/wp-json\/wp\/v2\/media?parent=47811"}],"curies":[{"name":"wp","href":"https:\/\/api.w.org\/{rel}","templated":true}]}}