{"id":47788,"date":"2018-06-01T11:20:51","date_gmt":"2018-06-01T09:20:51","guid":{"rendered":"http:\/\/www.mirsa.es.mialias.net\/driade-muebles\/"},"modified":"2024-05-21T11:29:56","modified_gmt":"2024-05-21T11:29:56","slug":"driade-muebles","status":"publish","type":"page","link":"https:\/\/www.mirsa.es\/ca\/driade-muebles\/","title":{"rendered":"Driade Mobles"},"content":{"rendered":"<div class=\"wpb-content-wrapper\"><p>[vc_row css=&#8221;.vc_custom_1583596731269{margin-left: -50px !important;}&#8221;][vc_column][vc_column_text]<a style=\"color:black;\" href=\"javascript:history.go(-1)\" onmouseover=\"self.status=document.referrer;return true\">Enrere<\/a>[\/vc_column_text][\/vc_column][\/vc_row][vc_row][vc_column][vc_column_text]<\/p>\n<h5><img decoding=\"async\" class=\"wp-image-1077 size-large aligncenter\" title=\"Driade Muebles\" src=\"\/wp-content\/uploads\/2020\/06\/driade_muebles_dise\u00f1o.jpg\" alt=\"Driade Muebles\" width=\"100%\" height=\"400\" \/><\/h5>\n<p style=\"font-size: 16px; text-align: left;\"><strong>Fundada l\u2019any 1968 gr\u00e0cies a Enrico Astori i Adelaide Acerbi, Driade \u00e9s actualment una reconeguda firma de mobiliari itali\u00e0 d\u2019alta gamma.<\/strong><\/p>\n<p style=\"font-size: 16px; text-align: left;\">La marca destaca per la qualitat de la seva oferta creativa i per la seva pol\u00edtica industrial fortament orientada a la innovaci\u00f3. L\u2019estrat\u00e8gia de Driade es defineix a trav\u00e9s d\u2019una sinergia de tres elements fonamentals: Planificaci\u00f3, execuci\u00f3 i publicitat.<\/p>\n<p style=\"font-size: 16px; text-align: left;\">La cerca constant de la creativitat en cada projecte, representa el veritable significat de la companyia. La firma sempre ha col\u00b7laborat amb personalitat de la cultura, cr\u00edtics i historiadors amb l\u2019objectiu d\u2019atrapar noves idees per als seus treballs.<\/p>\n<p style=\"font-size: 16px; text-align: left;\">A MIRSA interiorisme &#038; mobiliari disposem d\u2019un extens cat\u00e0leg de productes Driade. Per a m\u00e9s informaci\u00f3, visiti la nostra exposici\u00f3 o contacti amb els nostres interioristes. <\/p>\n<p>[\/vc_column_text][\/vc_column][\/vc_row]<\/p>\n<\/div>","protected":false},"excerpt":{"rendered":"<p>[vc_row css=&#8221;.vc_custom_1583596731269{margin-left: -50px !important;}&#8221;][vc_column][vc_column_text]Enrere[\/vc_column_text][\/vc_column][\/vc_row][vc_row][vc_column][vc_column_text] Fundada l\u2019any 1968 gr\u00e0cies a Enrico Astori i Adelaide Acerbi, Driade \u00e9s actualment una reconeguda firma de mobiliari itali\u00e0 d\u2019alta gamma. La marca destaca per la qualitat de la seva oferta creativa i per la seva pol\u00edtica industrial fortament orientada a la innovaci\u00f3. L\u2019estrat\u00e8gia de Driade es defineix a trav\u00e9s d\u2019una [&hellip;]<\/p>\n","protected":false},"author":1,"featured_media":0,"parent":0,"menu_order":0,"comment_status":"closed","ping_status":"closed","template":"","meta":{"footnotes":""},"class_list":["post-47788","page","type-page","status-publish","hentry"],"aioseo_notices":[],"_links":{"self":[{"href":"https:\/\/www.mirsa.es\/ca\/wp-json\/wp\/v2\/pages\/47788","targetHints":{"allow":["GET"]}}],"collection":[{"href":"https:\/\/www.mirsa.es\/ca\/wp-json\/wp\/v2\/pages"}],"about":[{"href":"https:\/\/www.mirsa.es\/ca\/wp-json\/wp\/v2\/types\/page"}],"author":[{"embeddable":true,"href":"https:\/\/www.mirsa.es\/ca\/wp-json\/wp\/v2\/users\/1"}],"replies":[{"embeddable":true,"href":"https:\/\/www.mirsa.es\/ca\/wp-json\/wp\/v2\/comments?post=47788"}],"version-history":[{"count":0,"href":"https:\/\/www.mirsa.es\/ca\/wp-json\/wp\/v2\/pages\/47788\/revisions"}],"wp:attachment":[{"href":"https:\/\/www.mirsa.es\/ca\/wp-json\/wp\/v2\/media?parent=47788"}],"curies":[{"name":"wp","href":"https:\/\/api.w.org\/{rel}","templated":true}]}}