{"id":47699,"date":"2018-06-01T10:14:05","date_gmt":"2018-06-01T08:14:05","guid":{"rendered":"http:\/\/www.mirsa.es.mialias.net\/diesel-foscarini-iluminacion\/"},"modified":"2021-03-17T18:10:07","modified_gmt":"2021-03-17T18:10:07","slug":"diesel-foscarini-iluminacion","status":"publish","type":"page","link":"https:\/\/www.mirsa.es\/ca\/diesel-foscarini-iluminacion\/","title":{"rendered":"Diesel by Foscarini Il\u00b7luminaci\u00f3"},"content":{"rendered":"<div class=\"wpb-content-wrapper\"><p>[vc_row css=&#8221;.vc_custom_1583596731269{margin-left: -50px !important;}&#8221;][vc_column][vc_column_text]<a href=\"javascript:history.go(-1)\" onmouseover=\"self.status=document.referrer;return true\" style=\"color: black;\">Enrere<\/a>[\/vc_column_text][\/vc_column][\/vc_row][vc_row][vc_column][vc_column_text]<br \/>\n<img decoding=\"async\" class=\"wp-image-1077 size-large aligncenter\" title=\"Diesel by Foscarini\" src=\"\/wp-content\/uploads\/2020\/06\/diesel_iluminacion.jpg\" alt=\"Disesel by Foscarini\" width=\"100%\" height=\"400\" \/><\/p>\n<h2 style=\"font-size: 16px; text-align: left;\"><strong>Diesel &#038; Foscarini es van unir per a presentar una espectacular col\u00b7lecci\u00f3 de productes d\u2019il\u00b7luminaci\u00f3 per a la llar, dins el projecte \u201chome l\u00edving\u201d.<\/strong><\/h2>\n<p style=\"font-size: 16px; text-align: left;\">Una sinergia que ofereix a Foscarini l\u2019oportunitat d\u2019entrar en un nou mercat i explorar noves tend\u00e8ncies al m\u00f3n de l\u2019interiorisme.<\/p>\n<p style=\"font-size: 16px; text-align: left;\">Els productes de la col\u00b7lecci\u00f3 es caracteritzen pel seu disseny elegant i sofisticat, i s\u00f3n constru\u00efts amb materials molt poc comuns en el m\u00f3n de la il\u00b7luminaci\u00f3, el que es converteix en un valor afegit.<\/p>\n<p style=\"font-size: 16px; text-align: left;\">A MIRSA interiorisme &#038; mobiliari som distribu\u00efdors oficials de productes d\u2019il\u00b7luminaci\u00f3 Diesel. Per a m\u00e9s informaci\u00f3, visiti el nostre Showroom o contacti amb nosaltres.<\/p>\n<p>[\/vc_column_text][vc_row_inner][vc_column_inner]<style type=\"text\/css\">#bklyn_btn_6a09235ae655a .bklyn-btn { color:#ffffff !important; background-color:black !important; }<\/style><div id=\"bklyn_btn_6a09235ae655a\" class=\"bklyn-btn-holder  bklyn-btn-center bklyn-btn-tablet-center bklyn-btn-mobile-center\"><a title=\"Contacto\"   href=\"\/contacto\" target=\"_self\" class=\"bklyn-btn  bklyn-btn-icon-left bklyn-btn-normal\" ><i class=\"fa fa-envelope\"><\/i><span class=\"ut-btn-text\">M\u00e9s informaci\u00f3<\/span><\/a><\/div>[\/vc_column_inner][\/vc_row_inner][\/vc_column][\/vc_row]<\/p>\n<\/div>","protected":false},"excerpt":{"rendered":"<p>[vc_row css=&#8221;.vc_custom_1583596731269{margin-left: -50px !important;}&#8221;][vc_column][vc_column_text]Enrere[\/vc_column_text][\/vc_column][\/vc_row][vc_row][vc_column][vc_column_text] Diesel &#038; Foscarini es van unir per a presentar una espectacular col\u00b7lecci\u00f3 de productes d\u2019il\u00b7luminaci\u00f3 per a la llar, dins el projecte \u201chome l\u00edving\u201d. Una sinergia que ofereix a Foscarini l\u2019oportunitat d\u2019entrar en un nou mercat i explorar noves tend\u00e8ncies al m\u00f3n de l\u2019interiorisme. Els productes de la col\u00b7lecci\u00f3 es caracteritzen [&hellip;]<\/p>\n","protected":false},"author":1,"featured_media":0,"parent":0,"menu_order":0,"comment_status":"closed","ping_status":"closed","template":"","meta":{"footnotes":""},"class_list":["post-47699","page","type-page","status-publish","hentry"],"aioseo_notices":[],"_links":{"self":[{"href":"https:\/\/www.mirsa.es\/ca\/wp-json\/wp\/v2\/pages\/47699","targetHints":{"allow":["GET"]}}],"collection":[{"href":"https:\/\/www.mirsa.es\/ca\/wp-json\/wp\/v2\/pages"}],"about":[{"href":"https:\/\/www.mirsa.es\/ca\/wp-json\/wp\/v2\/types\/page"}],"author":[{"embeddable":true,"href":"https:\/\/www.mirsa.es\/ca\/wp-json\/wp\/v2\/users\/1"}],"replies":[{"embeddable":true,"href":"https:\/\/www.mirsa.es\/ca\/wp-json\/wp\/v2\/comments?post=47699"}],"version-history":[{"count":0,"href":"https:\/\/www.mirsa.es\/ca\/wp-json\/wp\/v2\/pages\/47699\/revisions"}],"wp:attachment":[{"href":"https:\/\/www.mirsa.es\/ca\/wp-json\/wp\/v2\/media?parent=47699"}],"curies":[{"name":"wp","href":"https:\/\/api.w.org\/{rel}","templated":true}]}}