{"id":47695,"date":"2018-09-22T12:24:03","date_gmt":"2018-09-22T10:24:03","guid":{"rendered":"http:\/\/www.mirsa.es.mialias.net\/didier-gomez-colecciones\/"},"modified":"2020-12-11T17:35:53","modified_gmt":"2020-12-11T17:35:53","slug":"didier-gomez-colecciones","status":"publish","type":"page","link":"https:\/\/www.mirsa.es\/ca\/didier-gomez-colecciones\/","title":{"rendered":"Didier Gomez Col\u00b7leccions"},"content":{"rendered":"<div class=\"wpb-content-wrapper\"><p>[vc_section][vc_row full_width=&#8221;stretch_row_content&#8221;][vc_column][vc_column_text]<a href=\"javascript:history.go(-1)\" onmouseover=\"self.status=document.referrer;return true\" style=\"color: black;\">Atr\u00e1s<\/a>[\/vc_column_text][\/vc_column][\/vc_row][vc_row full_width=&#8221;stretch_row_content&#8221; css=&#8221;.vc_custom_1589961005492{margin-top: -15px !important;}&#8221;][vc_column width=&#8221;1\/3&#8243;]<div  class=\"wpb_content_element   clearfix\"><style type=\"text\/css\">#ut_am_6a092384371cd { opacity: 1; }#ut_am_wrap_6a092384371cf { text-align: left; }@media (min-width: 768px) and (max-width: 1024px) { #ut_am_wrap_6a092384371cf { text-align: left !important; } }@media (max-width: 767px) { #ut_am_wrap_6a092384371cf { text-align: center !important; } }<\/style><div id=\"ut_am_wrap_6a092384371cf\" class=\"ut-image-gallery-image \"><div id=\"ut_reveal_6a092384371d0\"  data-appear-top-offset=\"auto\" class=\"ut-animated-image-item ut-image-gallery-item ut-animation-done \"><a class=\"ut-deactivated-link\" href=\"#\"><div class=\"ut-animated-image-zoom\">\r\n        <div class=\"ut-element-glitch-wrap\">\r\n\r\n            \r\n        <style type=\"text\/css\">\r\n\r\n                        \r\n        @media (min-width: 1025px) {\r\n\r\n        #ut-element-glitch-6a092384371f3757462811-30229 .ut-glitch-single-element {\r\n                                            \r\n                }\r\n        }\r\n\r\n        @media (min-width: 768px) and (max-width: 1024px) {\r\n\r\n        #ut-element-glitch-6a092384371f3757462811-30229 .ut-glitch-single-element {\r\n                                                \r\n                    }\r\n        }\r\n\r\n        @media (max-width: 767px) {\r\n\r\n        #ut-element-glitch-6a092384371f3757462811-30229 .ut-glitch-single-element {\r\n                                                \r\n                    }\r\n        }\r\n\r\n        \r\n        <\/style>\r\n\r\n        \r\n            <div id=\"ut-element-glitch-6a092384371f3757462811-30229\" class=\" ut-element-glitch ut-glitch-none ut-element-glitch-permanent\">\r\n                <div class=\"ut-glitch-single-element ut-lozad skip-lazy\" data-background-image=\"https:\/\/www.mirsa.es\/wp-content\/uploads\/2020\/05\/didier_gomez-600x433.jpg\"><\/div>\r\n                <div class=\"ut-glitch-single-element ut-lozad skip-lazy\" data-background-image=\"https:\/\/www.mirsa.es\/wp-content\/uploads\/2020\/05\/didier_gomez-600x433.jpg\"><\/div>\r\n                <div class=\"ut-glitch-single-element ut-lozad skip-lazy\" data-background-image=\"https:\/\/www.mirsa.es\/wp-content\/uploads\/2020\/05\/didier_gomez-600x433.jpg\"><\/div>\r\n                <div class=\"ut-glitch-single-element ut-lozad skip-lazy\" data-background-image=\"https:\/\/www.mirsa.es\/wp-content\/uploads\/2020\/05\/didier_gomez-600x433.jpg\"><\/div>\r\n                <div class=\"ut-glitch-single-element ut-lozad skip-lazy\" data-background-image=\"https:\/\/www.mirsa.es\/wp-content\/uploads\/2020\/05\/didier_gomez-600x433.jpg\"><\/div>\r\n            <\/div>\r\n\r\n        <\/div>\r\n\r\n        <img loading=\"lazy\" decoding=\"async\" class=\"ut-lazy skip-lazy ut-animated-image \"  id=\"ut_am_6a092384371cd\" src=\"data:image\/svg+xml;charset=utf-8,%3Csvg xmlns%3D'http%3A%2F%2Fwww.w3.org%2F2000%2Fsvg' viewBox%3D'0 0 600 433'%2F%3E\" data-src=\"https:\/\/www.mirsa.es\/wp-content\/uploads\/2020\/05\/didier_gomez-600x433.jpg\" width=\"600\" height=\"433\" alt=\"\"\/><\/div><\/a><\/div><\/div><\/div>[\/vc_column][vc_column width=&#8221;2\/3&#8243;][vc_column_text]<\/p>\n<p>Didier Gomez \u00e9s un reconegut dissenyador franc\u00e8s actualment considerat una de les figures m\u00e9s rellevants del disseny contemporani.<\/p>\n<p>Al 1985 s&#8217;associa amb l&#8217;arquitecte JJ Ory i treballen junts en el disseny de boutiques, restaurants I seus empresarials d&#8217;arreu del m\u00f3n.<\/p>\n<p>Gr\u00e0cies al seu talent, Didier Gomez s&#8217;ha convertit en tota una refer\u00e8ncia del m\u00f3n del disseny, treballant per a clients tan prestigiosos com Pierre Berg\u00e9, LOr\u00e8al o Christian Dior, entre molts d&#8217;altres.<\/p>\n<p>Didier Gomez \u00e9s des de fa anys un dels principals col\u00b7laboradors de la firma francesa Ligne Roset, per a la que ha presentat nombroses col\u00b7leccions.<\/p>\n<p>Entre tots els projectes de Gomez per a Ligne Roset destaquen Feng, Opium I Funge, considerats veritables icones del disseny contemporani.<\/p>\n<p>A MIRSA interiorisme &#038; mobiliari disposem d&#8217;una selecci\u00f3 de les millors col\u00b7leccions de Didier Gomez. Per a m\u00e9s informaci\u00f3, visiti el nostre Showroom o contacti amb nosaltres.<\/p>\n<p>[\/vc_column_text][\/vc_column][\/vc_row][vc_row full_width=&#8221;stretch_row_content_no_spaces&#8221; css=&#8221;.vc_custom_1589960397272{margin-top: -20px !important;}&#8221;][vc_column][vc_separator color=&#8221;custom&#8221; accent_color=&#8221;#c7c2ba&#8221;][\/vc_column][\/vc_row][vc_row full_width=&#8221;stretch_row_content&#8221; css=&#8221;.vc_custom_1589964968246{margin-top: -20px !important;}&#8221;][vc_column][vc_column_text]<\/p>\n<div id=\"shrAnchor\" style=\"position: relative; top: -125px;\"><\/div>\n<p><iframe id=\"shrFrm\" style=\"width: 100%; margin: 0; border: none; overflow: hidden;\" src=\"https:\/\/vsr.architonic.com\/es\/8201494\/products\/2\/3210002\/8100651\/1\"><\/iframe><br \/>\n<script src=\"https:\/\/vsr.architonic.com\/assets\/js\/shared\/jquery.responsiveiframe_inhp.js\"><\/script><script type='text\/javascript'>var regex=new RegExp('[\\?]shrPrm=([^#]*)');var res=regex.exec(window.location.href);var shrPrm=(res!=null?decodeURIComponent(res[1]):'');if(''!=shrPrm)document.getElementById('shrFrm').src='https:\/\/vsr.architonic.com\/'+shrPrm;(function(e){e(function(){e('#shrFrm').responsiveIframe()})})(jQuery)<\/script>[\/vc_column_text][\/vc_column][\/vc_row][\/vc_section]<\/p>\n<\/div>","protected":false},"excerpt":{"rendered":"<p>[vc_section][vc_row full_width=&#8221;stretch_row_content&#8221;][vc_column][vc_column_text]Atr\u00e1s[\/vc_column_text][\/vc_column][\/vc_row][vc_row full_width=&#8221;stretch_row_content&#8221; css=&#8221;.vc_custom_1589961005492{margin-top: -15px !important;}&#8221;][vc_column width=&#8221;1\/3&#8243;][\/vc_column][vc_column width=&#8221;2\/3&#8243;][vc_column_text] Didier Gomez \u00e9s un reconegut dissenyador franc\u00e8s actualment considerat una de les figures m\u00e9s rellevants del disseny contemporani. Al 1985 s&#8217;associa amb l&#8217;arquitecte JJ Ory i treballen junts en el disseny de boutiques, restaurants I seus empresarials d&#8217;arreu del m\u00f3n. Gr\u00e0cies al seu talent, Didier Gomez s&#8217;ha [&hellip;]<\/p>\n","protected":false},"author":1,"featured_media":0,"parent":0,"menu_order":0,"comment_status":"closed","ping_status":"closed","template":"","meta":{"footnotes":""},"class_list":["post-47695","page","type-page","status-publish","hentry"],"aioseo_notices":[],"_links":{"self":[{"href":"https:\/\/www.mirsa.es\/ca\/wp-json\/wp\/v2\/pages\/47695","targetHints":{"allow":["GET"]}}],"collection":[{"href":"https:\/\/www.mirsa.es\/ca\/wp-json\/wp\/v2\/pages"}],"about":[{"href":"https:\/\/www.mirsa.es\/ca\/wp-json\/wp\/v2\/types\/page"}],"author":[{"embeddable":true,"href":"https:\/\/www.mirsa.es\/ca\/wp-json\/wp\/v2\/users\/1"}],"replies":[{"embeddable":true,"href":"https:\/\/www.mirsa.es\/ca\/wp-json\/wp\/v2\/comments?post=47695"}],"version-history":[{"count":0,"href":"https:\/\/www.mirsa.es\/ca\/wp-json\/wp\/v2\/pages\/47695\/revisions"}],"wp:attachment":[{"href":"https:\/\/www.mirsa.es\/ca\/wp-json\/wp\/v2\/media?parent=47695"}],"curies":[{"name":"wp","href":"https:\/\/api.w.org\/{rel}","templated":true}]}}