{"id":47667,"date":"2016-07-21T17:46:07","date_gmt":"2016-07-21T15:46:07","guid":{"rendered":"http:\/\/www.mirsa.es.mialias.net\/desalto-italia\/"},"modified":"2024-05-15T15:54:00","modified_gmt":"2024-05-15T15:54:00","slug":"desalto-italia","status":"publish","type":"page","link":"https:\/\/www.mirsa.es\/ca\/desalto-italia\/","title":{"rendered":"Desalto Italia"},"content":{"rendered":"<div class=\"wpb-content-wrapper\"><p>[vc_row css=&#8221;.vc_custom_1583596731269{margin-left: -50px !important;}&#8221;][vc_column][vc_column_text]<a style=\"color:black;\" href=\"javascript:history.go(-1)\" onmouseover=\"self.status=document.referrer;return true\">Enrere<\/a>[\/vc_column_text][\/vc_column][\/vc_row][vc_row][vc_column][vc_column_text]<br \/>\n<img decoding=\"async\" class=\"wp-image-1077 size-large aligncenter\" title=\"Desalto mobles\" src=\"\/wp-content\/uploads\/2020\/06\/desalto_portada.jpg\" alt=\"Desalto mobles\" width=\"100%\" height=\"400\" \/><\/p>\n<h2 style=\"font-size: 16px; text-align: left;\"><strong>Desalto \u00e9s una reconeguda firma italiana de mobiliari contemporani que es caracteritza pel disseny pur i minimalista de totes les seves col\u00b7leccions.<\/strong><\/h2>\n<p style=\"font-size: 16px; text-align: left;\">Fundada al 1990, Desalto s\u2019ha convertit en una de les firmes italianes m\u00e9s prestigioses al m\u00f3n del disseny i l\u2019interiorisme, gr\u00e0cies a les seves col\u00b7leccions de l\u00ednies pures i rigoroses.<\/p>\n<p style=\"font-size: 16px; text-align: left;\">L\u2019harmonia, l\u2019eleg\u00e0ncia i la funcionalitat es combinen a la perfecci\u00f3 en totes les col\u00b7leccions de la firma, creant un estil propi i inconfusible que l\u2019ha portat a ser premiada amb importants reconeixements al camp del disseny i l\u2019arquitectura interior.<\/p>\n<p style=\"font-size: 16px; text-align: left;\">Una profunda cultura del disseny i l\u2019\u00fas dels processos de fabricaci\u00f3 m\u00e9s avan\u00e7ats fan de Desalto una marca puntera en el desenvolupament de nous sistemes, al mateix temps que la converteixen en una firma de refer\u00e8ncia al m\u00f3n del disseny.<\/p>\n<p style=\"font-size: 16px; text-align: left;\">A MIRSA interiorisme &amp; mobiliari som distribu\u00efdors oficials Desalto. Per a m\u00e9s informaci\u00f3, visiti el nostre Showroom o contacti amb nosaltres.<\/p>\n<p>[\/vc_column_text][\/vc_column][\/vc_row][vc_section][vc_row full_width=&#8221;stretch_row_content_no_spaces&#8221;][vc_column][vc_column_text]<iframe id=\"embedded-ads-iframe-website\" width=\"100%\" height=\"600\" data-originsrc=\"https:\/\/mirsa.daloom.com\/es\/productos\/mobiliario\/brand_desalto\"><\/iframe><br \/>\n<script defer src=\"https:\/\/mirsa.daloom.com\/js\/parent-embedded-script.min.js\"><\/script>[\/vc_column_text][\/vc_column][\/vc_row][\/vc_section]<\/p>\n<\/div>","protected":false},"excerpt":{"rendered":"<p>[vc_row css=&#8221;.vc_custom_1583596731269{margin-left: -50px !important;}&#8221;][vc_column][vc_column_text]Enrere[\/vc_column_text][\/vc_column][\/vc_row][vc_row][vc_column][vc_column_text] Desalto \u00e9s una reconeguda firma italiana de mobiliari contemporani que es caracteritza pel disseny pur i minimalista de totes les seves col\u00b7leccions. Fundada al 1990, Desalto s\u2019ha convertit en una de les firmes italianes m\u00e9s prestigioses al m\u00f3n del disseny i l\u2019interiorisme, gr\u00e0cies a les seves col\u00b7leccions de l\u00ednies pures i [&hellip;]<\/p>\n","protected":false},"author":1,"featured_media":0,"parent":0,"menu_order":0,"comment_status":"closed","ping_status":"closed","template":"","meta":{"footnotes":""},"class_list":["post-47667","page","type-page","status-publish","hentry"],"aioseo_notices":[],"_links":{"self":[{"href":"https:\/\/www.mirsa.es\/ca\/wp-json\/wp\/v2\/pages\/47667","targetHints":{"allow":["GET"]}}],"collection":[{"href":"https:\/\/www.mirsa.es\/ca\/wp-json\/wp\/v2\/pages"}],"about":[{"href":"https:\/\/www.mirsa.es\/ca\/wp-json\/wp\/v2\/types\/page"}],"author":[{"embeddable":true,"href":"https:\/\/www.mirsa.es\/ca\/wp-json\/wp\/v2\/users\/1"}],"replies":[{"embeddable":true,"href":"https:\/\/www.mirsa.es\/ca\/wp-json\/wp\/v2\/comments?post=47667"}],"version-history":[{"count":0,"href":"https:\/\/www.mirsa.es\/ca\/wp-json\/wp\/v2\/pages\/47667\/revisions"}],"wp:attachment":[{"href":"https:\/\/www.mirsa.es\/ca\/wp-json\/wp\/v2\/media?parent=47667"}],"curies":[{"name":"wp","href":"https:\/\/api.w.org\/{rel}","templated":true}]}}