{"id":47629,"date":"2020-07-17T15:33:09","date_gmt":"2020-07-17T15:33:09","guid":{"rendered":"http:\/\/www.mirsa.es.mialias.net\/mesa-daytona-cattelan-italia\/"},"modified":"2020-12-11T09:21:40","modified_gmt":"2020-12-11T09:21:40","slug":"mesa-daytona-cattelan-italia","status":"publish","type":"page","link":"https:\/\/www.mirsa.es\/ca\/mesa-daytona-cattelan-italia\/","title":{"rendered":"Daytona Cattelan Italia"},"content":{"rendered":"<div class=\"wpb-content-wrapper\"><p>[vc_row][vc_column][vc_column_text]<\/p>\n<h5><img decoding=\"async\" class=\"wp-image-1077 size-large aligncenter\" title=\"Daytona Cattelan Italia\" src=\"\/wp-content\/uploads\/2020\/07\/mesa_daytona_cattelan_italia.jpg\" alt=\"Daytona Cattelan Italia\" width=\"100%\" height=\"400\" \/><\/h5>\n<p style=\"font-size: 16px; text-align: left;\"><strong>Daytona de la prestigiosa firma Cattelan Italia es una espectacular taula d\u2019estil contemporani patentada pel reconegut estudi de disseny Studio Kronos.<\/strong><\/p>\n<p style=\"font-size: 16px; text-align: left;\">Es tracta d\u2019una taula extensible que es presenta en potes d\u2019acer inoxidable o en noguera canaletto. El sobre i les extensions de vidre temperat extraclar tenen un gruix de 15mm.<\/p>\n<p style=\"font-size: 16px; text-align: left;\">A MIRSA interiorisme &#038; mobiliari som distribu\u00efdors oficials Cattelan Italia. Per a m\u00e9s informaci\u00f3, visiti el nostre Showroom o contacti amb nosaltres.<\/p>\n<p>[\/vc_column_text][vc_row_inner][vc_column_inner]<style type=\"text\/css\">#bklyn_btn_69fcd58a9f370 .bklyn-btn { color:#ffffff !important; background-color:black !important; }<\/style><div id=\"bklyn_btn_69fcd58a9f370\" class=\"bklyn-btn-holder  bklyn-btn-center bklyn-btn-tablet-center bklyn-btn-mobile-center\"><a title=\"Contacto\"   href=\"\/contacto\" target=\"_self\" class=\"bklyn-btn  bklyn-btn-icon-left bklyn-btn-normal\" ><i class=\"fa fa-envelope\"><\/i><span class=\"ut-btn-text\">M\u00e9s informaci\u00f3<\/span><\/a><\/div>[\/vc_column_inner][\/vc_row_inner][\/vc_column][\/vc_row]<\/p>\n<\/div>","protected":false},"excerpt":{"rendered":"<p>[vc_row][vc_column][vc_column_text] Daytona de la prestigiosa firma Cattelan Italia es una espectacular taula d\u2019estil contemporani patentada pel reconegut estudi de disseny Studio Kronos. Es tracta d\u2019una taula extensible que es presenta en potes d\u2019acer inoxidable o en noguera canaletto. El sobre i les extensions de vidre temperat extraclar tenen un gruix de 15mm. A MIRSA interiorisme [&hellip;]<\/p>\n","protected":false},"author":1,"featured_media":0,"parent":0,"menu_order":0,"comment_status":"closed","ping_status":"closed","template":"","meta":{"footnotes":""},"class_list":["post-47629","page","type-page","status-publish","hentry"],"aioseo_notices":[],"_links":{"self":[{"href":"https:\/\/www.mirsa.es\/ca\/wp-json\/wp\/v2\/pages\/47629","targetHints":{"allow":["GET"]}}],"collection":[{"href":"https:\/\/www.mirsa.es\/ca\/wp-json\/wp\/v2\/pages"}],"about":[{"href":"https:\/\/www.mirsa.es\/ca\/wp-json\/wp\/v2\/types\/page"}],"author":[{"embeddable":true,"href":"https:\/\/www.mirsa.es\/ca\/wp-json\/wp\/v2\/users\/1"}],"replies":[{"embeddable":true,"href":"https:\/\/www.mirsa.es\/ca\/wp-json\/wp\/v2\/comments?post=47629"}],"version-history":[{"count":0,"href":"https:\/\/www.mirsa.es\/ca\/wp-json\/wp\/v2\/pages\/47629\/revisions"}],"wp:attachment":[{"href":"https:\/\/www.mirsa.es\/ca\/wp-json\/wp\/v2\/media?parent=47629"}],"curies":[{"name":"wp","href":"https:\/\/api.w.org\/{rel}","templated":true}]}}