{"id":47619,"date":"2018-09-21T19:57:11","date_gmt":"2018-09-21T17:57:11","guid":{"rendered":"http:\/\/www.mirsa.es.mialias.net\/david-chipperfield-colecciones\/"},"modified":"2022-11-17T11:31:35","modified_gmt":"2022-11-17T11:31:35","slug":"david-chipperfield-colecciones","status":"publish","type":"page","link":"https:\/\/www.mirsa.es\/ca\/david-chipperfield-colecciones\/","title":{"rendered":"David Chipperfield Col\u00b7leccions"},"content":{"rendered":"<div class=\"wpb-content-wrapper\"><p>[vc_section][vc_row full_width=&#8221;stretch_row_content&#8221;][vc_column][vc_column_text]<a href=\"javascript:history.go(-1)\" onmouseover=\"self.status=document.referrer;return true\" style=\"color: black;\">Atr\u00e1s<\/a>[\/vc_column_text][\/vc_column][\/vc_row][vc_row full_width=&#8221;stretch_row_content&#8221; css=&#8221;.vc_custom_1589961005492{margin-top: -15px !important;}&#8221;][vc_column width=&#8221;1\/3&#8243;]<div  class=\"wpb_content_element   clearfix\"><style type=\"text\/css\">#ut_am_6a0910e084f81 { opacity: 1; }#ut_am_wrap_6a0910e084f82 { text-align: left; }@media (min-width: 768px) and (max-width: 1024px) { #ut_am_wrap_6a0910e084f82 { text-align: left !important; } }@media (max-width: 767px) { #ut_am_wrap_6a0910e084f82 { text-align: center !important; } }<\/style><div id=\"ut_am_wrap_6a0910e084f82\" class=\"ut-image-gallery-image \"><div id=\"ut_reveal_6a0910e084f83\"  data-appear-top-offset=\"auto\" class=\"ut-animated-image-item ut-image-gallery-item ut-animation-done \"><a class=\"ut-deactivated-link\" href=\"#\"><div class=\"ut-animated-image-zoom\">\r\n        <div class=\"ut-element-glitch-wrap\">\r\n\r\n            \r\n        <style type=\"text\/css\">\r\n\r\n                        \r\n        @media (min-width: 1025px) {\r\n\r\n        #ut-element-glitch-6a0910e084fa4312697490-30228 .ut-glitch-single-element {\r\n                                            \r\n                }\r\n        }\r\n\r\n        @media (min-width: 768px) and (max-width: 1024px) {\r\n\r\n        #ut-element-glitch-6a0910e084fa4312697490-30228 .ut-glitch-single-element {\r\n                                                \r\n                    }\r\n        }\r\n\r\n        @media (max-width: 767px) {\r\n\r\n        #ut-element-glitch-6a0910e084fa4312697490-30228 .ut-glitch-single-element {\r\n                                                \r\n                    }\r\n        }\r\n\r\n        \r\n        <\/style>\r\n\r\n        \r\n            <div id=\"ut-element-glitch-6a0910e084fa4312697490-30228\" class=\" ut-element-glitch ut-glitch-none ut-element-glitch-permanent\">\r\n                <div class=\"ut-glitch-single-element ut-lozad skip-lazy\" data-background-image=\"https:\/\/www.mirsa.es\/wp-content\/uploads\/2020\/05\/david_chipperfield.jpg\"><\/div>\r\n                <div class=\"ut-glitch-single-element ut-lozad skip-lazy\" data-background-image=\"https:\/\/www.mirsa.es\/wp-content\/uploads\/2020\/05\/david_chipperfield.jpg\"><\/div>\r\n                <div class=\"ut-glitch-single-element ut-lozad skip-lazy\" data-background-image=\"https:\/\/www.mirsa.es\/wp-content\/uploads\/2020\/05\/david_chipperfield.jpg\"><\/div>\r\n                <div class=\"ut-glitch-single-element ut-lozad skip-lazy\" data-background-image=\"https:\/\/www.mirsa.es\/wp-content\/uploads\/2020\/05\/david_chipperfield.jpg\"><\/div>\r\n                <div class=\"ut-glitch-single-element ut-lozad skip-lazy\" data-background-image=\"https:\/\/www.mirsa.es\/wp-content\/uploads\/2020\/05\/david_chipperfield.jpg\"><\/div>\r\n            <\/div>\r\n\r\n        <\/div>\r\n\r\n        <img loading=\"lazy\" decoding=\"async\" class=\"ut-lazy skip-lazy ut-animated-image \"  id=\"ut_am_6a0910e084f81\" src=\"data:image\/svg+xml;charset=utf-8,%3Csvg xmlns%3D'http%3A%2F%2Fwww.w3.org%2F2000%2Fsvg' viewBox%3D'0 0 550 550'%2F%3E\" data-src=\"https:\/\/www.mirsa.es\/wp-content\/uploads\/2020\/05\/david_chipperfield.jpg\" width=\"550\" height=\"550\" alt=\"\"\/><\/div><\/a><\/div><\/div><\/div>[\/vc_column][vc_column width=&#8221;2\/3&#8243;][vc_column_text]David Chipperfield \u00e9s un prestigi\u00f3s arquitecte Londinenc nascut l&#8217;any 1953 amb nombrosos reconeixements internacionals.<\/p>\n<p>Al 1985 crea el despatx d&#8217;arquitectura David Chipperfield Architecs amb oficines en algunes de les principals capitals mundials com Londres, Berl\u00edn, Mil\u00e0 i Shangai.<\/p>\n<p>Entre els projectes m\u00e9s famosos coordinats per l&#8217;equip de Chipperfield, destaca la reconstrucci\u00f3 del Neues Museum de Berl\u00edn, que va reobrir les seves portes l&#8217;any 2009.<\/p>\n<p>Com a dissenyador ha col\u00b7laborat amb reconegudes firmes de mobiliari com E-15, Riva 1920 o Alessi, convertint-se aix\u00ed en tot un referent al m\u00f3n del disseny.<\/p>\n<p>A MIRSA interiorisme &#038; mobiliari disposem d&#8217;una selecci\u00f3 de les millors col\u00b7leccions de Chipperfield. Per a m\u00e9s informaci\u00f3, visiti el nostre Showroom o contacti amb nosaltres.<\/p>\n<p>[\/vc_column_text][\/vc_column][\/vc_row][vc_row full_width=&#8221;stretch_row_content_no_spaces&#8221; css=&#8221;.vc_custom_1589960397272{margin-top: -20px !important;}&#8221;][vc_column][vc_separator color=&#8221;custom&#8221; accent_color=&#8221;#c7c2ba&#8221;][\/vc_column][\/vc_row][vc_row full_width=&#8221;stretch_row_content&#8221; css=&#8221;.vc_custom_1589964968246{margin-top: -20px !important;}&#8221;][vc_column][vc_column_text]<\/p>\n<div id=\"shrAnchor\" style=\"position: relative; top: -125px;\"><\/div>\n<p><iframe id=\"shrFrm\" style=\"width: 100%; margin: 0; border: none; overflow: hidden;\" src=\"https:\/\/vsr.architonic.com\/es\/8201494\/products\/2\/3210002\/1?PHPSESSID=up1gd0sa7f3jtgsfmu4fa293v5&#038;usage=&#038;productgroup=&#038;manufacturer=&#038;designer=5201084\"><\/iframe><br \/>\n<script src=\"https:\/\/vsr.architonic.com\/assets\/js\/shared\/jquery.responsiveiframe_inhp.js\"><\/script><script type='text\/javascript'>var regex=new RegExp('[\\?]shrPrm=([^#]*)');var res=regex.exec(window.location.href);var shrPrm=(res!=null?decodeURIComponent(res[1]):'');if(''!=shrPrm)document.getElementById('shrFrm').src='https:\/\/vsr.architonic.com\/'+shrPrm;(function(e){e(function(){e('#shrFrm').responsiveIframe()})})(jQuery)<\/script>[\/vc_column_text][\/vc_column][\/vc_row][\/vc_section]<\/p>\n<\/div>","protected":false},"excerpt":{"rendered":"<p>[vc_section][vc_row full_width=&#8221;stretch_row_content&#8221;][vc_column][vc_column_text]Atr\u00e1s[\/vc_column_text][\/vc_column][\/vc_row][vc_row full_width=&#8221;stretch_row_content&#8221; css=&#8221;.vc_custom_1589961005492{margin-top: -15px !important;}&#8221;][vc_column width=&#8221;1\/3&#8243;][\/vc_column][vc_column width=&#8221;2\/3&#8243;][vc_column_text]David Chipperfield \u00e9s un prestigi\u00f3s arquitecte Londinenc nascut l&#8217;any 1953 amb nombrosos reconeixements internacionals. Al 1985 crea el despatx d&#8217;arquitectura David Chipperfield Architecs amb oficines en algunes de les principals capitals mundials com Londres, Berl\u00edn, Mil\u00e0 i Shangai. Entre els projectes m\u00e9s famosos coordinats per l&#8217;equip de Chipperfield, [&hellip;]<\/p>\n","protected":false},"author":1,"featured_media":0,"parent":0,"menu_order":0,"comment_status":"closed","ping_status":"closed","template":"","meta":{"footnotes":""},"class_list":["post-47619","page","type-page","status-publish","hentry"],"aioseo_notices":[],"_links":{"self":[{"href":"https:\/\/www.mirsa.es\/ca\/wp-json\/wp\/v2\/pages\/47619","targetHints":{"allow":["GET"]}}],"collection":[{"href":"https:\/\/www.mirsa.es\/ca\/wp-json\/wp\/v2\/pages"}],"about":[{"href":"https:\/\/www.mirsa.es\/ca\/wp-json\/wp\/v2\/types\/page"}],"author":[{"embeddable":true,"href":"https:\/\/www.mirsa.es\/ca\/wp-json\/wp\/v2\/users\/1"}],"replies":[{"embeddable":true,"href":"https:\/\/www.mirsa.es\/ca\/wp-json\/wp\/v2\/comments?post=47619"}],"version-history":[{"count":0,"href":"https:\/\/www.mirsa.es\/ca\/wp-json\/wp\/v2\/pages\/47619\/revisions"}],"wp:attachment":[{"href":"https:\/\/www.mirsa.es\/ca\/wp-json\/wp\/v2\/media?parent=47619"}],"curies":[{"name":"wp","href":"https:\/\/api.w.org\/{rel}","templated":true}]}}