{"id":47606,"date":"2018-09-20T18:31:14","date_gmt":"2018-09-20T16:31:14","guid":{"rendered":"http:\/\/www.mirsa.es.mialias.net\/daniele-lago-colecciones\/"},"modified":"2024-05-30T14:30:10","modified_gmt":"2024-05-30T14:30:10","slug":"daniele-lago-colecciones","status":"publish","type":"page","link":"https:\/\/www.mirsa.es\/ca\/daniele-lago-colecciones\/","title":{"rendered":"Daniele Lago Col\u00b7leccions"},"content":{"rendered":"<div class=\"wpb-content-wrapper\"><p>[vc_section][vc_row full_width=&#8221;stretch_row_content&#8221;][vc_column][vc_column_text]<a style=\"color:black;\" href=\"javascript:history.go(-1)\" onmouseover=\"self.status=document.referrer;return true\">Enrere<\/a>[\/vc_column_text][\/vc_column][\/vc_row][vc_row full_width=&#8221;stretch_row_content&#8221; css=&#8221;.vc_custom_1589961005492{margin-top: -15px !important;}&#8221;][vc_column width=&#8221;1\/3&#8243;]<div  class=\"wpb_content_element   clearfix\"><style type=\"text\/css\">#ut_am_6a092370bac15 { opacity: 1; }#ut_am_wrap_6a092370bac16 { text-align: left; }@media (min-width: 768px) and (max-width: 1024px) { #ut_am_wrap_6a092370bac16 { text-align: left !important; } }@media (max-width: 767px) { #ut_am_wrap_6a092370bac16 { text-align: center !important; } }<\/style><div id=\"ut_am_wrap_6a092370bac16\" class=\"ut-image-gallery-image \"><div id=\"ut_reveal_6a092370bac17\"  data-appear-top-offset=\"auto\" class=\"ut-animated-image-item ut-image-gallery-item ut-animation-done \"><a class=\"ut-deactivated-link\" href=\"#\"><div class=\"ut-animated-image-zoom\">\r\n        <div class=\"ut-element-glitch-wrap\">\r\n\r\n            \r\n        <style type=\"text\/css\">\r\n\r\n                        \r\n        @media (min-width: 1025px) {\r\n\r\n        #ut-element-glitch-6a092370bac3a673426954-30226 .ut-glitch-single-element {\r\n                                            \r\n                }\r\n        }\r\n\r\n        @media (min-width: 768px) and (max-width: 1024px) {\r\n\r\n        #ut-element-glitch-6a092370bac3a673426954-30226 .ut-glitch-single-element {\r\n                                                \r\n                    }\r\n        }\r\n\r\n        @media (max-width: 767px) {\r\n\r\n        #ut-element-glitch-6a092370bac3a673426954-30226 .ut-glitch-single-element {\r\n                                                \r\n                    }\r\n        }\r\n\r\n        \r\n        <\/style>\r\n\r\n        \r\n            <div id=\"ut-element-glitch-6a092370bac3a673426954-30226\" class=\" ut-element-glitch ut-glitch-none ut-element-glitch-permanent\">\r\n                <div class=\"ut-glitch-single-element ut-lozad skip-lazy\" data-background-image=\"https:\/\/www.mirsa.es\/wp-content\/uploads\/2020\/05\/daniele_lago.jpg\"><\/div>\r\n                <div class=\"ut-glitch-single-element ut-lozad skip-lazy\" data-background-image=\"https:\/\/www.mirsa.es\/wp-content\/uploads\/2020\/05\/daniele_lago.jpg\"><\/div>\r\n                <div class=\"ut-glitch-single-element ut-lozad skip-lazy\" data-background-image=\"https:\/\/www.mirsa.es\/wp-content\/uploads\/2020\/05\/daniele_lago.jpg\"><\/div>\r\n                <div class=\"ut-glitch-single-element ut-lozad skip-lazy\" data-background-image=\"https:\/\/www.mirsa.es\/wp-content\/uploads\/2020\/05\/daniele_lago.jpg\"><\/div>\r\n                <div class=\"ut-glitch-single-element ut-lozad skip-lazy\" data-background-image=\"https:\/\/www.mirsa.es\/wp-content\/uploads\/2020\/05\/daniele_lago.jpg\"><\/div>\r\n            <\/div>\r\n\r\n        <\/div>\r\n\r\n        <img loading=\"lazy\" decoding=\"async\" class=\"ut-lazy skip-lazy ut-animated-image \"  id=\"ut_am_6a092370bac15\" src=\"data:image\/svg+xml;charset=utf-8,%3Csvg xmlns%3D'http%3A%2F%2Fwww.w3.org%2F2000%2Fsvg' viewBox%3D'0 0 600 600'%2F%3E\" data-src=\"https:\/\/www.mirsa.es\/wp-content\/uploads\/2020\/05\/daniele_lago.jpg\" width=\"600\" height=\"600\" alt=\"\"\/><\/div><\/a><\/div><\/div><\/div>[\/vc_column][vc_column width=&#8221;2\/3&#8243;][vc_column_text]Daniele Lago, \u00e9s l&#8217;actual directiu executiu i el cap de disseny de la firma italiana Lago S.P.A.<\/p>\n<p>La inclusi\u00f3 de Daniele a l&#8217;empresa familiar no t\u00e9 lloc fins la d\u00e8cada del 2000, quan passa a formar part de l&#8217;equip executiu i comen\u00e7a a realitzar els seus primers projectes per a la marca.<\/p>\n<p>Al 2006, es produeix un canvi generacional a l&#8217;empresa i Daniele passa a ser el director executiu i d&#8217;art de LAGO. El dissenyador canvia per complet la filosofia i l&#8217;est\u00e8tica de la marca, rejovenint-la i aportant aire fresc.<\/p>\n<p>Daniele sent la necessitat d&#8217;anar un pas m\u00e9s enll\u00e0 i no estancar-se en la simple producci\u00f3 de mobles, i planteja innovadores col\u00b7leccions repletes de significat i personalitat.<\/p>\n<p>La col\u00b7lecci\u00f3 de productes Air de LAGO \u00e9s un clar exemple: productes d&#8217;alta qualitat que revolucionen per complet el concepte de mobiliari i que busquen la provocaci\u00f3 i la sorpresa.<\/p>\n<p>Sota la direcci\u00f3 de Daniele, LAGO ha passat de ser una petita empresa familiar a una corporaci\u00f3 que avui dia compta amb m\u00e9s de 200 empleats i que s&#8217;ha convertit en una refer\u00e8ncia al m\u00f3n del disseny.[\/vc_column_text][\/vc_column][\/vc_row][vc_row full_width=&#8221;stretch_row_content_no_spaces&#8221; css=&#8221;.vc_custom_1589960397272{margin-top: -20px !important;}&#8221;][vc_column][vc_separator color=&#8221;custom&#8221; accent_color=&#8221;#c7c2ba&#8221;][\/vc_column][\/vc_row][vc_row full_width=&#8221;stretch_row_content&#8221; css=&#8221;.vc_custom_1589964968246{margin-top: -20px !important;}&#8221;][vc_column][vc_column_text]<iframe id=\"embedded-ads-iframe-website\" width=\"100%\" height=\"600\" data-originsrc=\"https:\/\/mirsa.daloom.com\/es\/productos\/disenadore_daniele-lago\"><\/iframe><br \/>\n<script defer src=\"https:\/\/mirsa.daloom.com\/js\/parent-embedded-script.min.js\"><\/script>[\/vc_column_text][\/vc_column][\/vc_row][\/vc_section]<\/p>\n<\/div>","protected":false},"excerpt":{"rendered":"<p>[vc_section][vc_row full_width=&#8221;stretch_row_content&#8221;][vc_column][vc_column_text]Enrere[\/vc_column_text][\/vc_column][\/vc_row][vc_row full_width=&#8221;stretch_row_content&#8221; css=&#8221;.vc_custom_1589961005492{margin-top: -15px !important;}&#8221;][vc_column width=&#8221;1\/3&#8243;][\/vc_column][vc_column width=&#8221;2\/3&#8243;][vc_column_text]Daniele Lago, \u00e9s l&#8217;actual directiu executiu i el cap de disseny de la firma italiana Lago S.P.A. La inclusi\u00f3 de Daniele a l&#8217;empresa familiar no t\u00e9 lloc fins la d\u00e8cada del 2000, quan passa a formar part de l&#8217;equip executiu i comen\u00e7a a realitzar els seus primers projectes [&hellip;]<\/p>\n","protected":false},"author":1,"featured_media":0,"parent":0,"menu_order":0,"comment_status":"closed","ping_status":"closed","template":"","meta":{"footnotes":""},"class_list":["post-47606","page","type-page","status-publish","hentry"],"aioseo_notices":[],"_links":{"self":[{"href":"https:\/\/www.mirsa.es\/ca\/wp-json\/wp\/v2\/pages\/47606","targetHints":{"allow":["GET"]}}],"collection":[{"href":"https:\/\/www.mirsa.es\/ca\/wp-json\/wp\/v2\/pages"}],"about":[{"href":"https:\/\/www.mirsa.es\/ca\/wp-json\/wp\/v2\/types\/page"}],"author":[{"embeddable":true,"href":"https:\/\/www.mirsa.es\/ca\/wp-json\/wp\/v2\/users\/1"}],"replies":[{"embeddable":true,"href":"https:\/\/www.mirsa.es\/ca\/wp-json\/wp\/v2\/comments?post=47606"}],"version-history":[{"count":0,"href":"https:\/\/www.mirsa.es\/ca\/wp-json\/wp\/v2\/pages\/47606\/revisions"}],"wp:attachment":[{"href":"https:\/\/www.mirsa.es\/ca\/wp-json\/wp\/v2\/media?parent=47606"}],"curies":[{"name":"wp","href":"https:\/\/api.w.org\/{rel}","templated":true}]}}