{"id":47601,"date":"2018-06-19T18:56:08","date_gmt":"2018-06-19T16:56:08","guid":{"rendered":"http:\/\/www.mirsa.es.mialias.net\/danese-milano-iluminacion\/"},"modified":"2024-05-15T15:08:52","modified_gmt":"2024-05-15T15:08:52","slug":"danese-milano-iluminacion","status":"publish","type":"page","link":"https:\/\/www.mirsa.es\/ca\/danese-milano-iluminacion\/","title":{"rendered":"Danese Milano Il\u00b7luminaci\u00f3"},"content":{"rendered":"<div class=\"wpb-content-wrapper\"><p>[vc_row css=&#8221;.vc_custom_1583596731269{margin-left: -50px !important;}&#8221;][vc_column][vc_column_text]<a href=\"javascript:history.go(-1)\" onmouseover=\"self.status=document.referrer;return true\" style=\"color: black;\">Enrere<\/a>[\/vc_column_text][\/vc_column][\/vc_row][vc_row][vc_column][vc_column_text]<br \/>\n<img decoding=\"async\" class=\"wp-image-1077 size-large aligncenter\" title=\"Danese Milano Il\u00b7luminaci\u00f3\" src=\"\/wp-content\/uploads\/2020\/06\/danese_milano_iluminacion.jpg\" alt=\"Danese Milano Il\u00b7luminaci\u00f3\" width=\"100%\" height=\"400\"\/><\/p>\n<h2 style=\"font-size: 16px; text-align: left;\"><strong>Danese Milano \u00e9s una reconeguda firma de disseny fundada a Mil\u00e0 l\u2019any 1957 per Danese i Jacqueline. Des dels seus inicis la marca va destacar per la seva sensibilitat per l\u2019art, la fotografia i els gr\u00e0fics.<\/strong><\/h2>\n<p style=\"font-size: 16px; text-align: left;\">R\u00e0pidament Danese Milano es va convertir en una refer\u00e8ncia en el disseny d\u2019objectes i mobiliari per a la llar, oficina i incl\u00fas instal\u00b7lacions p\u00fabliques. Alguns dels dissenyadors m\u00e9s prestigiosos de l\u2019\u00e8poca van col\u00b7laborar activament amb la marca, que en pocs anys es va guanyar el respecte i l\u2019admiraci\u00f3 del m\u00f3n del disseny.<\/p>\n<p style=\"font-size: 16px; text-align: left;\">Des dels seus inicis el principal punt fort de la firma ha estat la seva capacitat per innovar i reinventar-se constantment, consolidant-se com una de les marques de refer\u00e8ncia en il\u00b7luminaci\u00f3 i decoraci\u00f3.<\/p>\n<p style=\"font-size: 16px; text-align: left;\">A MIRSA interiorisme &#038; mobiliari som distribu\u00efdors oficials Danese Milano. Per a m\u00e9s informaci\u00f3 visiti el nostre Showroom o contacti amb nosaltres.<\/p>\n<p>[\/vc_column_text][\/vc_column][\/vc_row]<\/p>\n<\/div>","protected":false},"excerpt":{"rendered":"<p>[vc_row css=&#8221;.vc_custom_1583596731269{margin-left: -50px !important;}&#8221;][vc_column][vc_column_text]Enrere[\/vc_column_text][\/vc_column][\/vc_row][vc_row][vc_column][vc_column_text] Danese Milano \u00e9s una reconeguda firma de disseny fundada a Mil\u00e0 l\u2019any 1957 per Danese i Jacqueline. Des dels seus inicis la marca va destacar per la seva sensibilitat per l\u2019art, la fotografia i els gr\u00e0fics. R\u00e0pidament Danese Milano es va convertir en una refer\u00e8ncia en el disseny d\u2019objectes i mobiliari [&hellip;]<\/p>\n","protected":false},"author":1,"featured_media":0,"parent":0,"menu_order":0,"comment_status":"closed","ping_status":"closed","template":"","meta":{"footnotes":""},"class_list":["post-47601","page","type-page","status-publish","hentry"],"aioseo_notices":[],"_links":{"self":[{"href":"https:\/\/www.mirsa.es\/ca\/wp-json\/wp\/v2\/pages\/47601","targetHints":{"allow":["GET"]}}],"collection":[{"href":"https:\/\/www.mirsa.es\/ca\/wp-json\/wp\/v2\/pages"}],"about":[{"href":"https:\/\/www.mirsa.es\/ca\/wp-json\/wp\/v2\/types\/page"}],"author":[{"embeddable":true,"href":"https:\/\/www.mirsa.es\/ca\/wp-json\/wp\/v2\/users\/1"}],"replies":[{"embeddable":true,"href":"https:\/\/www.mirsa.es\/ca\/wp-json\/wp\/v2\/comments?post=47601"}],"version-history":[{"count":0,"href":"https:\/\/www.mirsa.es\/ca\/wp-json\/wp\/v2\/pages\/47601\/revisions"}],"wp:attachment":[{"href":"https:\/\/www.mirsa.es\/ca\/wp-json\/wp\/v2\/media?parent=47601"}],"curies":[{"name":"wp","href":"https:\/\/api.w.org\/{rel}","templated":true}]}}