{"id":47583,"date":"2019-05-24T10:01:16","date_gmt":"2019-05-24T08:01:16","guid":{"rendered":"http:\/\/www.mirsa.es.mialias.net\/dafto-porada\/"},"modified":"2020-12-10T16:57:02","modified_gmt":"2020-12-10T16:57:02","slug":"dafto-porada","status":"publish","type":"page","link":"https:\/\/www.mirsa.es\/ca\/dafto-porada\/","title":{"rendered":"Dafto Porada"},"content":{"rendered":"<div class=\"wpb-content-wrapper\"><p>[vc_row][vc_column][vc_column_text]<\/p>\n<h5><img decoding=\"async\" class=\"wp-image-1077 size-large aligncenter\" title=\"Dafto Porada\" src=\"\/wp-content\/uploads\/2020\/08\/dafto_porada.jpg\" alt=\"Dafto Porada\" width=\"100%\" height=\"400\" \/><\/h5>\n<p style=\"font-size: 16px; text-align: left;\"><strong>Dafto \u00e9s un espectacular tocador en freixe mass\u00eds patentat pel prestigi\u00f3s dissenyador Staffan Tollgard per a la prestigiosa firma italiana Porada.<\/strong><\/p>\n<p style=\"font-size: 16px; text-align: left;\">Es tracta d\u2019una pe\u00e7a elegant i exclusiva, d\u2019estil contemporani que es caracteritza per la seva estructura met\u00e0l\u00b7lica amb acabat en bronze. La part superior es presenta en cuir Cuoietto i cont\u00e9 dos funcionals calaixos que permeten emmagatzemar tota classe d\u2019objectes i accessoris.<\/p>\n<p style=\"font-size: 16px; text-align: left;\">Els calaixos incorporen un innovador sistema push-pull que facilita l\u2019obertura i permet la gesti\u00f3 de cables. A m\u00e9s, la pe\u00e7a incorpora un funcional mirall giratori a joc amb l\u2019estructura.<\/p>\n<p style=\"font-size: 16px; text-align: left;\">A MIRSA interiorisme &#038; mobiliari som distribu\u00efdors oficials Porada. Per a m\u00e9s informaci\u00f3, visiti el nostre Showroom o contacti amb nosaltres.\n<\/p>\n<p>[\/vc_column_text][vc_row_inner][vc_column_inner]<style type=\"text\/css\">#bklyn_btn_69d29f1f7a586 .bklyn-btn { color:#ffffff !important; background-color:black !important; }<\/style><div id=\"bklyn_btn_69d29f1f7a586\" class=\"bklyn-btn-holder  bklyn-btn-center bklyn-btn-tablet-center bklyn-btn-mobile-center\"><a title=\"Contacto\"   href=\"\/contacto\" target=\"_self\" class=\"bklyn-btn  bklyn-btn-icon-left bklyn-btn-normal\" ><i class=\"fa fa-envelope\"><\/i><span class=\"ut-btn-text\">M\u00e9s informaci\u00f3<\/span><\/a><\/div>[\/vc_column_inner][\/vc_row_inner][\/vc_column][\/vc_row]<\/p>\n<\/div>","protected":false},"excerpt":{"rendered":"<p>[vc_row][vc_column][vc_column_text] Dafto \u00e9s un espectacular tocador en freixe mass\u00eds patentat pel prestigi\u00f3s dissenyador Staffan Tollgard per a la prestigiosa firma italiana Porada. Es tracta d\u2019una pe\u00e7a elegant i exclusiva, d\u2019estil contemporani que es caracteritza per la seva estructura met\u00e0l\u00b7lica amb acabat en bronze. La part superior es presenta en cuir Cuoietto i cont\u00e9 dos funcionals [&hellip;]<\/p>\n","protected":false},"author":1,"featured_media":0,"parent":0,"menu_order":0,"comment_status":"closed","ping_status":"closed","template":"","meta":{"footnotes":""},"class_list":["post-47583","page","type-page","status-publish","hentry"],"aioseo_notices":[],"_links":{"self":[{"href":"https:\/\/www.mirsa.es\/ca\/wp-json\/wp\/v2\/pages\/47583","targetHints":{"allow":["GET"]}}],"collection":[{"href":"https:\/\/www.mirsa.es\/ca\/wp-json\/wp\/v2\/pages"}],"about":[{"href":"https:\/\/www.mirsa.es\/ca\/wp-json\/wp\/v2\/types\/page"}],"author":[{"embeddable":true,"href":"https:\/\/www.mirsa.es\/ca\/wp-json\/wp\/v2\/users\/1"}],"replies":[{"embeddable":true,"href":"https:\/\/www.mirsa.es\/ca\/wp-json\/wp\/v2\/comments?post=47583"}],"version-history":[{"count":0,"href":"https:\/\/www.mirsa.es\/ca\/wp-json\/wp\/v2\/pages\/47583\/revisions"}],"wp:attachment":[{"href":"https:\/\/www.mirsa.es\/ca\/wp-json\/wp\/v2\/media?parent=47583"}],"curies":[{"name":"wp","href":"https:\/\/api.w.org\/{rel}","templated":true}]}}