{"id":47577,"date":"2019-01-30T12:34:56","date_gmt":"2019-01-30T11:34:56","guid":{"rendered":"http:\/\/www.mirsa.es.mialias.net\/dada-cocinas\/"},"modified":"2020-12-10T16:27:04","modified_gmt":"2020-12-10T16:27:04","slug":"dada-cocinas","status":"publish","type":"page","link":"https:\/\/www.mirsa.es\/ca\/dada-cocinas\/","title":{"rendered":"Dada Cuines"},"content":{"rendered":"<div class=\"wpb-content-wrapper\"><p>[vc_row css=&#8221;.vc_custom_1583596731269{margin-left: -50px !important;}&#8221;][vc_column][vc_column_text]<a href=\"javascript:history.go(-1)\" onmouseover=\"self.status=document.referrer;return true\" style=\"color: black;\">Atr\u00e1s<\/a>[\/vc_column_text][\/vc_column][\/vc_row][vc_row][vc_column][vc_column_text]<\/p>\n<h5><img decoding=\"async\" class=\"wp-image-1077 size-large aligncenter\" title=\"Dada Cuines\" src=\"\/wp-content\/uploads\/2020\/12\/dada_cocina_portada.jpg\" alt=\"Dada Cuines\" width=\"100%\" height=\"400\" \/><\/h5>\n<p style=\"font-size: 16px; text-align: left;\"><strong>Dada \u00e9s una reconeguda firma italiana de cuines modulars de disseny contemporani que s&#8217;adapten amb facilitat a qualsevol tipus d&#8217;espai.<\/strong><\/p>\n<p style=\"font-size: 16px; text-align: left;\">La firma italiana de refer\u00e8ncia per a cuines d&#8217;alta gamma, dissenyades per veritables experts com Dante Bonuccelli o Vincent Van Duysen, especialitzats en el disseny de cuines elegants i funcionals.<\/p>\n<p style=\"font-size: 16px; text-align: left;\">Trim \u00e9s una de les col\u00b7leccions de refer\u00e8ncia de Dada, una espectacular cuina que destaca per la seva adaptabilitat i que incorpora calaixos ajustats, col\u00b7locats entre els prestatges i la superf\u00edcie per a cuinar, als que s&#8217;accedeix mitjan\u00e7ant un vidre lliscant ocult. La col\u00b7lecci\u00f3 va ser guardonada al 2008 amb el Good Design Award, un dels reconeixements m\u00e9s importants dins el m\u00f3n del disseny i l&#8217;interiorisme.<\/p>\n<p style=\"font-size: 16px; text-align: left;\">Tivali \u00e9s una altra de les col\u00b7leccions m\u00e9s ic\u00f2niques de Dada, que \u00e9s caracteritza pel seu avan\u00e7at mecanismo que permet fer apar\u00e8ixer i desapar\u00e8ixer l&#8217;estructura modular com per art de m\u00e0gia, optimitzant al m\u00e0xim l&#8217;espai.<\/p>\n<p style=\"font-size: 16px; text-align: left;\">Vincent Van Duysen presenta amb WD una cuina modular disponible en illa o pen\u00ednsula que juga amb el contrast de gruixos entre els costas i l&#8217;encimera. Una cuina sense tiradors, amb leds integrats, i amb un innovador sistema que permet que les portes s&#8217;obrin 180\u00ba.<\/p>\n<p style=\"font-size: 16px; text-align: left;\">A MIRSA interiorisme &#038; mobiliari som distribu\u00efdors oficials Dada. Per a m\u00e9s informaci\u00f3 visiti el nostre Showroom o contacti amb nosaltres.<\/p>\n<p>[\/vc_column_text][vc_row_inner][vc_column_inner width=&#8221;1\/3&#8243;]<style type=\"text\/css\">#bklyn_btn_69d1784b4be7a .bklyn-btn { color:#ffffff !important; background-color:black !important; }<\/style><div id=\"bklyn_btn_69d1784b4be7a\" class=\"bklyn-btn-holder  bklyn-btn-center bklyn-btn-tablet-center bklyn-btn-mobile-center\"><a title=\"Cocinas Dada\"   href=\"\/catalogo-productos\/?shrPrm=es\/8201494\/products\/2\/3210005\/3100878\/1\" target=\"_self\" class=\"bklyn-btn  bklyn-btn-icon-left bklyn-btn-normal\" ><i class=\"BklynIcons-Search\"><\/i><span class=\"ut-btn-text\">Productes<\/span><\/a><\/div>[\/vc_column_inner][vc_column_inner width=&#8221;1\/3&#8243;]<style type=\"text\/css\">#bklyn_btn_69d1784b4bedd .bklyn-btn { color:#ffffff !important; background-color:black !important; }<\/style><div id=\"bklyn_btn_69d1784b4bedd\" class=\"bklyn-btn-holder  bklyn-btn-center bklyn-btn-tablet-center bklyn-btn-mobile-center\"><a title=\"Cat\u00e1logos Dada\"   href=\"\/catalogo-productos\/?shrPrm=es\/8201494\/pdf\/3100878\" target=\"_self\" class=\"bklyn-btn  bklyn-btn-icon-left bklyn-btn-normal\" ><i class=\"BklynIcons-Download\"><\/i><span class=\"ut-btn-text\">Cat\u00e0legs<\/span><\/a><\/div>[\/vc_column_inner][vc_column_inner width=&#8221;1\/3&#8243;]<style type=\"text\/css\">#bklyn_btn_69d1784b4bf32 .bklyn-btn { color:#ffffff !important; background-color:black !important; }<\/style><div id=\"bklyn_btn_69d1784b4bf32\" class=\"bklyn-btn-holder  bklyn-btn-center bklyn-btn-tablet-center bklyn-btn-mobile-center\"><a title=\"Contacto\"   href=\"\/contacto\" target=\"_self\" class=\"bklyn-btn  bklyn-btn-icon-left bklyn-btn-normal\" ><i class=\"fa fa-envelope\"><\/i><span class=\"ut-btn-text\">M\u00e9s informaci\u00f3<\/span><\/a><\/div>[\/vc_column_inner][\/vc_row_inner][\/vc_column][\/vc_row][vc_section][vc_row full_width=&#8221;stretch_row_content&#8221;][vc_column][vc_column_text]<iframe id=\"shrFrm\" style=\"width: 100%; margin: 0; border: none; overflow: hidden;\"><\/iframe><br \/>\n<script src=\"https:\/\/vsr.architonic.com\/assets\/js\/shared\/jquery.responsiveiframe.js\"><\/script><br \/>\n<script type='text\/javascript'>jQuery(document).ready(function(){ var regex=new RegExp('[?&]shrPrm=([^&#]*)'); var res=regex.exec(window.location.href); var shrPrm=(res!=null?decodeURIComponent(res[1]):''); if(''!=shrPrm) document.getElementById('shrFrm').src='https:\/\/vsr.architonic.com\/'+shrPrm; else document.getElementById('shrFrm').src='https:\/\/vsr.architonic.com\/es\/8201494\/families\/3100878\/1'; });(function(e){e(function(){e('#shrFrm').responsiveIframe()})})(jQuery);<\/script>[\/vc_column_text][\/vc_column][\/vc_row][\/vc_section]<\/p>\n<\/div>","protected":false},"excerpt":{"rendered":"<p>[vc_row css=&#8221;.vc_custom_1583596731269{margin-left: -50px !important;}&#8221;][vc_column][vc_column_text]Atr\u00e1s[\/vc_column_text][\/vc_column][\/vc_row][vc_row][vc_column][vc_column_text] Dada \u00e9s una reconeguda firma italiana de cuines modulars de disseny contemporani que s&#8217;adapten amb facilitat a qualsevol tipus d&#8217;espai. La firma italiana de refer\u00e8ncia per a cuines d&#8217;alta gamma, dissenyades per veritables experts com Dante Bonuccelli o Vincent Van Duysen, especialitzats en el disseny de cuines elegants i funcionals. Trim [&hellip;]<\/p>\n","protected":false},"author":1,"featured_media":0,"parent":0,"menu_order":0,"comment_status":"closed","ping_status":"closed","template":"","meta":{"footnotes":""},"class_list":["post-47577","page","type-page","status-publish","hentry"],"aioseo_notices":[],"_links":{"self":[{"href":"https:\/\/www.mirsa.es\/ca\/wp-json\/wp\/v2\/pages\/47577","targetHints":{"allow":["GET"]}}],"collection":[{"href":"https:\/\/www.mirsa.es\/ca\/wp-json\/wp\/v2\/pages"}],"about":[{"href":"https:\/\/www.mirsa.es\/ca\/wp-json\/wp\/v2\/types\/page"}],"author":[{"embeddable":true,"href":"https:\/\/www.mirsa.es\/ca\/wp-json\/wp\/v2\/users\/1"}],"replies":[{"embeddable":true,"href":"https:\/\/www.mirsa.es\/ca\/wp-json\/wp\/v2\/comments?post=47577"}],"version-history":[{"count":0,"href":"https:\/\/www.mirsa.es\/ca\/wp-json\/wp\/v2\/pages\/47577\/revisions"}],"wp:attachment":[{"href":"https:\/\/www.mirsa.es\/ca\/wp-json\/wp\/v2\/media?parent=47577"}],"curies":[{"name":"wp","href":"https:\/\/api.w.org\/{rel}","templated":true}]}}