{"id":47539,"date":"2018-05-31T11:46:48","date_gmt":"2018-05-31T09:46:48","guid":{"rendered":"http:\/\/www.mirsa.es.mialias.net\/creation-baumann-colecciones\/"},"modified":"2024-05-15T14:54:02","modified_gmt":"2024-05-15T14:54:02","slug":"creation-baumann-colecciones","status":"publish","type":"page","link":"https:\/\/www.mirsa.es\/ca\/creation-baumann-colecciones\/","title":{"rendered":"Creation Baumann Col\u00b7leccions"},"content":{"rendered":"<div class=\"wpb-content-wrapper\"><p>[vc_row css=&#8221;.vc_custom_1583596731269{margin-left: -50px !important;}&#8221;][vc_column][vc_column_text]<a href=\"javascript:history.go(-1)\" onmouseover=\"self.status=document.referrer;return true\" style=\"color: black;\">Enrere<\/a>[\/vc_column_text][\/vc_column][\/vc_row][vc_row][vc_column][vc_column_text]<br \/>\n<img decoding=\"async\" class=\"wp-image-1077 size-large aligncenter\" title=\"Creation Baumann Col\u00b7leccions\" src=\"\/wp-content\/uploads\/2020\/06\/creation_baumann_colecciones.jpg\" alt=\"Creation Baumann Col\u00b7leccions\" width=\"100%\" height=\"400\"\/><\/p>\n<h2 style=\"font-size: 16px; text-align: left;\"><strong>Cr\u00e9ation Bauman \u00e9s una prestigiosa firma dedicada a la fabricaci\u00f3 i disseny de t\u00e8xtils i panells d\u2019alta qualitat per a interiors.<br \/>\n<\/strong><\/h2>\n<p style=\"font-size: 16px; text-align: left;\">La seva \u00e0mplia oferta de productes es compon de Cortines, separadors, sistemes de control llumin\u00f3s i panells a\u00efllants ac\u00fastics. Tots els productes de la firma estan disponibles en una gran varietat de colors i acabats, oferint aix\u00ed m\u00faltiples opcions de configuraci\u00f3 i garantint sempre la millor soluci\u00f3.<\/p>\n<p style=\"font-size: 16px; text-align: left;\">A MIRSA interiorisme &#038; mobiliari som distribu\u00efdors oficials Cr\u00e9ation Baumann. Per a m\u00e9s informaci\u00f3, visiti la nostra exposici\u00f3 o contacti amb nosaltres.<\/p>\n<p>[\/vc_column_text][\/vc_column][\/vc_row]<\/p>\n<\/div>","protected":false},"excerpt":{"rendered":"<p>[vc_row css=&#8221;.vc_custom_1583596731269{margin-left: -50px !important;}&#8221;][vc_column][vc_column_text]Enrere[\/vc_column_text][\/vc_column][\/vc_row][vc_row][vc_column][vc_column_text] Cr\u00e9ation Bauman \u00e9s una prestigiosa firma dedicada a la fabricaci\u00f3 i disseny de t\u00e8xtils i panells d\u2019alta qualitat per a interiors. La seva \u00e0mplia oferta de productes es compon de Cortines, separadors, sistemes de control llumin\u00f3s i panells a\u00efllants ac\u00fastics. Tots els productes de la firma estan disponibles en una gran [&hellip;]<\/p>\n","protected":false},"author":1,"featured_media":0,"parent":0,"menu_order":0,"comment_status":"closed","ping_status":"closed","template":"","meta":{"footnotes":""},"class_list":["post-47539","page","type-page","status-publish","hentry"],"aioseo_notices":[],"_links":{"self":[{"href":"https:\/\/www.mirsa.es\/ca\/wp-json\/wp\/v2\/pages\/47539","targetHints":{"allow":["GET"]}}],"collection":[{"href":"https:\/\/www.mirsa.es\/ca\/wp-json\/wp\/v2\/pages"}],"about":[{"href":"https:\/\/www.mirsa.es\/ca\/wp-json\/wp\/v2\/types\/page"}],"author":[{"embeddable":true,"href":"https:\/\/www.mirsa.es\/ca\/wp-json\/wp\/v2\/users\/1"}],"replies":[{"embeddable":true,"href":"https:\/\/www.mirsa.es\/ca\/wp-json\/wp\/v2\/comments?post=47539"}],"version-history":[{"count":0,"href":"https:\/\/www.mirsa.es\/ca\/wp-json\/wp\/v2\/pages\/47539\/revisions"}],"wp:attachment":[{"href":"https:\/\/www.mirsa.es\/ca\/wp-json\/wp\/v2\/media?parent=47539"}],"curies":[{"name":"wp","href":"https:\/\/api.w.org\/{rel}","templated":true}]}}