{"id":47525,"date":"2018-05-31T10:43:16","date_gmt":"2018-05-31T08:43:16","guid":{"rendered":"http:\/\/www.mirsa.es.mialias.net\/cosmic-banos-diseno\/"},"modified":"2024-05-15T14:37:05","modified_gmt":"2024-05-15T14:37:05","slug":"cosmic-banos-diseno","status":"publish","type":"page","link":"https:\/\/www.mirsa.es\/ca\/cosmic-banos-diseno\/","title":{"rendered":"Cosmic banys disseny"},"content":{"rendered":"<div class=\"wpb-content-wrapper\"><p>[vc_row css=&#8221;.vc_custom_1583596731269{margin-left: -50px !important;}&#8221;][vc_column][vc_column_text]<a style=\"color:black;\" href=\"javascript:history.go(-1)\" onmouseover=\"self.status=document.referrer;return true\">Enrere<\/a>[\/vc_column_text][\/vc_column][\/vc_row][vc_row][vc_column][vc_column_text]<br \/>\n<img decoding=\"async\" class=\"wp-image-1077 size-large aligncenter\" title=\"Cosmic\" src=\"\/wp-content\/uploads\/2020\/06\/cosmic_ba\u00f1os_dise\u00f1o.jpg\" alt=\"Colico Muebles\" width=\"100%\" height=\"400\" \/><\/p>\n<h2 style=\"font-size: 16px; text-align: left;\"><strong>Cosmic es una reconocida firma dedicada a la fabricaci\u00f3n y distribuci\u00f3n de sanitarios y todo tipo de art\u00edculos de ba\u00f1o.<\/strong><\/p>\n<p style=\"font-size: 16px; text-align: left;\">Fundada al 1985, la marca s\u2019ha convertit en un referent del sector, gr\u00e0cies a les seves col\u00b7leccions basades en un disseny contemporani i innovador que marquen la difer\u00e8ncia.<\/p>\n<p style=\"font-size: 16px; text-align: left;\">L\u2019associa\u00f3 estrat\u00e8gica amb el grup Roca, l\u2019ha portat a convertir-se en l\u00edder europeu de la fabricaci\u00f3 i distribuci\u00f3 de banys de disseny. A MIRSA interiorisme &#038; mobiliari som distribu\u00efdors oficials Cosmic. Per a m\u00e9s informaci\u00f3, visiti el nostre Showroom o contacti amb nosaltres.<\/p>\n<p style=\"font-size: 16px; text-align: left;\">A MIRSA interiorisme &#038; mobiliari som distribu\u00efdors oficials Cosmic. Per a m\u00e9s informaci\u00f3, visiti el nostre Showroom o contacti amb nosaltres.<\/p>\n<p>[\/vc_column_text][\/vc_column][\/vc_row][vc_section][vc_row full_width=&#8221;stretch_row_content_no_spaces&#8221;][vc_column][vc_column_text]<iframe id=\"embedded-ads-iframe-website\" width=\"100%\" height=\"600\" data-originsrc=\"https:\/\/mirsa.daloom.com\/es\/productos\/bano\/brand_cosmic\"><\/iframe><br \/>\n<script defer src=\"https:\/\/mirsa.daloom.com\/js\/parent-embedded-script.min.js\"><\/script>[\/vc_column_text][\/vc_column][\/vc_row][\/vc_section]<\/p>\n<\/div>","protected":false},"excerpt":{"rendered":"<p>[vc_row css=&#8221;.vc_custom_1583596731269{margin-left: -50px !important;}&#8221;][vc_column][vc_column_text]Enrere[\/vc_column_text][\/vc_column][\/vc_row][vc_row][vc_column][vc_column_text] Cosmic es una reconocida firma dedicada a la fabricaci\u00f3n y distribuci\u00f3n de sanitarios y todo tipo de art\u00edculos de ba\u00f1o. Fundada al 1985, la marca s\u2019ha convertit en un referent del sector, gr\u00e0cies a les seves col\u00b7leccions basades en un disseny contemporani i innovador que marquen la difer\u00e8ncia. L\u2019associa\u00f3 estrat\u00e8gica amb [&hellip;]<\/p>\n","protected":false},"author":1,"featured_media":0,"parent":0,"menu_order":0,"comment_status":"closed","ping_status":"closed","template":"","meta":{"footnotes":""},"class_list":["post-47525","page","type-page","status-publish","hentry"],"aioseo_notices":[],"_links":{"self":[{"href":"https:\/\/www.mirsa.es\/ca\/wp-json\/wp\/v2\/pages\/47525","targetHints":{"allow":["GET"]}}],"collection":[{"href":"https:\/\/www.mirsa.es\/ca\/wp-json\/wp\/v2\/pages"}],"about":[{"href":"https:\/\/www.mirsa.es\/ca\/wp-json\/wp\/v2\/types\/page"}],"author":[{"embeddable":true,"href":"https:\/\/www.mirsa.es\/ca\/wp-json\/wp\/v2\/users\/1"}],"replies":[{"embeddable":true,"href":"https:\/\/www.mirsa.es\/ca\/wp-json\/wp\/v2\/comments?post=47525"}],"version-history":[{"count":0,"href":"https:\/\/www.mirsa.es\/ca\/wp-json\/wp\/v2\/pages\/47525\/revisions"}],"wp:attachment":[{"href":"https:\/\/www.mirsa.es\/ca\/wp-json\/wp\/v2\/media?parent=47525"}],"curies":[{"name":"wp","href":"https:\/\/api.w.org\/{rel}","templated":true}]}}