{"id":47511,"date":"2020-07-21T10:20:21","date_gmt":"2020-07-21T10:20:21","guid":{"rendered":"http:\/\/www.mirsa.es.mialias.net\/cornice-riva-1920\/"},"modified":"2020-12-10T10:35:48","modified_gmt":"2020-12-10T10:35:48","slug":"cornice-riva-1920","status":"publish","type":"page","link":"https:\/\/www.mirsa.es\/ca\/cornice-riva-1920\/","title":{"rendered":"Cornice Riva 1920"},"content":{"rendered":"<div class=\"wpb-content-wrapper\"><p>[vc_row][vc_column][vc_column_text]<\/p>\n<h5><img decoding=\"async\" class=\"wp-image-1077 size-large aligncenter\" title=\"Cornice Riva 1920\" src=\"\/wp-content\/uploads\/2020\/07\/mesa_cornice_riva_1920.jpg\" alt=\"Cornice Riva 1920\" width=\"100%\" height=\"400\" \/><\/h5>\n<p style=\"font-size: 16px; text-align: left;\"><strong>Cornice de la prestigiosa firma italiana Riva 1920 \u00e9s una espectacular taula de disseny contemporani patentada pel reconegut dissenyador Luca Scacchetti.<\/strong><\/p>\n<p style=\"font-size: 16px; text-align: left;\">Es tracta d\u2019una pe\u00e7a elegant i exclusiva, que es caracteritza per la seva geometria elemental de marcs i panells provinents de Ven\u00e8cia, que determinen el projecte en el seu conjunt.<\/p>\n<p style=\"font-size: 16px; text-align: left;\">La base de Cornice es basa en una estructura met\u00e0l\u00b7lica que constitueix un sistema amb un eix llarg i est\u00e0tic i allotja un panel volad\u00eds en disposici\u00f3 horitzontal.<\/p>\n<p style=\"font-size: 16px; text-align: left;\">Una pe\u00e7a que transmet a la perfecci\u00f3 les m\u00faltiples facetes de Ven\u00e8cia, on la naturalesa contrasta amb el car\u00e0cter brillant i artesanal de l\u2019acci\u00f3 humana.<\/p>\n<p style=\"font-size: 16px; text-align: left;\">A MIRSA interiorisme &#038; mobiliari som distribu\u00efdors oficials Riva 1920. Per a m\u00e9s informaci\u00f3, visiti el nostre Showroom o contacti amb nosaltres.\n<\/p>\n<p>[\/vc_column_text][vc_row_inner][vc_column_inner]<style type=\"text\/css\">#bklyn_btn_69d25dfa754dd .bklyn-btn { color:#ffffff !important; background-color:black !important; }<\/style><div id=\"bklyn_btn_69d25dfa754dd\" class=\"bklyn-btn-holder  bklyn-btn-center bklyn-btn-tablet-center bklyn-btn-mobile-center\"><a title=\"Contacto\"   href=\"\/contacto\" target=\"_self\" class=\"bklyn-btn  bklyn-btn-icon-left bklyn-btn-normal\" ><i class=\"fa fa-envelope\"><\/i><span class=\"ut-btn-text\">M\u00e9s informaci\u00f3<\/span><\/a><\/div>[\/vc_column_inner][\/vc_row_inner][\/vc_column][\/vc_row]<\/p>\n<\/div>","protected":false},"excerpt":{"rendered":"<p>[vc_row][vc_column][vc_column_text] Cornice de la prestigiosa firma italiana Riva 1920 \u00e9s una espectacular taula de disseny contemporani patentada pel reconegut dissenyador Luca Scacchetti. Es tracta d\u2019una pe\u00e7a elegant i exclusiva, que es caracteritza per la seva geometria elemental de marcs i panells provinents de Ven\u00e8cia, que determinen el projecte en el seu conjunt. La base de [&hellip;]<\/p>\n","protected":false},"author":1,"featured_media":0,"parent":0,"menu_order":0,"comment_status":"closed","ping_status":"closed","template":"","meta":{"footnotes":""},"class_list":["post-47511","page","type-page","status-publish","hentry"],"aioseo_notices":[],"_links":{"self":[{"href":"https:\/\/www.mirsa.es\/ca\/wp-json\/wp\/v2\/pages\/47511","targetHints":{"allow":["GET"]}}],"collection":[{"href":"https:\/\/www.mirsa.es\/ca\/wp-json\/wp\/v2\/pages"}],"about":[{"href":"https:\/\/www.mirsa.es\/ca\/wp-json\/wp\/v2\/types\/page"}],"author":[{"embeddable":true,"href":"https:\/\/www.mirsa.es\/ca\/wp-json\/wp\/v2\/users\/1"}],"replies":[{"embeddable":true,"href":"https:\/\/www.mirsa.es\/ca\/wp-json\/wp\/v2\/comments?post=47511"}],"version-history":[{"count":0,"href":"https:\/\/www.mirsa.es\/ca\/wp-json\/wp\/v2\/pages\/47511\/revisions"}],"wp:attachment":[{"href":"https:\/\/www.mirsa.es\/ca\/wp-json\/wp\/v2\/media?parent=47511"}],"curies":[{"name":"wp","href":"https:\/\/api.w.org\/{rel}","templated":true}]}}